{"id":5851,"date":"2023-09-07T12:32:53","date_gmt":"2023-09-07T13:24:00","guid":{"rendered":"https:\/\/good4book.com\/?post_type=product&#038;p=5851"},"modified":"2023-09-07T13:32:08","modified_gmt":"2023-09-07T13:32:08","slug":"writers-cards-standard-horror-diy","status":"publish","type":"product","link":"https:\/\/good4book.com\/nl\/sklep-online\/writers-cards-standard-horror-diy\/","title":{"rendered":"Writer&#8217;s Cards STANDARD &#8211; HORROR (DIY)"},"content":{"rendered":"<p>Writer\u2019s Cards Standard is een set kaarten voor schrijvers bestaande uit 55 kaarten. Elke kaart bevat tips voor nieuwe items. Het is een geweldige manier om motivatie te schrijven. Ze zijn ontworpen voor het plannen van romans met \u00e9\u00e9n volume, eenvoudige werelden en \u00e9\u00e9n hoofdpersonage.<\/p>\n<h2>Writer&#8217;s Cards Standard omvat:<\/h2>\n<ul>\n<li>20 waarde kaarten<\/li>\n<li>20 plot kaarten<\/li>\n<li>14 editie kaarten<\/li>\n<\/ul>\n\n\t\t<div class=\"icon-box featured-box icon-box-center text-center\"  >\n\t\t\t\t<div class=\"icon-box-text last-reset\">\n\t\t\t\t\t\t\t\t\t\n\t\t<\/div>\n\t<\/div>\n\t\n\t\n<p>Writer\u2019s Cards Standard is een goede keuze voor de eerste roman of het scenario. De kaarten zullen de aandacht vestigen op het bouwen van de wereld, de plot en het passende schema van de roman. Je hoeft geen onderwijs- of schrijfkennis te hebben, Writer&#8217;s Cards zijn beginnersvriendelijk.<\/p>\n\n\t\t<div class=\"icon-box featured-box icon-box-center text-center\"  >\n\t\t\t\t<div class=\"icon-box-text last-reset\">\n\t\t\t\t\t\t\t\t\t\n\t\t<\/div>\n\t<\/div>\n\t\n\t\n<p>Met kaarten voor schrijvers kunt u een boek plannen en gemakkelijk bewerken, heeft u gemakkelijk toegang tot notities en een nieuw plan. Het is een praktisch hulpmiddel voor schrijvers en scenarioschrijvers.<\/p>\n<p>&nbsp;<\/p>\n<p><img loading=\"lazy\" decoding=\"async\" class=\"size-medium wp-image-4842 aligncenter\" src=\"http:\/\/good4book.com\/wp-content\/uploads\/2020\/07\/MOODBOARD-king-1200-645x400.jpg\" alt=\"\" width=\"645\" height=\"400\" srcset=\"https:\/\/good4book.com\/wp-content\/uploads\/2020\/07\/MOODBOARD-king-1200-645x400.jpg 645w, https:\/\/good4book.com\/wp-content\/uploads\/2020\/07\/MOODBOARD-king-1200-768x476.jpg 768w, https:\/\/good4book.com\/wp-content\/uploads\/2020\/07\/MOODBOARD-king-1200-300x186.jpg 300w, https:\/\/good4book.com\/wp-content\/uploads\/2020\/07\/MOODBOARD-king-1200-600x372.jpg 600w, https:\/\/good4book.com\/wp-content\/uploads\/2020\/07\/MOODBOARD-king-1200.jpg 1200w\" sizes=\"auto, (max-width: 645px) 100vw, 645px\" \/><\/p>\n<p>Plan de plot en de wereld van de roman, in de vorm van een moodboard, waar je maar wilt! Verspreid Writer&#8217;s Cards op tafel, plak ze op de muur met plakband, gebruik plakbriefjes en plan je verhaal!<\/p>\n\n\t\t<div class=\"icon-box featured-box icon-box-center text-center\"  >\n\t\t\t\t<div class=\"icon-box-text last-reset\">\n\t\t\t\t\t\t\t\t\t\n\t\t<\/div>\n\t<\/div>\n\t\n\t\n<p>De doe-het-zelf-kit (DIY) is een elektronische versie die na aankoop automatisch kan worden gedownload. Bereid Writer&#8217;s Cards voor zonder te wachten op de fysieke versie! Het is heel simpel en net zo cool!<\/p>\n<p>Voor complexe en ambitieuzere romans raden we de <a href=\"http:\/\/good4book.com\/nl\/sklep-online\/writers-cards-premium-classic-diy-2\/\">Writer\u2019s Cards Premium-versie<\/a> aan.<\/p>\n<h2>Writer&#8217;s Cards voor de creatieve industrie<\/h2>\n<ul>\n<li>gebaseerd op tijdloze romans en bestsellers<\/li>\n<li>elektronische versie (DIY) voor zelfbedrukking automatisch beschikbaar na aankoop<\/li>\n<li>veel taal- en grafische <a href=\"http:\/\/good4book.com\/nl\/product-categorie\/elektronische-versie-writers-cards\/\">versies<\/a><\/li>\n<li>leer hoe je een roman schrijft, de personages beschrijft, de tijd van het evenement beheert, de plot en het concept van de roman plant, en wat de reis van de held is<\/li>\n<\/ul>\n<p>Met de set Writer&#8217;s Cards bouw je elk soort verhaal, van de eenvoudigste verhalen tot de meest complexe romans en scenario&#8217;s.<\/p>\n<h2>Romans die je schrijft met Writer&#8217;s Cards<\/h2>\n<ul>\n<li><a href=\"http:\/\/good4book.com\/nl\/hoe-een-fantasieroman-te-schrijven\/\">fantastische roman<\/a>,<\/li>\n<li><a href=\"http:\/\/good4book.com\/nl\/hoe-een-detectiveroman-te-schrijven\/\">detective<\/a>,<\/li>\n<li><a href=\"http:\/\/good4book.com\/nl\/hoe-een-liefdesroman-te-schrijven\/\">liefdesroman<\/a>,<\/li>\n<li><a href=\"http:\/\/good4book.com\/nl\/hoe-je-een-thriller-of-horrorfilm-schrijft\/\">thriller en horror<\/a>,<\/li>\n<li><a href=\"http:\/\/good4book.com\/nl\/een-script-schrijven-voor-een-game\/\">spelscript<\/a>,<\/li>\n<li><a href=\"http:\/\/good4book.com\/nl\/een-script-voor-een-film-schrijven\/\">scenario voor de film<\/a>,<\/li>\n<li>en vele anderen!<\/li>\n<\/ul>\n<h2 style=\"text-align: left;\">Geef Writer&#8217;s Cards aan een geliefde<\/h2>\n<p>Je kunt kaarten geven aan een geliefde. Neem contact met ons op via het <a href=\"http:\/\/good4book.com\/nl\/contact\/\">formulier<\/a>, vul uw naam, achternaam en e-mailadres in, dan maken wij een speciale cadeaubon!<\/p>\n<h2 style=\"text-align: left;\">Good4Book is een goede keuze<\/h2>\n<p><span style=\"color: #d83131;\"><strong>U bespaart tijd<\/strong><\/span> &#8211; vergeet zelf kaarten te maken. Je kiest zelf welke set goed voor je is.<\/p>\n<p><strong><span style=\"color: #d83131;\">U bespaart geld<\/span><\/strong> &#8211; de elektronische versie van Writer&#8217;s Cards is een budgetkit.<\/p>\n<p><span style=\"color: #d83131;\"><strong>Professionele kwaliteit<\/strong><\/span> &#8211; we hebben er alles aan gedaan om de set gemakkelijk zelf af te drukken.<\/p>\n<p><strong><span style=\"color: #d83131;\">Uitstekende motivatie<\/span><\/strong> &#8211; het voltooien van taken van kaarten is een geweldige motivatie om regelmatig een boek te schrijven.<\/p>\n<p><strong><span style=\"color: #d83131;\">Intu\u00eftieve website<\/span><\/strong> &#8211; u hoeft niets te installeren, u kunt kaarten downloaden naar uw computer of smartphone.<\/p>\n<p>Verlies uw ontwikkelingskansen niet en ontneem uzelf niet de kans om een \u200b\u200bgoede roman te schrijven. Kies een beproefd hulpmiddel voor schrijvers en download vandaag nog Writer&#8217;s Cards!<\/p>\n<h2>De Writer\u2019s Cards Kit bevat<\/h2>\n<ul>\n<li>Automatische toegang na aankoop<\/li>\n<li>PDF klaar om af te drukken<\/li>\n<li>Volledige toegang in de geselecteerde taal<\/li>\n<li>Btw-factuur voor ge\u00efnteresseerden<\/li>\n<li>Zie de <a href=\"http:\/\/good4book.com\/nl\/contact\/\">FAQ<\/a>voor meer informatie<\/li>\n<\/ul>\n<p><strong>Door te investeren in kaarten, investeer je in de kwaliteit van het boek! Gebruik Writer&#8217;s Cards om je beste roman te schrijven!<\/strong><\/p>\n<div class=\"video video-fit mb box-shadow-2\" style=\"padding-top:50%;\"><p><iframe loading=\"lazy\" title=\"Good4Book Writer&#039;s Cards Premium - HORROR Edition\" width=\"1020\" height=\"574\" src=\"https:\/\/www.youtube.com\/embed\/I1jEJYokI68?feature=oembed\" frameborder=\"0\" allow=\"accelerometer; autoplay; clipboard-write; encrypted-media; gyroscope; picture-in-picture; web-share\" allowfullscreen><\/iframe><\/p>\n<\/div>\n","protected":false},"excerpt":{"rendered":"<p>Na aankoop krijg je automatisch toegang tot <a href=\"http:\/\/good4book.com\/writers-cards\/\">Writer&#8217;s Cards<\/a>! Voeg de zelfafdrukversie toe aan de winkelwagen. Gebruik vandaag!<\/p>\n","protected":false},"featured_media":3273,"template":"","meta":[],"product_brand":[],"product_cat":[645,642],"product_tag":[827,816,837,834,822],"class_list":{"0":"post-5851","1":"product","2":"type-product","3":"status-publish","4":"has-post-thumbnail","6":"product_cat-elektronische-versie-writers-cards","7":"product_cat-writers-cards-standard-nl","8":"product_tag-do-it-yourself-nl","9":"product_tag-good4book-nl","10":"product_tag-hoe-een-boek-te-schrijven","11":"product_tag-verhaal","12":"product_tag-writers-cards-nl","14":"first","15":"instock","16":"taxable","17":"shipping-taxable","18":"purchasable","19":"product-type-variable","20":"has-default-attributes"},"yoast_head":"<!-- This site is optimized with the Yoast SEO plugin v26.7 - https:\/\/yoast.com\/wordpress\/plugins\/seo\/ -->\n<title>Writer&#039;s Cards | Tool voor schrijvers | Good4Book | Schrijf een boek<\/title>\n<meta name=\"description\" content=\"Writer&#039;s Cards schrijven uw verhaal. Een tool voor schrijvers. Leer hoe je een boek schrijft. Kaarten voor schrijvers. Verhaal. Good4Book. Schrijven.\" \/>\n<meta name=\"robots\" content=\"index, follow, max-snippet:-1, max-image-preview:large, max-video-preview:-1\" \/>\n<link rel=\"canonical\" href=\"https:\/\/good4book.com\/nl\/sklep-online\/writers-cards-standard-horror-diy\/\" \/>\n<meta property=\"og:locale\" content=\"nl_NL\" \/>\n<meta property=\"og:type\" content=\"article\" \/>\n<meta property=\"og:title\" content=\"Writer&#039;s Cards | Tool voor schrijvers | Good4Book | Schrijf een boek\" \/>\n<meta property=\"og:description\" content=\"Writer&#039;s Cards schrijven uw verhaal. Een tool voor schrijvers. Leer hoe je een boek schrijft. Kaarten voor schrijvers. Verhaal. Good4Book. Schrijven.\" \/>\n<meta property=\"og:url\" content=\"https:\/\/good4book.com\/nl\/sklep-online\/writers-cards-standard-horror-diy\/\" \/>\n<meta property=\"og:site_name\" content=\"Good4book\" \/>\n<meta property=\"article:publisher\" content=\"https:\/\/www.facebook.com\/good4book\/\" \/>\n<meta property=\"article:modified_time\" content=\"2023-09-07T13:32:08+00:00\" \/>\n<meta property=\"og:image\" content=\"https:\/\/good4book.com\/wp-content\/uploads\/2020\/07\/Box-podstawowy-Horror.jpg\" \/>\n\t<meta property=\"og:image:width\" content=\"1200\" \/>\n\t<meta property=\"og:image:height\" content=\"960\" \/>\n\t<meta property=\"og:image:type\" content=\"image\/jpeg\" \/>\n<meta name=\"twitter:card\" content=\"summary_large_image\" \/>\n<meta name=\"twitter:site\" content=\"@GOOD4BOOK\" \/>\n<meta name=\"twitter:label1\" content=\"Geschatte leestijd\" \/>\n\t<meta name=\"twitter:data1\" content=\"4 minuten\" \/>\n<script type=\"application\/ld+json\" class=\"yoast-schema-graph\">{\"@context\":\"https:\/\/schema.org\",\"@graph\":[{\"@type\":\"WebPage\",\"@id\":\"https:\/\/good4book.com\/nl\/sklep-online\/writers-cards-standard-horror-diy\/\",\"url\":\"https:\/\/good4book.com\/nl\/sklep-online\/writers-cards-standard-horror-diy\/\",\"name\":\"Writer's Cards | Tool voor schrijvers | Good4Book | Schrijf een boek\",\"isPartOf\":{\"@id\":\"http:\/\/good4book.com\/nl\/#website\"},\"primaryImageOfPage\":{\"@id\":\"https:\/\/good4book.com\/nl\/sklep-online\/writers-cards-standard-horror-diy\/#primaryimage\"},\"image\":{\"@id\":\"https:\/\/good4book.com\/nl\/sklep-online\/writers-cards-standard-horror-diy\/#primaryimage\"},\"thumbnailUrl\":\"https:\/\/good4book.com\/wp-content\/uploads\/2020\/07\/Box-podstawowy-Horror.jpg\",\"datePublished\":\"2023-09-07T13:24:00+00:00\",\"dateModified\":\"2023-09-07T13:32:08+00:00\",\"description\":\"Writer's Cards schrijven uw verhaal. Een tool voor schrijvers. Leer hoe je een boek schrijft. Kaarten voor schrijvers. Verhaal. Good4Book. Schrijven.\",\"breadcrumb\":{\"@id\":\"https:\/\/good4book.com\/nl\/sklep-online\/writers-cards-standard-horror-diy\/#breadcrumb\"},\"inLanguage\":\"nl-NL\",\"potentialAction\":[{\"@type\":\"ReadAction\",\"target\":[\"https:\/\/good4book.com\/nl\/sklep-online\/writers-cards-standard-horror-diy\/\"]}]},{\"@type\":\"ImageObject\",\"inLanguage\":\"nl-NL\",\"@id\":\"https:\/\/good4book.com\/nl\/sklep-online\/writers-cards-standard-horror-diy\/#primaryimage\",\"url\":\"https:\/\/good4book.com\/wp-content\/uploads\/2020\/07\/Box-podstawowy-Horror.jpg\",\"contentUrl\":\"https:\/\/good4book.com\/wp-content\/uploads\/2020\/07\/Box-podstawowy-Horror.jpg\",\"width\":1200,\"height\":960},{\"@type\":\"BreadcrumbList\",\"@id\":\"https:\/\/good4book.com\/nl\/sklep-online\/writers-cards-standard-horror-diy\/#breadcrumb\",\"itemListElement\":[{\"@type\":\"ListItem\",\"position\":1,\"name\":\"Home\",\"item\":\"http:\/\/good4book.com\/nl\/\"},{\"@type\":\"ListItem\",\"position\":2,\"name\":\"winkel\",\"item\":\"http:\/\/good4book.com\/nl\/online-winkel\/\"},{\"@type\":\"ListItem\",\"position\":3,\"name\":\"Writer&#8217;s Cards STANDARD &#8211; HORROR (DIY)\"}]},{\"@type\":\"WebSite\",\"@id\":\"http:\/\/good4book.com\/nl\/#website\",\"url\":\"http:\/\/good4book.com\/nl\/\",\"name\":\"Good4book\",\"description\":\"Best tools for writers\",\"publisher\":{\"@id\":\"http:\/\/good4book.com\/nl\/#organization\"},\"potentialAction\":[{\"@type\":\"SearchAction\",\"target\":{\"@type\":\"EntryPoint\",\"urlTemplate\":\"http:\/\/good4book.com\/nl\/?s={search_term_string}\"},\"query-input\":{\"@type\":\"PropertyValueSpecification\",\"valueRequired\":true,\"valueName\":\"search_term_string\"}}],\"inLanguage\":\"nl-NL\"},{\"@type\":\"Organization\",\"@id\":\"http:\/\/good4book.com\/nl\/#organization\",\"name\":\"Good4Book\",\"url\":\"http:\/\/good4book.com\/nl\/\",\"logo\":{\"@type\":\"ImageObject\",\"inLanguage\":\"nl-NL\",\"@id\":\"http:\/\/good4book.com\/nl\/#\/schema\/logo\/image\/\",\"url\":\"http:\/\/good4book.com\/wp-content\/uploads\/2020\/06\/Good4Book-favicon.png\",\"contentUrl\":\"http:\/\/good4book.com\/wp-content\/uploads\/2020\/06\/Good4Book-favicon.png\",\"width\":200,\"height\":199,\"caption\":\"Good4Book\"},\"image\":{\"@id\":\"http:\/\/good4book.com\/nl\/#\/schema\/logo\/image\/\"},\"sameAs\":[\"https:\/\/www.facebook.com\/good4book\/\",\"https:\/\/x.com\/GOOD4BOOK\",\"https:\/\/instagram.com\/good4book\",\"https:\/\/www.youtube.com\/channel\/UCI1ZPyXDwg8-0rtqEDCpTqQ\"]}]}<\/script>\n<!-- \/ Yoast SEO plugin. -->","yoast_head_json":{"title":"Writer's Cards | Tool voor schrijvers | Good4Book | Schrijf een boek","description":"Writer's Cards schrijven uw verhaal. Een tool voor schrijvers. Leer hoe je een boek schrijft. Kaarten voor schrijvers. Verhaal. Good4Book. Schrijven.","robots":{"index":"index","follow":"follow","max-snippet":"max-snippet:-1","max-image-preview":"max-image-preview:large","max-video-preview":"max-video-preview:-1"},"canonical":"https:\/\/good4book.com\/nl\/sklep-online\/writers-cards-standard-horror-diy\/","og_locale":"nl_NL","og_type":"article","og_title":"Writer's Cards | Tool voor schrijvers | Good4Book | Schrijf een boek","og_description":"Writer's Cards schrijven uw verhaal. Een tool voor schrijvers. Leer hoe je een boek schrijft. Kaarten voor schrijvers. Verhaal. Good4Book. Schrijven.","og_url":"https:\/\/good4book.com\/nl\/sklep-online\/writers-cards-standard-horror-diy\/","og_site_name":"Good4book","article_publisher":"https:\/\/www.facebook.com\/good4book\/","article_modified_time":"2023-09-07T13:32:08+00:00","og_image":[{"width":1200,"height":960,"url":"https:\/\/good4book.com\/wp-content\/uploads\/2020\/07\/Box-podstawowy-Horror.jpg","type":"image\/jpeg"}],"twitter_card":"summary_large_image","twitter_site":"@GOOD4BOOK","twitter_misc":{"Geschatte leestijd":"4 minuten"},"schema":{"@context":"https:\/\/schema.org","@graph":[{"@type":"WebPage","@id":"https:\/\/good4book.com\/nl\/sklep-online\/writers-cards-standard-horror-diy\/","url":"https:\/\/good4book.com\/nl\/sklep-online\/writers-cards-standard-horror-diy\/","name":"Writer's Cards | Tool voor schrijvers | Good4Book | Schrijf een boek","isPartOf":{"@id":"http:\/\/good4book.com\/nl\/#website"},"primaryImageOfPage":{"@id":"https:\/\/good4book.com\/nl\/sklep-online\/writers-cards-standard-horror-diy\/#primaryimage"},"image":{"@id":"https:\/\/good4book.com\/nl\/sklep-online\/writers-cards-standard-horror-diy\/#primaryimage"},"thumbnailUrl":"https:\/\/good4book.com\/wp-content\/uploads\/2020\/07\/Box-podstawowy-Horror.jpg","datePublished":"2023-09-07T13:24:00+00:00","dateModified":"2023-09-07T13:32:08+00:00","description":"Writer's Cards schrijven uw verhaal. Een tool voor schrijvers. Leer hoe je een boek schrijft. Kaarten voor schrijvers. Verhaal. Good4Book. Schrijven.","breadcrumb":{"@id":"https:\/\/good4book.com\/nl\/sklep-online\/writers-cards-standard-horror-diy\/#breadcrumb"},"inLanguage":"nl-NL","potentialAction":[{"@type":"ReadAction","target":["https:\/\/good4book.com\/nl\/sklep-online\/writers-cards-standard-horror-diy\/"]}]},{"@type":"ImageObject","inLanguage":"nl-NL","@id":"https:\/\/good4book.com\/nl\/sklep-online\/writers-cards-standard-horror-diy\/#primaryimage","url":"https:\/\/good4book.com\/wp-content\/uploads\/2020\/07\/Box-podstawowy-Horror.jpg","contentUrl":"https:\/\/good4book.com\/wp-content\/uploads\/2020\/07\/Box-podstawowy-Horror.jpg","width":1200,"height":960},{"@type":"BreadcrumbList","@id":"https:\/\/good4book.com\/nl\/sklep-online\/writers-cards-standard-horror-diy\/#breadcrumb","itemListElement":[{"@type":"ListItem","position":1,"name":"Home","item":"http:\/\/good4book.com\/nl\/"},{"@type":"ListItem","position":2,"name":"winkel","item":"http:\/\/good4book.com\/nl\/online-winkel\/"},{"@type":"ListItem","position":3,"name":"Writer&#8217;s Cards STANDARD &#8211; HORROR (DIY)"}]},{"@type":"WebSite","@id":"http:\/\/good4book.com\/nl\/#website","url":"http:\/\/good4book.com\/nl\/","name":"Good4book","description":"Best tools for writers","publisher":{"@id":"http:\/\/good4book.com\/nl\/#organization"},"potentialAction":[{"@type":"SearchAction","target":{"@type":"EntryPoint","urlTemplate":"http:\/\/good4book.com\/nl\/?s={search_term_string}"},"query-input":{"@type":"PropertyValueSpecification","valueRequired":true,"valueName":"search_term_string"}}],"inLanguage":"nl-NL"},{"@type":"Organization","@id":"http:\/\/good4book.com\/nl\/#organization","name":"Good4Book","url":"http:\/\/good4book.com\/nl\/","logo":{"@type":"ImageObject","inLanguage":"nl-NL","@id":"http:\/\/good4book.com\/nl\/#\/schema\/logo\/image\/","url":"http:\/\/good4book.com\/wp-content\/uploads\/2020\/06\/Good4Book-favicon.png","contentUrl":"http:\/\/good4book.com\/wp-content\/uploads\/2020\/06\/Good4Book-favicon.png","width":200,"height":199,"caption":"Good4Book"},"image":{"@id":"http:\/\/good4book.com\/nl\/#\/schema\/logo\/image\/"},"sameAs":["https:\/\/www.facebook.com\/good4book\/","https:\/\/x.com\/GOOD4BOOK","https:\/\/instagram.com\/good4book","https:\/\/www.youtube.com\/channel\/UCI1ZPyXDwg8-0rtqEDCpTqQ"]}]}},"_links":{"self":[{"href":"https:\/\/good4book.com\/nl\/wp-json\/wp\/v2\/product\/5851","targetHints":{"allow":["GET"]}}],"collection":[{"href":"https:\/\/good4book.com\/nl\/wp-json\/wp\/v2\/product"}],"about":[{"href":"https:\/\/good4book.com\/nl\/wp-json\/wp\/v2\/types\/product"}],"wp:featuredmedia":[{"embeddable":true,"href":"https:\/\/good4book.com\/nl\/wp-json\/wp\/v2\/media\/3273"}],"wp:attachment":[{"href":"https:\/\/good4book.com\/nl\/wp-json\/wp\/v2\/media?parent=5851"}],"wp:term":[{"taxonomy":"product_brand","embeddable":true,"href":"https:\/\/good4book.com\/nl\/wp-json\/wp\/v2\/product_brand?post=5851"},{"taxonomy":"product_cat","embeddable":true,"href":"https:\/\/good4book.com\/nl\/wp-json\/wp\/v2\/product_cat?post=5851"},{"taxonomy":"product_tag","embeddable":true,"href":"https:\/\/good4book.com\/nl\/wp-json\/wp\/v2\/product_tag?post=5851"}],"curies":[{"name":"wp","href":"https:\/\/api.w.org\/{rel}","templated":true}]}}