{"id":3784,"date":"2020-07-03T20:08:00","date_gmt":"2020-07-17T20:05:42","guid":{"rendered":"https:\/\/good4book.com\/sklep-online\/writers-cards-premium-crime-diy\/"},"modified":"2023-09-07T10:40:59","modified_gmt":"2023-09-07T10:40:59","slug":"writers-cards-premium-crime-diy","status":"publish","type":"product","link":"https:\/\/good4book.com\/es\/sklep-online\/writers-cards-premium-crime-diy\/","title":{"rendered":"Writer&#8217;s Cards PREMIUM &#8211; Crime (DIY)"},"content":{"rendered":"<p>Writer&#8217;s Cards Premium es un juego de cartas para escritores compuesto de 75 cartas. Cada carta contiene consejos sobre los elementos de la novela. Es una gran manera de motivarte a escribir. Est\u00e1n dise\u00f1ados para planificar novelas complejas, construir mundos ambiciosos, hilos de varios personajes, aliados y enemigos.<\/p>\n<h2>Writer&#8217;s Cards Premium contiene:<\/h2>\n<ul>\n<li>36 Cartas de Valores<\/li>\n<li>25 Cartas de la Trama<\/li>\n<li>14 Cartas de la Edici\u00f3n<\/li>\n<\/ul>\n<p>La opci\u00f3n Writer&#8217;s Cards Premium es una excelente elecci\u00f3n para escritores ambiciosos, autores de juegos y pel\u00edculas. Incluye cartas de valores adicionales para describir el mundo representado con m\u00e1s detalle, as\u00ed como cartas adicionales de la trama para a\u00f1adir riqueza a la historia.<\/p>\n\n\t\t<div class=\"icon-box featured-box icon-box-center text-center\"  >\n\t\t\t\t\t<div class=\"icon-box-img\" style=\"width: 50px\">\n\t\t\t\t<div class=\"icon\">\n\t\t\t\t\t<div class=\"icon-inner\" >\n\t\t\t\t\t\t<img decoding=\"async\" src=\"http:\/\/good4book.com\/wp-content\/uploads\/2020\/06\/Writers-Cards-Icon-theatre.png\" alt=\"\"\/>\t\t\t\t\t<\/div>\n\t\t\t\t<\/div>\n\t\t\t<\/div>\n\t\t\t\t<div class=\"icon-box-text last-reset\">\n\t\t\t\t\t\t\t\t\t\n\t\t<\/div>\n\t<\/div>\n\t\n\t\n<p>Las Writer\u2019s Cards te permiten planificar y editar un libro f\u00e1cilmente, adem\u00e1s de tener un acceso conveniente a las notas y al esquema de la novela. Es una herramienta \u00fatil para escritores y guionistas.<\/p>\n<p><img loading=\"lazy\" decoding=\"async\" class=\"aligncenter wp-image-4841\" src=\"http:\/\/good4book.com\/wp-content\/uploads\/2020\/07\/MOODBOARD-crime-sherlock-1200-615x400.jpg\" alt=\"\" width=\"600\" height=\"390\" srcset=\"https:\/\/good4book.com\/wp-content\/uploads\/2020\/07\/MOODBOARD-crime-sherlock-1200-615x400.jpg 615w, https:\/\/good4book.com\/wp-content\/uploads\/2020\/07\/MOODBOARD-crime-sherlock-1200-768x500.jpg 768w, https:\/\/good4book.com\/wp-content\/uploads\/2020\/07\/MOODBOARD-crime-sherlock-1200-300x195.jpg 300w, https:\/\/good4book.com\/wp-content\/uploads\/2020\/07\/MOODBOARD-crime-sherlock-1200-600x391.jpg 600w, https:\/\/good4book.com\/wp-content\/uploads\/2020\/07\/MOODBOARD-crime-sherlock-1200.jpg 1200w\" sizes=\"auto, (max-width: 600px) 100vw, 600px\" \/><\/p>\n<p>Planea la trama y el mundo de la novela, en forma de moodboard, \u00a1donde quieras! Organiza las Writer\u2019s Cards sobre la mesa, p\u00e9galas a la pared con cinta o notas adhesivas y planifica la historia!<\/p>\n\n\t\t<div class=\"icon-box featured-box icon-box-center text-center\"  >\n\t\t\t\t\t<div class=\"icon-box-img\" style=\"width: 50px\">\n\t\t\t\t<div class=\"icon\">\n\t\t\t\t\t<div class=\"icon-inner\" >\n\t\t\t\t\t\t<img decoding=\"async\" src=\"http:\/\/good4book.com\/wp-content\/uploads\/2020\/06\/Writers-Cards-Icon-print.png\" alt=\"\"\/>\t\t\t\t\t<\/div>\n\t\t\t\t<\/div>\n\t\t\t<\/div>\n\t\t\t\t<div class=\"icon-box-text last-reset\">\n\t\t\t\t\t\t\t\t\t\n\t\t<\/div>\n\t<\/div>\n\t\n\t\n<p>El kit DIY (Do It Yourself) es una versi\u00f3n electr\u00f3nica, disponible autom\u00e1ticamente despu\u00e9s de la compra. <strong>\u00a1Prepara las Writer\u2019s Cards sin esperar a la versi\u00f3n impresa!<\/strong> \u00a1Es muy simple y los resultados son excelentes!<\/p>\n<p>Writer&#8217;s Cards Premium es nuestro mejor producto para ayudarte a escribir bestsellers, historias complejas y a planificar mundos y subtramas.<\/p>\n<h2>Las novelas que podr\u00e1s escribir con las Writer\u2019s Cards<\/h2>\n<ul>\n<li><a href=\"http:\/\/good4book.com\/es\/como-escribir-una-novela-fantastica\/\">novela fant\u00e1stica<\/a>,<\/li>\n<li><a href=\"http:\/\/good4book.com\/es\/como-escribir-una-novela-policiaca\/\">novela polic\u00edaca<\/a>,<\/li>\n<li><a href=\"http:\/\/good4book.com\/es\/como-escribir-una-novela-romantica\/\">novela rom\u00e1ntica<\/a>,<\/li>\n<li><a href=\"http:\/\/good4book.com\/es\/como-escribir-un-thriller-o-una-pelicula-de-terror\/\">thriller y horror<\/a>,<\/li>\n<li><a href=\"http:\/\/good4book.com\/es\/como-escribir-un-guion-para-un-juego\/\">gui\u00f3n para un juego<\/a>,<\/li>\n<li><a href=\"http:\/\/good4book.com\/es\/como-escribir-un-guion-de-pelicula\/\">gui\u00f3n para una pel\u00edcula<\/a>,<\/li>\n<li>y muchos m\u00e1s!<\/li>\n<\/ul>\n<h2 style=\"text-align: left;\">Regala las Writer\u2019s Cards a un ser querido<\/h2>\n<p>Puedes regalar las cartas a un ser querido. Contacta con nosotros a trav\u00e9s del <a href=\"http:\/\/good4book.com\/es\/contacto\/\">formulario<\/a>, introduce tu nombre y direcci\u00f3n de correo electr\u00f3nico y prepararemos un vale de regalo especial para ti!<\/p>\n<h2 style=\"text-align: left;\">Good4Book es una buena elecci\u00f3n<\/h2>\n<p><span style=\"color: #d83131;\"><strong>Ahorras tiempo<\/strong><\/span> &#8211; olvida hacer las cartas t\u00fa mismo. Aqu\u00ed puedes elegir el juego que m\u00e1s te convenga.<\/p>\n<p><strong><span style=\"color: #d83131;\">Ahorras dinero<\/span><\/strong> &#8211; la versi\u00f3n electr\u00f3nica de Writer&#8217;s Cards es un juego barato.<\/p>\n<p><span style=\"color: #d83131;\"><strong>Calidad profesional<\/strong><\/span> &#8211; hemos hecho todo lo posible para que el juego sea f\u00e1cil de imprimir.<\/p>\n<p><strong><span style=\"color: #d83131;\">Excelente motivaci\u00f3n<\/span><\/strong> &#8211; completar las tareas con cartas es una gran motivaci\u00f3n para escribir un libro.<\/p>\n<p><strong><span style=\"color: #d83131;\">Sitio web intuitivo<\/span><\/strong> &#8211; no hay necesidad de instalar nada, puedes descargar las cartas en tu ordenador o smartphone.<\/p>\n<p>No pierdas la oportunidad de desarrollarte y no pierdas la oportunidad de escribir una buena novela. Elige una herramienta para los escritores probada y descarga las Writer&#8217;s Cards hoy!<\/p>\n<h2>El juego de Writer&#8217;s Cards incluye<\/h2>\n<ul>\n<li>Acceso autom\u00e1tico despu\u00e9s de la compra<\/li>\n<li>PDF listo para imprimir<\/li>\n<li>Acceso ilimitado en el idioma elegido<\/li>\n<li>Factura con IVA (opcional)<\/li>\n<li>Para obtener m\u00e1s informaci\u00f3n, consulta las preguntas frecuentes (<a href=\"http:\/\/good4book.com\/es\/contacto\/\">FAQ<\/a>)<\/li>\n<\/ul>\n<p><strong>\u00a1Al invertir en las cartas, se invierte en la calidad del libro! \u00a1Usa las Writer&#8217;s Cards para escribir tu mejor novela!<\/strong><\/p>\n<div class=\"video video-fit mb box-shadow-2\" style=\"padding-top:50%;\"><p><iframe loading=\"lazy\" title=\"Good4Book Writer&#039;s Cards Premium - CRIME Edition\" width=\"1020\" height=\"574\" src=\"https:\/\/www.youtube.com\/embed\/pHTe08pbQVY?feature=oembed\" frameborder=\"0\" allow=\"accelerometer; autoplay; encrypted-media; gyroscope; picture-in-picture\" allowfullscreen><\/iframe><\/p>\n<\/div>\n","protected":false},"excerpt":{"rendered":"<p>Tendr\u00e1s acceso a las <a href=\"http:\/\/good4book.com\/writers-cards\/\">Writer\u2019s Cards<\/a> autom\u00e1ticamente despu\u00e9s de la compra! A\u00f1ade una versi\u00f3n imprimible a tu cesta. \u00a1Disfruta de las cartas hoy mismo!<\/p>\n","protected":false},"featured_media":3785,"template":"","meta":[],"product_brand":[],"product_cat":[661,648],"product_tag":[844,840,831,812,853],"class_list":{"0":"post-3784","1":"product","2":"type-product","3":"status-publish","4":"has-post-thumbnail","6":"product_cat-version-electronica","7":"product_cat-writers-cards-premium-es","8":"product_tag-cartas-para-escritores","9":"product_tag-como-empezar-a-escribir","10":"product_tag-do-it-yourself-es","11":"product_tag-good4book-es","12":"product_tag-herramientas-para-los-escritores","14":"first","15":"instock","16":"taxable","17":"shipping-taxable","18":"purchasable","19":"product-type-variable","20":"has-default-attributes"},"yoast_head":"<!-- This site is optimized with the Yoast SEO plugin v26.7 - https:\/\/yoast.com\/wordpress\/plugins\/seo\/ -->\n<title>Writer&#039;s Cards | Cartas para escritores | Good4Book | C\u00f3mo escribir<\/title>\n<meta name=\"description\" content=\"Writer&#039;s Cards escribe tu historia. Herramienta para los escritores. Aprende a escribir un libro. cartas para los escritores. La trama. Para escribir.\" \/>\n<meta name=\"robots\" content=\"index, follow, max-snippet:-1, max-image-preview:large, max-video-preview:-1\" \/>\n<link rel=\"canonical\" href=\"https:\/\/good4book.com\/es\/sklep-online\/writers-cards-premium-crime-diy\/\" \/>\n<meta property=\"og:locale\" content=\"es_ES\" \/>\n<meta property=\"og:type\" content=\"article\" \/>\n<meta property=\"og:title\" content=\"Writer&#039;s Cards | Cartas para escritores | Good4Book | C\u00f3mo escribir\" \/>\n<meta property=\"og:description\" content=\"Writer&#039;s Cards escribe tu historia. Herramienta para los escritores. Aprende a escribir un libro. cartas para los escritores. La trama. Para escribir.\" \/>\n<meta property=\"og:url\" content=\"https:\/\/good4book.com\/es\/sklep-online\/writers-cards-premium-crime-diy\/\" \/>\n<meta property=\"og:site_name\" content=\"Good4book\" \/>\n<meta property=\"article:publisher\" content=\"https:\/\/www.facebook.com\/good4book\/\" \/>\n<meta property=\"article:modified_time\" content=\"2023-09-07T10:40:59+00:00\" \/>\n<meta property=\"og:image\" content=\"https:\/\/good4book.com\/wp-content\/uploads\/2020\/07\/Box-premium-Crime.jpg\" \/>\n\t<meta property=\"og:image:width\" content=\"1200\" \/>\n\t<meta property=\"og:image:height\" content=\"960\" \/>\n\t<meta property=\"og:image:type\" content=\"image\/jpeg\" \/>\n<meta name=\"twitter:card\" content=\"summary_large_image\" \/>\n<meta name=\"twitter:site\" content=\"@GOOD4BOOK\" \/>\n<meta name=\"twitter:label1\" content=\"Tiempo de lectura\" \/>\n\t<meta name=\"twitter:data1\" content=\"3 minutos\" \/>\n<script type=\"application\/ld+json\" class=\"yoast-schema-graph\">{\"@context\":\"https:\/\/schema.org\",\"@graph\":[{\"@type\":\"WebPage\",\"@id\":\"https:\/\/good4book.com\/es\/sklep-online\/writers-cards-premium-crime-diy\/\",\"url\":\"https:\/\/good4book.com\/es\/sklep-online\/writers-cards-premium-crime-diy\/\",\"name\":\"Writer's Cards | Cartas para escritores | Good4Book | C\u00f3mo escribir\",\"isPartOf\":{\"@id\":\"http:\/\/good4book.com\/es\/#website\"},\"primaryImageOfPage\":{\"@id\":\"https:\/\/good4book.com\/es\/sklep-online\/writers-cards-premium-crime-diy\/#primaryimage\"},\"image\":{\"@id\":\"https:\/\/good4book.com\/es\/sklep-online\/writers-cards-premium-crime-diy\/#primaryimage\"},\"thumbnailUrl\":\"https:\/\/good4book.com\/wp-content\/uploads\/2020\/07\/Box-premium-Crime.jpg\",\"datePublished\":\"2020-07-17T20:05:42+00:00\",\"dateModified\":\"2023-09-07T10:40:59+00:00\",\"description\":\"Writer's Cards escribe tu historia. Herramienta para los escritores. Aprende a escribir un libro. cartas para los escritores. La trama. Para escribir.\",\"breadcrumb\":{\"@id\":\"https:\/\/good4book.com\/es\/sklep-online\/writers-cards-premium-crime-diy\/#breadcrumb\"},\"inLanguage\":\"es\",\"potentialAction\":[{\"@type\":\"ReadAction\",\"target\":[\"https:\/\/good4book.com\/es\/sklep-online\/writers-cards-premium-crime-diy\/\"]}]},{\"@type\":\"ImageObject\",\"inLanguage\":\"es\",\"@id\":\"https:\/\/good4book.com\/es\/sklep-online\/writers-cards-premium-crime-diy\/#primaryimage\",\"url\":\"https:\/\/good4book.com\/wp-content\/uploads\/2020\/07\/Box-premium-Crime.jpg\",\"contentUrl\":\"https:\/\/good4book.com\/wp-content\/uploads\/2020\/07\/Box-premium-Crime.jpg\",\"width\":1200,\"height\":960},{\"@type\":\"BreadcrumbList\",\"@id\":\"https:\/\/good4book.com\/es\/sklep-online\/writers-cards-premium-crime-diy\/#breadcrumb\",\"itemListElement\":[{\"@type\":\"ListItem\",\"position\":1,\"name\":\"Home\",\"item\":\"http:\/\/good4book.com\/es\/\"},{\"@type\":\"ListItem\",\"position\":2,\"name\":\"Tienda online\",\"item\":\"http:\/\/good4book.com\/es\/tienda-online\/\"},{\"@type\":\"ListItem\",\"position\":3,\"name\":\"Writer&#8217;s Cards PREMIUM &#8211; Crime (DIY)\"}]},{\"@type\":\"WebSite\",\"@id\":\"http:\/\/good4book.com\/es\/#website\",\"url\":\"http:\/\/good4book.com\/es\/\",\"name\":\"Good4book\",\"description\":\"Best tools for writers\",\"publisher\":{\"@id\":\"http:\/\/good4book.com\/es\/#organization\"},\"potentialAction\":[{\"@type\":\"SearchAction\",\"target\":{\"@type\":\"EntryPoint\",\"urlTemplate\":\"http:\/\/good4book.com\/es\/?s={search_term_string}\"},\"query-input\":{\"@type\":\"PropertyValueSpecification\",\"valueRequired\":true,\"valueName\":\"search_term_string\"}}],\"inLanguage\":\"es\"},{\"@type\":\"Organization\",\"@id\":\"http:\/\/good4book.com\/es\/#organization\",\"name\":\"Good4Book\",\"url\":\"http:\/\/good4book.com\/es\/\",\"logo\":{\"@type\":\"ImageObject\",\"inLanguage\":\"es\",\"@id\":\"http:\/\/good4book.com\/es\/#\/schema\/logo\/image\/\",\"url\":\"http:\/\/good4book.com\/wp-content\/uploads\/2020\/06\/Good4Book-favicon.png\",\"contentUrl\":\"http:\/\/good4book.com\/wp-content\/uploads\/2020\/06\/Good4Book-favicon.png\",\"width\":200,\"height\":199,\"caption\":\"Good4Book\"},\"image\":{\"@id\":\"http:\/\/good4book.com\/es\/#\/schema\/logo\/image\/\"},\"sameAs\":[\"https:\/\/www.facebook.com\/good4book\/\",\"https:\/\/x.com\/GOOD4BOOK\",\"https:\/\/instagram.com\/good4book\",\"https:\/\/www.youtube.com\/channel\/UCI1ZPyXDwg8-0rtqEDCpTqQ\"]}]}<\/script>\n<!-- \/ Yoast SEO plugin. -->","yoast_head_json":{"title":"Writer's Cards | Cartas para escritores | Good4Book | C\u00f3mo escribir","description":"Writer's Cards escribe tu historia. Herramienta para los escritores. Aprende a escribir un libro. cartas para los escritores. La trama. Para escribir.","robots":{"index":"index","follow":"follow","max-snippet":"max-snippet:-1","max-image-preview":"max-image-preview:large","max-video-preview":"max-video-preview:-1"},"canonical":"https:\/\/good4book.com\/es\/sklep-online\/writers-cards-premium-crime-diy\/","og_locale":"es_ES","og_type":"article","og_title":"Writer's Cards | Cartas para escritores | Good4Book | C\u00f3mo escribir","og_description":"Writer's Cards escribe tu historia. Herramienta para los escritores. Aprende a escribir un libro. cartas para los escritores. La trama. Para escribir.","og_url":"https:\/\/good4book.com\/es\/sklep-online\/writers-cards-premium-crime-diy\/","og_site_name":"Good4book","article_publisher":"https:\/\/www.facebook.com\/good4book\/","article_modified_time":"2023-09-07T10:40:59+00:00","og_image":[{"width":1200,"height":960,"url":"https:\/\/good4book.com\/wp-content\/uploads\/2020\/07\/Box-premium-Crime.jpg","type":"image\/jpeg"}],"twitter_card":"summary_large_image","twitter_site":"@GOOD4BOOK","twitter_misc":{"Tiempo de lectura":"3 minutos"},"schema":{"@context":"https:\/\/schema.org","@graph":[{"@type":"WebPage","@id":"https:\/\/good4book.com\/es\/sklep-online\/writers-cards-premium-crime-diy\/","url":"https:\/\/good4book.com\/es\/sklep-online\/writers-cards-premium-crime-diy\/","name":"Writer's Cards | Cartas para escritores | Good4Book | C\u00f3mo escribir","isPartOf":{"@id":"http:\/\/good4book.com\/es\/#website"},"primaryImageOfPage":{"@id":"https:\/\/good4book.com\/es\/sklep-online\/writers-cards-premium-crime-diy\/#primaryimage"},"image":{"@id":"https:\/\/good4book.com\/es\/sklep-online\/writers-cards-premium-crime-diy\/#primaryimage"},"thumbnailUrl":"https:\/\/good4book.com\/wp-content\/uploads\/2020\/07\/Box-premium-Crime.jpg","datePublished":"2020-07-17T20:05:42+00:00","dateModified":"2023-09-07T10:40:59+00:00","description":"Writer's Cards escribe tu historia. Herramienta para los escritores. Aprende a escribir un libro. cartas para los escritores. La trama. Para escribir.","breadcrumb":{"@id":"https:\/\/good4book.com\/es\/sklep-online\/writers-cards-premium-crime-diy\/#breadcrumb"},"inLanguage":"es","potentialAction":[{"@type":"ReadAction","target":["https:\/\/good4book.com\/es\/sklep-online\/writers-cards-premium-crime-diy\/"]}]},{"@type":"ImageObject","inLanguage":"es","@id":"https:\/\/good4book.com\/es\/sklep-online\/writers-cards-premium-crime-diy\/#primaryimage","url":"https:\/\/good4book.com\/wp-content\/uploads\/2020\/07\/Box-premium-Crime.jpg","contentUrl":"https:\/\/good4book.com\/wp-content\/uploads\/2020\/07\/Box-premium-Crime.jpg","width":1200,"height":960},{"@type":"BreadcrumbList","@id":"https:\/\/good4book.com\/es\/sklep-online\/writers-cards-premium-crime-diy\/#breadcrumb","itemListElement":[{"@type":"ListItem","position":1,"name":"Home","item":"http:\/\/good4book.com\/es\/"},{"@type":"ListItem","position":2,"name":"Tienda online","item":"http:\/\/good4book.com\/es\/tienda-online\/"},{"@type":"ListItem","position":3,"name":"Writer&#8217;s Cards PREMIUM &#8211; Crime (DIY)"}]},{"@type":"WebSite","@id":"http:\/\/good4book.com\/es\/#website","url":"http:\/\/good4book.com\/es\/","name":"Good4book","description":"Best tools for writers","publisher":{"@id":"http:\/\/good4book.com\/es\/#organization"},"potentialAction":[{"@type":"SearchAction","target":{"@type":"EntryPoint","urlTemplate":"http:\/\/good4book.com\/es\/?s={search_term_string}"},"query-input":{"@type":"PropertyValueSpecification","valueRequired":true,"valueName":"search_term_string"}}],"inLanguage":"es"},{"@type":"Organization","@id":"http:\/\/good4book.com\/es\/#organization","name":"Good4Book","url":"http:\/\/good4book.com\/es\/","logo":{"@type":"ImageObject","inLanguage":"es","@id":"http:\/\/good4book.com\/es\/#\/schema\/logo\/image\/","url":"http:\/\/good4book.com\/wp-content\/uploads\/2020\/06\/Good4Book-favicon.png","contentUrl":"http:\/\/good4book.com\/wp-content\/uploads\/2020\/06\/Good4Book-favicon.png","width":200,"height":199,"caption":"Good4Book"},"image":{"@id":"http:\/\/good4book.com\/es\/#\/schema\/logo\/image\/"},"sameAs":["https:\/\/www.facebook.com\/good4book\/","https:\/\/x.com\/GOOD4BOOK","https:\/\/instagram.com\/good4book","https:\/\/www.youtube.com\/channel\/UCI1ZPyXDwg8-0rtqEDCpTqQ"]}]}},"_links":{"self":[{"href":"https:\/\/good4book.com\/es\/wp-json\/wp\/v2\/product\/3784","targetHints":{"allow":["GET"]}}],"collection":[{"href":"https:\/\/good4book.com\/es\/wp-json\/wp\/v2\/product"}],"about":[{"href":"https:\/\/good4book.com\/es\/wp-json\/wp\/v2\/types\/product"}],"wp:featuredmedia":[{"embeddable":true,"href":"https:\/\/good4book.com\/es\/wp-json\/wp\/v2\/media\/3785"}],"wp:attachment":[{"href":"https:\/\/good4book.com\/es\/wp-json\/wp\/v2\/media?parent=3784"}],"wp:term":[{"taxonomy":"product_brand","embeddable":true,"href":"https:\/\/good4book.com\/es\/wp-json\/wp\/v2\/product_brand?post=3784"},{"taxonomy":"product_cat","embeddable":true,"href":"https:\/\/good4book.com\/es\/wp-json\/wp\/v2\/product_cat?post=3784"},{"taxonomy":"product_tag","embeddable":true,"href":"https:\/\/good4book.com\/es\/wp-json\/wp\/v2\/product_tag?post=3784"}],"curies":[{"name":"wp","href":"https:\/\/api.w.org\/{rel}","templated":true}]}}