{"id":5860,"date":"2023-09-07T12:32:53","date_gmt":"2023-09-07T13:27:11","guid":{"rendered":"https:\/\/good4book.com\/?post_type=product&#038;p=5860"},"modified":"2023-09-07T13:31:48","modified_gmt":"2023-09-07T13:31:48","slug":"writers-cards-standard-horror-diy","status":"publish","type":"product","link":"https:\/\/good4book.com\/fr\/sklep-online\/writers-cards-standard-horror-diy\/","title":{"rendered":"Writer&rsquo;s Cards STANDARD &#8211; HORROR (DIY)"},"content":{"rendered":"<p>Le Writer&rsquo;s Cards Standard est un jeu de 55 cartes pour les \u00e9crivains. Chaque carte contient des conseils sur les \u00e9l\u00e9ments du roman. C&rsquo;est un excellent moyen de vous motiver \u00e0 \u00e9crire. Les cartes sont con\u00e7us pour planifier des romans en un seul volume, des mondes simples et un personnage principal.<\/p>\n<h2>Writer&rsquo;s Cards Standard contient:<\/h2>\n<ul>\n<li>20 Cartes Valeur<\/li>\n<li>21 Cartes Intrigue<\/li>\n<li>14 Cartes \u00c9dition<\/li>\n<\/ul>\n\n\t\t<div class=\"icon-box featured-box icon-box-center text-center\"  >\n\t\t\t\t<div class=\"icon-box-text last-reset\">\n\t\t\t\t\t\t\t\t\t\n\t\t<\/div>\n\t<\/div>\n\t\n\t\n<p>Le Writer&rsquo;s Cards Standard est un bon choix pour le premier roman ou sc\u00e9nario. Les cartes aideront \u00e0 la construction du monde, \u00e0 l&rsquo;intrigue et donneront au romana le sch\u00e9ma appropri\u00e9. Vous n&rsquo;avez pas besoin de formation et de connaissances pour \u00e9crire des livres, les Writer\u2019s Cards sont id\u00e9ales pour les d\u00e9butants.<\/p>\n\n\t\t<div class=\"icon-box featured-box icon-box-center text-center\"  >\n\t\t\t\t<div class=\"icon-box-text last-reset\">\n\t\t\t\t\t\t\t\t\t\n\t\t<\/div>\n\t<\/div>\n\t\n\t\n<p>Les Writer&rsquo;s Cards vous permettent de planifier et d&rsquo;\u00e9diter facilement un livre, d&rsquo;avoir un acc\u00e8s pratique aux notes et au plan du roman. Il s&rsquo;agit d&rsquo;un outil pratique pour les \u00e9crivains et les sc\u00e9naristes.<\/p>\n<p>&nbsp;<\/p>\n<p><img loading=\"lazy\" decoding=\"async\" class=\"size-medium wp-image-4842 aligncenter\" src=\"http:\/\/good4book.com\/wp-content\/uploads\/2020\/07\/MOODBOARD-king-1200-645x400.jpg\" alt=\"\" width=\"645\" height=\"400\" srcset=\"https:\/\/good4book.com\/wp-content\/uploads\/2020\/07\/MOODBOARD-king-1200-645x400.jpg 645w, https:\/\/good4book.com\/wp-content\/uploads\/2020\/07\/MOODBOARD-king-1200-768x476.jpg 768w, https:\/\/good4book.com\/wp-content\/uploads\/2020\/07\/MOODBOARD-king-1200-300x186.jpg 300w, https:\/\/good4book.com\/wp-content\/uploads\/2020\/07\/MOODBOARD-king-1200-600x372.jpg 600w, https:\/\/good4book.com\/wp-content\/uploads\/2020\/07\/MOODBOARD-king-1200.jpg 1200w\" sizes=\"auto, (max-width: 645px) 100vw, 645px\" \/><\/p>\n<p>Planifiez l&rsquo;intrigue et l&rsquo;univers du roman, sous la forme d&rsquo;un moodboard, o\u00f9 vous voulez! Agancez les Writer\u2019s Cards sur la table, collez-les au mur avec du ruban adh\u00e9sif, utilisez des notes autocollantes et planifiez l&rsquo;intrigue!<\/p>\n\n\t\t<div class=\"icon-box featured-box icon-box-center text-center\"  >\n\t\t\t\t<div class=\"icon-box-text last-reset\">\n\t\t\t\t\t\t\t\t\t\n\t\t<\/div>\n\t<\/div>\n\t\n\t\n<p>Le kit DIY (Do It Yourself) est une version \u00e9lectronique, disponible en t\u00e9l\u00e9chargement, automatiquement apr\u00e8s achat. Pr\u00e9parez les Writer\u2019s Cards sans attendre la version imprim\u00e9e! C&rsquo;est tr\u00e8s simple et tout aussi cool!<\/p>\n<p>Pour les romans plus complexes et ambitieux, nous recommandons la version <a href=\"http:\/\/good4book.com\/fr\/sklep-online\/writers-cards-premium-classic-diy-2\/\">Writer\u2019s Cards Premium<\/a>.<\/p>\n<h2>Writer\u2019s Cards pour l&rsquo;industrie cr\u00e9ative<\/h2>\n<ul>\n<li>bas\u00e9es sur des romans et des best-sellers intemporels<\/li>\n<li>version \u00e9lectronique (DIY) imprimable disponible automatiquement apr\u00e8s l&rsquo;achat<\/li>\n<li>de nombreuses versions linguistiques et <a href=\"http:\/\/good4book.com\/fr\/categorie-produit\/version-electronique\/\">graphiques<\/a><\/li>\n<li>apprenez \u00e0 \u00e9crire un roman, \u00e0 d\u00e9crire les personnages, \u00e0 g\u00e9rer le temps des \u00e9v\u00e9nements, \u00e0 planifier l&rsquo;intrigue et le concept du roman, et \u00e0 conna\u00eetre le parcours du personnage<\/li>\n<\/ul>\n<p>Avec les Writer&rsquo;s Cards, vous construirez toutes sortes d&rsquo;intrigues, des plus simples aux romans et sc\u00e9narios les plus complexes.<\/p>\n<h2>Les romans que vous pouvez \u00e9crire avec les Writer\u2019s Cards<\/h2>\n<ul>\n<li><a href=\"http:\/\/good4book.com\/fr\/comment-ecrire-un-roman-fantastique\/\">roman fantastique<\/a>,<\/li>\n<li><a href=\"http:\/\/good4book.com\/fr\/comment-ecrire-un-roman-policier\/\">roman policier<\/a>,<\/li>\n<li><a href=\"http:\/\/good4book.com\/fr\/comment-ecrire-un-roman-damour\/\">roman d&rsquo;amour<\/a>,<\/li>\n<li><a href=\"http:\/\/good4book.com\/fr\/comment-ecrire-un-thriller-ou-un-film-dhorreur\/\">thriller et horreur<\/a>,<\/li>\n<li><a href=\"http:\/\/good4book.com\/fr\/comment-ecrire-un-scenario-pour-un-jeu\/\">sc\u00e9nario pour un jeu<\/a>,<\/li>\n<li><a href=\"http:\/\/good4book.com\/fr\/comment-ecrire-un-scenario-de-film\/\">sc\u00e9nario pour un film<\/a>,<\/li>\n<li>et bien d&rsquo;autres encore!<\/li>\n<\/ul>\n<h2 style=\"text-align: left;\">Offrez des Writer\u2019s Cards \u00e0 un proche<\/h2>\n<p>Vous pouvez offrir des cartes \u00e0 un proche. Contactez-nous par le biais du <a href=\"http:\/\/good4book.com\/fr\/contact\/\">formulaire<\/a>, entrez votre nom et votre adresse \u00e9lectronique et nous vous pr\u00e9parerons un bon cadeau sp\u00e9cial!<\/p>\n<h2 style=\"text-align: left;\">Good4Book est un bon choix<\/h2>\n<p><span style=\"color: #d83131;\"><strong>Vous gagnez du temps<\/strong><\/span> &#8211; oubliez de faire des cartes vous-m\u00eame. Vous choisissez ici le jeu qui vous convient le mieux.<\/p>\n<p><strong><span style=\"color: #d83131;\">Vous \u00e9conomisez de l&rsquo;argent<\/span><\/strong> &#8211; la version \u00e9lectronique de Writer&rsquo;s Cards est un jeu bon march\u00e9.<\/p>\n<p><span style=\"color: #d83131;\"><strong>Qualit\u00e9 professionnelle<\/strong><\/span> &#8211; nous avons fait de notre mieux pour que le jeu soit facile \u00e0 imprimer.<\/p>\n<p><strong><span style=\"color: #d83131;\">Excellente motivation<\/span><\/strong> &#8211; compl\u00e9ter les t\u00e2ches avec des cartes est une grande motivation pour \u00e9crire un livre<\/p>\n<p><strong><span style=\"color: #d83131;\">Site web intuitif<\/span><\/strong> &#8211; il n&rsquo;y a pas besoin d&rsquo;installer quoi que ce soit, vous pouvez t\u00e9l\u00e9charger les cartes sur votre ordinateur ou votre smartphone.<\/p>\n<p>Ne perdez pas l&rsquo;occasion de vous d\u00e9velopper et ne manquez pas la chance d&rsquo;\u00e9crire un bon roman. Choisissez un outil \u00e9prouv\u00e9 pour les \u00e9crivains et t\u00e9l\u00e9chargez les Writer&rsquo;s Cards d\u00e8s aujourd&rsquo;hui!<\/p>\n<h2>Le jeu Writer\u2019s Cards comprend<\/h2>\n<ul>\n<li>Acc\u00e8s automatique apr\u00e8s l&rsquo;achat<\/li>\n<li>PDF pr\u00eat \u00e0 \u00eatre imprim\u00e9<\/li>\n<li>Acc\u00e8s illimit\u00e9 dans la langue choisie<\/li>\n<li>Facture de TVA (option)<\/li>\n<li>Pour plus d&rsquo;informations, voir la <a href=\"http:\/\/good4book.com\/fr\/contact\/\">FAQ<\/a><\/li>\n<\/ul>\n<p><strong>En investissant dans les cartes, vous investissez dans la qualit\u00e9 du livre! Utilisez les Writer&rsquo;s Cards pour \u00e9crire votre plus grand roman!<\/strong><\/p>\n<div class=\"video video-fit mb box-shadow-2\" style=\"padding-top:50%;\"><p><iframe loading=\"lazy\" title=\"Good4Book Writer&#039;s Cards Premium - HORROR Edition\" width=\"1020\" height=\"574\" src=\"https:\/\/www.youtube.com\/embed\/I1jEJYokI68?feature=oembed\" frameborder=\"0\" allow=\"accelerometer; autoplay; clipboard-write; encrypted-media; gyroscope; picture-in-picture; web-share\" allowfullscreen><\/iframe><\/p>\n<\/div>\n","protected":false},"excerpt":{"rendered":"<p>Vous aurez acc\u00e8s aux <a href=\"http:\/\/good4book.com\/writers-cards\/\">Writer\u2019s Cards<\/a> automatiquement apr\u00e8s l&rsquo;achat! Ajoutez une version imprimable \u00e0 votre panier. Profitez des cartes d\u00e8s aujourd&rsquo;hui!<\/p>\n","protected":false},"featured_media":3596,"template":"","meta":[],"product_brand":[],"product_cat":[660,649],"product_tag":[839,829,814,832,824],"class_list":{"0":"post-5860","1":"product","2":"type-product","3":"status-publish","4":"has-post-thumbnail","6":"product_cat-version-electronique","7":"product_cat-writers-cards-standard-fr","8":"product_tag-comment-ecrire-un-livre","9":"product_tag-do-it-yourself-fr","10":"product_tag-good4book-fr","11":"product_tag-intrigue","12":"product_tag-writers-cards-fr","14":"first","15":"instock","16":"taxable","17":"shipping-taxable","18":"purchasable","19":"product-type-variable","20":"has-default-attributes"},"yoast_head":"<!-- This site is optimized with the Yoast SEO plugin v26.7 - https:\/\/yoast.com\/wordpress\/plugins\/seo\/ -->\n<title>Writer&#039;s Cards | Cartes pour les \u00e9crivains | Good4Book | Comment \u00e9crire<\/title>\n<meta name=\"description\" content=\"Writer&#039;s Cards \u00e9crivez votre conte. Outil pour les \u00e9crivains. Apprenez \u00e0 \u00e9crire un livre. Cartes pour les \u00e9crivains. L&#039;intrigue. Pour \u00e9crire.\" \/>\n<meta name=\"robots\" content=\"index, follow, max-snippet:-1, max-image-preview:large, max-video-preview:-1\" \/>\n<link rel=\"canonical\" href=\"https:\/\/good4book.com\/fr\/sklep-online\/writers-cards-standard-horror-diy\/\" \/>\n<meta property=\"og:locale\" content=\"fr_FR\" \/>\n<meta property=\"og:type\" content=\"article\" \/>\n<meta property=\"og:title\" content=\"Writer&#039;s Cards | Cartes pour les \u00e9crivains | Good4Book | Comment \u00e9crire\" \/>\n<meta property=\"og:description\" content=\"Writer&#039;s Cards \u00e9crivez votre conte. Outil pour les \u00e9crivains. Apprenez \u00e0 \u00e9crire un livre. Cartes pour les \u00e9crivains. L&#039;intrigue. Pour \u00e9crire.\" \/>\n<meta property=\"og:url\" content=\"https:\/\/good4book.com\/fr\/sklep-online\/writers-cards-standard-horror-diy\/\" \/>\n<meta property=\"og:site_name\" content=\"Good4book\" \/>\n<meta property=\"article:publisher\" content=\"https:\/\/www.facebook.com\/good4book\/\" \/>\n<meta property=\"article:modified_time\" content=\"2023-09-07T13:31:48+00:00\" \/>\n<meta property=\"og:image\" content=\"https:\/\/good4book.com\/wp-content\/uploads\/2020\/07\/Box-podstawowy-Horror.jpg\" \/>\n\t<meta property=\"og:image:width\" content=\"1200\" \/>\n\t<meta property=\"og:image:height\" content=\"960\" \/>\n\t<meta property=\"og:image:type\" content=\"image\/jpeg\" \/>\n<meta name=\"twitter:card\" content=\"summary_large_image\" \/>\n<meta name=\"twitter:site\" content=\"@GOOD4BOOK\" \/>\n<meta name=\"twitter:label1\" content=\"Dur\u00e9e de lecture estim\u00e9e\" \/>\n\t<meta name=\"twitter:data1\" content=\"4 minutes\" \/>\n<script type=\"application\/ld+json\" class=\"yoast-schema-graph\">{\"@context\":\"https:\/\/schema.org\",\"@graph\":[{\"@type\":\"WebPage\",\"@id\":\"https:\/\/good4book.com\/fr\/sklep-online\/writers-cards-standard-horror-diy\/\",\"url\":\"https:\/\/good4book.com\/fr\/sklep-online\/writers-cards-standard-horror-diy\/\",\"name\":\"Writer's Cards | Cartes pour les \u00e9crivains | Good4Book | Comment \u00e9crire\",\"isPartOf\":{\"@id\":\"http:\/\/good4book.com\/fr\/#website\"},\"primaryImageOfPage\":{\"@id\":\"https:\/\/good4book.com\/fr\/sklep-online\/writers-cards-standard-horror-diy\/#primaryimage\"},\"image\":{\"@id\":\"https:\/\/good4book.com\/fr\/sklep-online\/writers-cards-standard-horror-diy\/#primaryimage\"},\"thumbnailUrl\":\"https:\/\/good4book.com\/wp-content\/uploads\/2020\/07\/Box-podstawowy-Horror.jpg\",\"datePublished\":\"2023-09-07T13:27:11+00:00\",\"dateModified\":\"2023-09-07T13:31:48+00:00\",\"description\":\"Writer's Cards \u00e9crivez votre conte. Outil pour les \u00e9crivains. Apprenez \u00e0 \u00e9crire un livre. Cartes pour les \u00e9crivains. L'intrigue. Pour \u00e9crire.\",\"breadcrumb\":{\"@id\":\"https:\/\/good4book.com\/fr\/sklep-online\/writers-cards-standard-horror-diy\/#breadcrumb\"},\"inLanguage\":\"fr-FR\",\"potentialAction\":[{\"@type\":\"ReadAction\",\"target\":[\"https:\/\/good4book.com\/fr\/sklep-online\/writers-cards-standard-horror-diy\/\"]}]},{\"@type\":\"ImageObject\",\"inLanguage\":\"fr-FR\",\"@id\":\"https:\/\/good4book.com\/fr\/sklep-online\/writers-cards-standard-horror-diy\/#primaryimage\",\"url\":\"https:\/\/good4book.com\/wp-content\/uploads\/2020\/07\/Box-podstawowy-Horror.jpg\",\"contentUrl\":\"https:\/\/good4book.com\/wp-content\/uploads\/2020\/07\/Box-podstawowy-Horror.jpg\",\"width\":1200,\"height\":960},{\"@type\":\"BreadcrumbList\",\"@id\":\"https:\/\/good4book.com\/fr\/sklep-online\/writers-cards-standard-horror-diy\/#breadcrumb\",\"itemListElement\":[{\"@type\":\"ListItem\",\"position\":1,\"name\":\"Home\",\"item\":\"https:\/\/good4book.com\/fr\/\"},{\"@type\":\"ListItem\",\"position\":2,\"name\":\"Boutique\",\"item\":\"https:\/\/good4book.com\/fr\/boutique-en-ligne\/\"},{\"@type\":\"ListItem\",\"position\":3,\"name\":\"Writer&rsquo;s Cards STANDARD &#8211; HORROR (DIY)\"}]},{\"@type\":\"WebSite\",\"@id\":\"http:\/\/good4book.com\/fr\/#website\",\"url\":\"http:\/\/good4book.com\/fr\/\",\"name\":\"Good4book\",\"description\":\"Best tools for writers\",\"publisher\":{\"@id\":\"http:\/\/good4book.com\/fr\/#organization\"},\"potentialAction\":[{\"@type\":\"SearchAction\",\"target\":{\"@type\":\"EntryPoint\",\"urlTemplate\":\"http:\/\/good4book.com\/fr\/?s={search_term_string}\"},\"query-input\":{\"@type\":\"PropertyValueSpecification\",\"valueRequired\":true,\"valueName\":\"search_term_string\"}}],\"inLanguage\":\"fr-FR\"},{\"@type\":\"Organization\",\"@id\":\"http:\/\/good4book.com\/fr\/#organization\",\"name\":\"Good4Book\",\"url\":\"http:\/\/good4book.com\/fr\/\",\"logo\":{\"@type\":\"ImageObject\",\"inLanguage\":\"fr-FR\",\"@id\":\"http:\/\/good4book.com\/fr\/#\/schema\/logo\/image\/\",\"url\":\"http:\/\/good4book.com\/wp-content\/uploads\/2020\/06\/Good4Book-favicon.png\",\"contentUrl\":\"http:\/\/good4book.com\/wp-content\/uploads\/2020\/06\/Good4Book-favicon.png\",\"width\":200,\"height\":199,\"caption\":\"Good4Book\"},\"image\":{\"@id\":\"http:\/\/good4book.com\/fr\/#\/schema\/logo\/image\/\"},\"sameAs\":[\"https:\/\/www.facebook.com\/good4book\/\",\"https:\/\/x.com\/GOOD4BOOK\",\"https:\/\/instagram.com\/good4book\",\"https:\/\/www.youtube.com\/channel\/UCI1ZPyXDwg8-0rtqEDCpTqQ\"]}]}<\/script>\n<!-- \/ Yoast SEO plugin. -->","yoast_head_json":{"title":"Writer's Cards | Cartes pour les \u00e9crivains | Good4Book | Comment \u00e9crire","description":"Writer's Cards \u00e9crivez votre conte. Outil pour les \u00e9crivains. Apprenez \u00e0 \u00e9crire un livre. Cartes pour les \u00e9crivains. L'intrigue. Pour \u00e9crire.","robots":{"index":"index","follow":"follow","max-snippet":"max-snippet:-1","max-image-preview":"max-image-preview:large","max-video-preview":"max-video-preview:-1"},"canonical":"https:\/\/good4book.com\/fr\/sklep-online\/writers-cards-standard-horror-diy\/","og_locale":"fr_FR","og_type":"article","og_title":"Writer's Cards | Cartes pour les \u00e9crivains | Good4Book | Comment \u00e9crire","og_description":"Writer's Cards \u00e9crivez votre conte. Outil pour les \u00e9crivains. Apprenez \u00e0 \u00e9crire un livre. Cartes pour les \u00e9crivains. L'intrigue. Pour \u00e9crire.","og_url":"https:\/\/good4book.com\/fr\/sklep-online\/writers-cards-standard-horror-diy\/","og_site_name":"Good4book","article_publisher":"https:\/\/www.facebook.com\/good4book\/","article_modified_time":"2023-09-07T13:31:48+00:00","og_image":[{"width":1200,"height":960,"url":"https:\/\/good4book.com\/wp-content\/uploads\/2020\/07\/Box-podstawowy-Horror.jpg","type":"image\/jpeg"}],"twitter_card":"summary_large_image","twitter_site":"@GOOD4BOOK","twitter_misc":{"Dur\u00e9e de lecture estim\u00e9e":"4 minutes"},"schema":{"@context":"https:\/\/schema.org","@graph":[{"@type":"WebPage","@id":"https:\/\/good4book.com\/fr\/sklep-online\/writers-cards-standard-horror-diy\/","url":"https:\/\/good4book.com\/fr\/sklep-online\/writers-cards-standard-horror-diy\/","name":"Writer's Cards | Cartes pour les \u00e9crivains | Good4Book | Comment \u00e9crire","isPartOf":{"@id":"http:\/\/good4book.com\/fr\/#website"},"primaryImageOfPage":{"@id":"https:\/\/good4book.com\/fr\/sklep-online\/writers-cards-standard-horror-diy\/#primaryimage"},"image":{"@id":"https:\/\/good4book.com\/fr\/sklep-online\/writers-cards-standard-horror-diy\/#primaryimage"},"thumbnailUrl":"https:\/\/good4book.com\/wp-content\/uploads\/2020\/07\/Box-podstawowy-Horror.jpg","datePublished":"2023-09-07T13:27:11+00:00","dateModified":"2023-09-07T13:31:48+00:00","description":"Writer's Cards \u00e9crivez votre conte. Outil pour les \u00e9crivains. Apprenez \u00e0 \u00e9crire un livre. Cartes pour les \u00e9crivains. L'intrigue. Pour \u00e9crire.","breadcrumb":{"@id":"https:\/\/good4book.com\/fr\/sklep-online\/writers-cards-standard-horror-diy\/#breadcrumb"},"inLanguage":"fr-FR","potentialAction":[{"@type":"ReadAction","target":["https:\/\/good4book.com\/fr\/sklep-online\/writers-cards-standard-horror-diy\/"]}]},{"@type":"ImageObject","inLanguage":"fr-FR","@id":"https:\/\/good4book.com\/fr\/sklep-online\/writers-cards-standard-horror-diy\/#primaryimage","url":"https:\/\/good4book.com\/wp-content\/uploads\/2020\/07\/Box-podstawowy-Horror.jpg","contentUrl":"https:\/\/good4book.com\/wp-content\/uploads\/2020\/07\/Box-podstawowy-Horror.jpg","width":1200,"height":960},{"@type":"BreadcrumbList","@id":"https:\/\/good4book.com\/fr\/sklep-online\/writers-cards-standard-horror-diy\/#breadcrumb","itemListElement":[{"@type":"ListItem","position":1,"name":"Home","item":"https:\/\/good4book.com\/fr\/"},{"@type":"ListItem","position":2,"name":"Boutique","item":"https:\/\/good4book.com\/fr\/boutique-en-ligne\/"},{"@type":"ListItem","position":3,"name":"Writer&rsquo;s Cards STANDARD &#8211; HORROR (DIY)"}]},{"@type":"WebSite","@id":"http:\/\/good4book.com\/fr\/#website","url":"http:\/\/good4book.com\/fr\/","name":"Good4book","description":"Best tools for writers","publisher":{"@id":"http:\/\/good4book.com\/fr\/#organization"},"potentialAction":[{"@type":"SearchAction","target":{"@type":"EntryPoint","urlTemplate":"http:\/\/good4book.com\/fr\/?s={search_term_string}"},"query-input":{"@type":"PropertyValueSpecification","valueRequired":true,"valueName":"search_term_string"}}],"inLanguage":"fr-FR"},{"@type":"Organization","@id":"http:\/\/good4book.com\/fr\/#organization","name":"Good4Book","url":"http:\/\/good4book.com\/fr\/","logo":{"@type":"ImageObject","inLanguage":"fr-FR","@id":"http:\/\/good4book.com\/fr\/#\/schema\/logo\/image\/","url":"http:\/\/good4book.com\/wp-content\/uploads\/2020\/06\/Good4Book-favicon.png","contentUrl":"http:\/\/good4book.com\/wp-content\/uploads\/2020\/06\/Good4Book-favicon.png","width":200,"height":199,"caption":"Good4Book"},"image":{"@id":"http:\/\/good4book.com\/fr\/#\/schema\/logo\/image\/"},"sameAs":["https:\/\/www.facebook.com\/good4book\/","https:\/\/x.com\/GOOD4BOOK","https:\/\/instagram.com\/good4book","https:\/\/www.youtube.com\/channel\/UCI1ZPyXDwg8-0rtqEDCpTqQ"]}]}},"_links":{"self":[{"href":"https:\/\/good4book.com\/fr\/wp-json\/wp\/v2\/product\/5860","targetHints":{"allow":["GET"]}}],"collection":[{"href":"https:\/\/good4book.com\/fr\/wp-json\/wp\/v2\/product"}],"about":[{"href":"https:\/\/good4book.com\/fr\/wp-json\/wp\/v2\/types\/product"}],"wp:featuredmedia":[{"embeddable":true,"href":"https:\/\/good4book.com\/fr\/wp-json\/wp\/v2\/media\/3596"}],"wp:attachment":[{"href":"https:\/\/good4book.com\/fr\/wp-json\/wp\/v2\/media?parent=5860"}],"wp:term":[{"taxonomy":"product_brand","embeddable":true,"href":"https:\/\/good4book.com\/fr\/wp-json\/wp\/v2\/product_brand?post=5860"},{"taxonomy":"product_cat","embeddable":true,"href":"https:\/\/good4book.com\/fr\/wp-json\/wp\/v2\/product_cat?post=5860"},{"taxonomy":"product_tag","embeddable":true,"href":"https:\/\/good4book.com\/fr\/wp-json\/wp\/v2\/product_tag?post=5860"}],"curies":[{"name":"wp","href":"https:\/\/api.w.org\/{rel}","templated":true}]}}