{"id":1990,"date":"2020-07-16T09:15:40","date_gmt":"2020-07-16T09:15:40","guid":{"rendered":"https:\/\/good4book.com\/politique-de-confidentialite\/"},"modified":"2020-07-16T20:02:27","modified_gmt":"2020-07-16T20:02:27","slug":"politique-de-confidentialite","status":"publish","type":"page","link":"https:\/\/good4book.com\/fr\/politique-de-confidentialite\/","title":{"rendered":"Politique de confidentialit\u00e9"},"content":{"rendered":"\n<h2 class=\"wp-block-heading\">I. ADMINISTRATEUR DES DONN\u00c9ES<\/h2>\n\n<p>Pro Design Studio Paulina Domaradzka\/GOOD4BOOK dont le si\u00e8ge est situ\u00e9 \u00e0 Dzier\u017coni\u00f3w, Cybulskiego 28, 58-200 Dzier\u017coni\u00f3w, Pologne, NIP: 882-212-86-87; Tax ID: PL8822128687, ci-apr\u00e8s d\u00e9nomm\u00e9 \u00abl&rsquo;administrateur\u00bb, est l&rsquo;administrateur des donn\u00e9es personnelles.<\/p>\n\n<p>L&rsquo;Administrateur, soucieux de la s\u00e9curit\u00e9 des donn\u00e9es personnelles confi\u00e9es, informe qu&rsquo;il a mis en \u0153uvre des mesures techniques et organisationnelles, r\u00e9sultant du <a><em>r\u00e8glement (UE) 2016\/679 du Parlement europ\u00e9en et du Conseil du 27 avril 2016 relatif \u00e0 la protection des personnes physiques \u00e0 l&rsquo;\u00e9gard du traitement des donn\u00e9es \u00e0 caract\u00e8re personnel et \u00e0 la libre circulation de ces donn\u00e9es et abrogeant la directive 95\/46\/CE<\/em><\/a> <em>(RGPD)<\/em> et d&rsquo;autres actes. Le responsable du traitement veille \u00e0 ce que les donn\u00e9es \u00e0 caract\u00e8re personnel soient trait\u00e9es licitement, collect\u00e9es pour des finalit\u00e9s d\u00e9termin\u00e9es et ne soient pas trait\u00e9es ult\u00e9rieurement de mani\u00e8re incompatible avec ces finalit\u00e9s.<\/p>\n\n<p>L&rsquo;administrateur a mis en \u0153uvre la pseudonymisation et l&rsquo;anonymisation des donn\u00e9es personnelles afin de limiter l&rsquo;acc\u00e8s aux donn\u00e9es personnelles. Nous essayons de limiter la p\u00e9riode de stockage des donn\u00e9es personnelles.<\/p>\n\n<p>Les informations concernant les donn\u00e9es personnelles se trouvent dans le pied de page du site web <a href=\"good4book.com\">good4book.com<\/a>.<\/p>\n\n<p>Le contact avec l&rsquo;administrateur concernant la protection des donn\u00e9es personnelles est possible \u00e0 l&rsquo;adresse \u00e9lectronique: gdpr@good4book.com.<\/p>\n\n<h2 class=\"wp-block-heading\">II. LES FINALIT\u00c9S ET LES BASES JURIDIQUES DU TRAITEMENT DES DONN\u00c9ES \u00c0 CARACT\u00c8RE PERSONNEL<\/h2>\n\n<p>Le responsable du traitement traite les donn\u00e9es \u00e0 caract\u00e8re personnel \u00e0 des fins diverses, toujours dans le respect de la loi. Si vous utilisez les services, nous conservons vos donn\u00e9es personnelles aussi longtemps que n\u00e9cessaire pour fournir les services que vous avez choisis. Nous conservons g\u00e9n\u00e9ralement vos donn\u00e9es personnelles aussi longtemps que vous \u00eates notre client et pendant un certain temps apr\u00e8s l&rsquo;expiration de votre relation contractuelle. Vous trouverez ci-dessous les finalit\u00e9s du traitement de vos donn\u00e9es personnelles:<\/p>\n\n<ol class=\"wp-block-list\" type=\"1\"><li>Aux <strong>fins du traitement de vos demandes<\/strong>, les donn\u00e9es sont trait\u00e9es pendant la dur\u00e9e de la correspondance, puis introduites dans la base de donn\u00e9es clients et trait\u00e9es aux fins de l&rsquo;ex\u00e9cution du contrat, ou bien elles sont supprim\u00e9es s&rsquo;il n&rsquo;y a pas de possibilit\u00e9 d&rsquo;\u00e9tablir une coop\u00e9ration. En cas de finalisation claire des conversations, les donn\u00e9es sont supprim\u00e9es des bases de donn\u00e9es du syst\u00e8me de travail et de la copie de s\u00e9curit\u00e9 dans un d\u00e9lai de 90 jours. Base juridique: Article 6, paragraphe 1, point b), du RGPD;<\/li><li>Les donn\u00e9es personnelles fournies lors d&rsquo;une <strong>visite sur le site web<\/strong>, <strong>de l&rsquo;enregistrement dans la base de donn\u00e9es du site web<\/strong>, <strong>de la passation d&rsquo;une commande<\/strong>, conform\u00e9ment aux <a href=\"http:\/\/good4book.com\/fr\/dispositions-generales\/\">conditions g\u00e9n\u00e9rales<\/a>, sous forme de nom, pr\u00e9nom, adresse \u00e9lectronique, adresse de correspondance, num\u00e9ro de t\u00e9l\u00e9phone sont trait\u00e9es pour la dur\u00e9e r\u00e9sultant du contrat conclu. Les donn\u00e9es sont trait\u00e9es jusqu&rsquo;\u00e0 la fin du contrat, puis dans le cadre des obligations de l&rsquo;administrateur et sur la base d&rsquo;int\u00e9r\u00eats juridiquement justifi\u00e9s. Cela concerne la n\u00e9cessit\u00e9 de stocker des donn\u00e9es en raison de la r\u00e9glementation fiscale et des actes comptables. Base juridique: Article 6, paragraphe 1, points b, f, c) du RGPD;<\/li><li><strong>Apr\u00e8s la r\u00e9alisation des services vis\u00e9s par le contrat<\/strong> en raison de la n\u00e9cessit\u00e9 de pouvoir se d\u00e9fendre contre des r\u00e9clamations ou de faire valoir ses droits, qui sont r\u00e9gis par le code civil;<\/li><li><strong>Recherche et analyse de l&rsquo;activit\u00e9<\/strong> du site web. Donn\u00e9es personnelles, telles que : date et heure de la visite du site, type de syst\u00e8me d&rsquo;exploitation, lieu approximatif, type de navigateur web utilis\u00e9 pour visualiser le site, temps pass\u00e9 sur le site, sous-pages visit\u00e9es, sous-page o\u00f9 le formulaire de contact a \u00e9t\u00e9 rempli. L&rsquo;int\u00e9r\u00eat de l&rsquo;administrateur est de conna\u00eetre l&rsquo;activit\u00e9 des clients sur le site web. Base juridique: Article 6, paragraphe 1, point f), du RGPD;<\/li><li><strong>Les fichiers de cookies<\/strong> sont des donn\u00e9es informatiques, en particulier des fichiers texte, qui sont stock\u00e9es dans le dispositif final de l&rsquo;utilisateur du site web. Les cookies contiennent g\u00e9n\u00e9ralement le nom de domaine du site web d&rsquo;o\u00f9 ils proviennent, le temps de stockage sur l&rsquo;\u00e9quipement terminal et un num\u00e9ro unique. Le site web peut placer un cookie dans le navigateur, si celui-ci le permet. Le navigateur permet au site web d&rsquo;acc\u00e9der uniquement aux cookies plac\u00e9s par le site web, et non aux fichiers plac\u00e9s par d&rsquo;autres sites web. Nous utilisons des fichiers de cookies afin d&rsquo;adapter le contenu du site web aux pr\u00e9f\u00e9rences de l&rsquo;utilisateur et d&rsquo;optimiser l&rsquo;utilisation du site web. Par exemple, les fichiers de cookies permettent de reconna\u00eetre l&rsquo;appareil et d&rsquo;afficher le site web en fonction des besoins individuels (par exemple, s\u00e9lection de la langue et de la devise). Les cookies permettent de maintenir la session de l&rsquo;Utilisateur, gr\u00e2ce \u00e0 quoi l&rsquo;Utilisateur n&rsquo;a pas \u00e0 dupliquer les activit\u00e9s de connexion. Les cookies sont utilis\u00e9s pour d\u00e9tecter les abus d&rsquo;authentification. Vous pouvez \u00e0 tout moment modifier les param\u00e8tres de votre navigateur web pour bloquer l&rsquo;utilisation des cookies ou chaque fois obtenir des informations sur leur placement dans votre appareil. De nombreux cookies sont anonymis\u00e9s pour nous, sans informations suppl\u00e9mentaires, sur la base desquelles nous ne sommes pas en mesure d&rsquo;identifier votre identit\u00e9. Les navigateurs Internet peuvent contenir des param\u00e8tres par d\u00e9faut pour l&rsquo;acceptation automatique des cookies dans le terminal. La d\u00e9sactivation ou la limitation de l&rsquo;utilisation des cookies peut entra\u00eener des difficult\u00e9s d&rsquo;utilisation du site web, par exemple la n\u00e9cessit\u00e9 de se connecter fr\u00e9quemment, une p\u00e9riode de chargement de la page plus longue, des limitations de fonctionnalit\u00e9. Nous vous laissons le choix dans ce domaine. Base juridique: Article 6, paragraphe 1, point b), du RGPD;<\/li><li><strong>L&rsquo;administration du site web<\/strong>. Il s&rsquo;agit de donn\u00e9es telles que l&rsquo;adresse IP, la date et l&rsquo;heure du serveur, les informations du navigateur web, les informations sur le syst\u00e8me d&rsquo;exploitation. Ces donn\u00e9es sont automatiquement enregistr\u00e9es dans les journaux du serveur, chaque fois que le site web est utilis\u00e9. Il n&rsquo;est pas possible d&rsquo;administrer le site web sans utiliser le serveur et sans cette sauvegarde automatique. L&rsquo;int\u00e9r\u00eat de l&rsquo;administrateur est d&rsquo;administrer le site web. Base juridique: Article 6, paragraphe 1, point f), du RGPD;<\/li><li><strong>Les services dans le cadre des principales activit\u00e9s commerciales<\/strong>, y compris la possibilit\u00e9 de prendre contact au sujet de l&rsquo;offre et d&rsquo;entamer des discussions sur la conclusion du contrat. Une fois la correspondance close, les donn\u00e9es sont supprim\u00e9es dans un d\u00e9lai de 90 jours. Base juridique: Article 6, paragraphe 1, point b), du RGPD;<\/li><li><strong>La r\u00e9ception d&rsquo;informations commerciales et de marketing<\/strong>. Avec le consentement pr\u00e9alable, nous traitons les donn\u00e9es jusqu&rsquo;au retrait du consentement. D\u00e8s que votre consentement est retir\u00e9 et que les 30 jours n\u00e9cessaires \u00e0 la suppression de vos donn\u00e9es dans les bases de donn\u00e9es de notre syst\u00e8me ont expir\u00e9, vos donn\u00e9es seront supprim\u00e9es. Base juridique: Article 6, paragraphe 1, point a), du RGPD<\/li><li><strong>Le traitement des donn\u00e9es sur la base de contrats de confiance conclus avec les administrateurs des donn\u00e9es \u00e0 caract\u00e8re personnel<\/strong>. Dans des situations telles que les ch\u00e8ques-cadeaux, les Writer&rsquo;s Cards pour les cadeaux et autres services fournis par GOOD4BOOK. D\u00e8s que le service est ex\u00e9cut\u00e9 et conform\u00e9ment au contrat, \u00abGOOD4BOOK\u00bb, en tant que sous-traitant, renvoie ou supprime compl\u00e8tement les donn\u00e9es \u00e0 caract\u00e8re personnel. La p\u00e9riode de traitement des donn\u00e9es \u00e0 caract\u00e8re personnel d\u00e9pend de la dur\u00e9e sp\u00e9cifi\u00e9e dans le contrat avec l&rsquo;administrateur. Toutes les informations sur vos droits et le fait que vous nous confiez le traitement des donn\u00e9es \u00e0 caract\u00e8re personnel en tant que sous-traitant vous sont fournies par l&rsquo;Administrateur des donn\u00e9es \u00e0 caract\u00e8re personnel. \u00abGOOD4BOOK\u00bb veille \u00e0 coop\u00e9rer \u00e9troitement avec l&rsquo;administrateur en vous fournissant des informations sur le traitement des donn\u00e9es.<\/li><\/ol>\n\n<h2 class=\"wp-block-heading\">III. DROITS DU PROPRI\u00c9TAIRE DES DONN\u00c9ES \u00c0 CARACT\u00c8RE PERSONNEL<\/h2>\n\n<p>1. Lorsque l&rsquo;administrateur traite des donn\u00e9es \u00e0 caract\u00e8re personnel, vous disposez des droits suivants:<\/p>\n\n<ul class=\"wp-block-list\"><li>L\u2019acc\u00e8s \u00e0 vos donn\u00e9es personnelles;<\/li><li>La correction vos donn\u00e9es personnelles;<\/li><li>La suppression vos donn\u00e9es personnelles;<\/li><li>La limitation du traitement des donn\u00e9es \u00e0 caract\u00e8re personnel;<\/li><li>L\u2019objection au traitement de vos donn\u00e9es personnelles;<\/li><li>Transfert de donn\u00e9es \u00e0 caract\u00e8re personnel.<\/li><\/ul>\n\n<p>2. Ces droit ne sont pas absolus, dans certaines situations, nous pouvons l\u00e9gitimement refuser de les exercer. Si nous refusons une demande, c&rsquo;est uniquement apr\u00e8s un examen approfondi et seulement si le refus est n\u00e9cessaire.<\/p>\n\n<p>3. Vous avez le droit de vous opposer \u00e0 tout moment au traitement de vos donn\u00e9es \u00e0 caract\u00e8re personnel sur la base de l&rsquo;int\u00e9r\u00eat l\u00e9gitime de l&rsquo;administrateur dans la situation particuli\u00e8re. Le responsable du traitement peut refuser d&rsquo;accorder une objection s&rsquo;il d\u00e9montre:<\/p>\n\n<ul class=\"wp-block-list\"><li>qu&rsquo;il existe des motifs l\u00e9gitimes de traitement qui pr\u00e9valent sur l&rsquo;int\u00e9r\u00eat de la personne concern\u00e9e, les droits et libert\u00e9s, ou<\/li><li>iqu\u2019il y a des raisons d&rsquo;\u00e9tablir, d&rsquo;examiner ou de d\u00e9fendre des demandes.<\/li><\/ul>\n\n<p>4. Vous pouvez exercer vos droits en envoyant un courrier \u00e9lectronique \u00e0: gdpr@good4book.com<\/p>\n\n<h2 class=\"wp-block-heading\">IV. OBLIGATION DE FOURNIR DES DONN\u00c9ES \u00c0 CARACT\u00c8RE PERSONNEL<\/h2>\n\n<p>La fourniture des donn\u00e9es personnelles demand\u00e9es par l&rsquo;administrateur sur le site web est volontaire et d\u00e9pend de votre d\u00e9cision. Dans de nombreux cas, le fait de ne pas fournir de donn\u00e9es personnelles rendra impossible l&rsquo;utilisation des services propos\u00e9s ou la prise de contact. Dans les cas o\u00f9 l&rsquo;administrateur traite vos donn\u00e9es en tant que sous-traitant, la base du traitement des donn\u00e9es et les cons\u00e9quences de la fourniture ou de la non fourniture des donn\u00e9es sont d\u00e9termin\u00e9es par votre administrateur.<\/p>\n\n<h2 class=\"wp-block-heading\">V. LA PRISE DE D\u00c9CISION AUTOMATIS\u00c9E ET LE PROFILAGE<\/h2>\n\n<p>Nous ne prenons pas de d\u00e9cisions automatis\u00e9es, y compris sur la base d&rsquo;un profilage en ce qui concerne les personnes qui laissent leurs donn\u00e9es personnelles sur le site web de l&rsquo;administrateur.<\/p>\n\n<h2 class=\"wp-block-heading\">VI. LES DESTINATAIRES DES DONN\u00c9ES \u00c0 CARACT\u00c8RE PERSONNEL<\/h2>\n\n<p>1. Nous utilisons l&rsquo;aide d&rsquo;autres parties, ce qui leur permet d&rsquo;avoir acc\u00e8s aux donn\u00e9es \u00e0 caract\u00e8re personnel. Il s&rsquo;agit par exemple d&rsquo;entit\u00e9s fournissant des services informatiques, des services d&rsquo;h\u00e9bergement web, des services juridiques ou coop\u00e9rant \u00e0 l&rsquo;ex\u00e9cution de contrats et de commandes. L&rsquo;administrateur se soucie de la s\u00e9curit\u00e9 des donn\u00e9es \u00e0 caract\u00e8re personnel et conclut \u00e0 cette fin un contrat de confiance de traitement des donn\u00e9es avec les entit\u00e9s susmentionn\u00e9es, d\u00e9finissant strictement les conditions de traitement, l&rsquo;\u00e9tendue de l&rsquo;acc\u00e8s aux donn\u00e9es et les \u00e9ventuels traitements. L&rsquo;administrateur veille \u00e0 ce qu&rsquo;apr\u00e8s la finalisation du contrat, les donn\u00e9es soient d\u00e9finitivement supprim\u00e9es par cette entit\u00e9, et dans les contrats, se r\u00e9serve le droit de contr\u00f4ler cette entit\u00e9.<\/p>\n\n<p>2. Il peut arriver que, par exemple, sur la base d&rsquo;une disposition l\u00e9gale pertinente ou d&rsquo;une d\u00e9cision d&rsquo;une autorit\u00e9 comp\u00e9tente, nous devions transf\u00e9rer vos donn\u00e9es \u00e0 caract\u00e8re personnel \u00e0 des entit\u00e9s publiques. Il s&rsquo;agit d&rsquo;entit\u00e9s habilit\u00e9es par la loi \u00e0 recevoir des donn\u00e9es \u00e0 caract\u00e8re personnel, et les r\u00e8glements indiquent les situations dans lesquelles l&rsquo;entit\u00e9 peut demander une telle divulgation. Il est extr\u00eamement difficile pour nous de pr\u00e9voir qui peut demander des donn\u00e9es \u00e0 caract\u00e8re personnel, cependant, pour notre part, nous veillons \u00e0 ce que chaque cas de demande de donn\u00e9es \u00e0 caract\u00e8re personnel soit soigneusement analys\u00e9 afin de ne pas fournir d&rsquo;informations \u00e0 une personne non autoris\u00e9e.<\/p>\n\n<h2 class=\"wp-block-heading\">VII. LE TRANSFERT DE DONN\u00c9ES \u00c0 CARACT\u00c8RE PERSONNEL VERS DES PAYS TIERS<\/h2>\n\n<p>En tant qu&rsquo;op\u00e9rateur \u00e9conomique, le responsable du traitement, lorsqu&rsquo;il offre une gamme de services dans le cadre du processus commercial, utilise des outils informatiques au moyen desquels des donn\u00e9es \u00e0 caract\u00e8re personnel peuvent \u00eatre transf\u00e9r\u00e9es, selon le service, vers des pays tiers au sens du RGPD. Afin d&rsquo;ex\u00e9cuter le contrat. Base juridique : article 49, paragraphe 1, points a) et b) du RGPD. Le contrat en question peut \u00eatre un contrat entre le propri\u00e9taire des donn\u00e9es personnelles et l&rsquo;Administrateur, pour lequel GOOD4BOOK n&rsquo;est qu&rsquo;un sous-traitant, ou, dans une mesure individuelle, un contrat entre le propri\u00e9taire des donn\u00e9es personnelles et GOOD4BOOK en tant qu&rsquo;Administrateur.<\/p>\n\n<p>Notre site web peut contenir des liens vers ou depuis les sites web de nos r\u00e9seaux partenaires, annonceurs et partenaires. Lorsque vous cliquez sur un tel lien, veuillez noter que ces sites web ont leur propre politique de confidentialit\u00e9 et de cookies et que nous n&rsquo;acceptons aucune responsabilit\u00e9 pour ces sites web.<\/p>\n\n<h2 class=\"wp-block-heading\">VIII. DROIT DE PORTER PLAINTE<\/h2>\n\n<p>Vous avez le droit de d\u00e9poser une plainte aupr\u00e8s du pr\u00e9sident de l&rsquo;Office de protection des donn\u00e9es \u00e0 caract\u00e8re personnel si, \u00e0 votre avis, vos donn\u00e9es personnelles sont trait\u00e9es en violation de la loi. Nous esp\u00e9rons que vous voudrez bien nous faire part de vos doutes \u00e0 cet \u00e9gard.<\/p>\n\n<h2 class=\"wp-block-heading\">IX. DISPOSITIONS FINALES<\/h2>\n\n<p>1. Dans la mesure o\u00f9 elles ne sont pas couvertes par la pr\u00e9sente politique de confidentialit\u00e9, les dispositions des <a href=\"http:\/\/good4book.com\/fr\/dispositions-generales\/\">conditions g\u00e9n\u00e9rales<\/a>, du code civil et des lois polonaises pertinentes, ainsi que le droit de l&rsquo;Union europ\u00e9enne, en particulier <em>le r\u00e8glement (UE) 2016\/679 du Parlement europ\u00e9en et du Conseil du 27 avril 2016 relatif \u00e0 la protection des personnes physiques \u00e0 l&rsquo;\u00e9gard du traitement des donn\u00e9es \u00e0 caract\u00e8re personnel et \u00e0 la libre circulation de ces donn\u00e9es, et abrogeant la directive 95\/46\/CE (RGPD), s&rsquo;appliquent<\/em>.<\/p>\n\n<p>2. La pr\u00e9sente politique de confidentialit\u00e9 s&rsquo;applique \u00e0 partir du 1er juillet 2020.<\/p>\n","protected":false},"excerpt":{"rendered":"<p>I. ADMINISTRATEUR DES DONN\u00c9ES Pro Design Studio Paulina Domaradzka\/GOOD4BOOK dont le si\u00e8ge est situ\u00e9 \u00e0 Dzier\u017coni\u00f3w, Cybulskiego 28, 58-200 Dzier\u017coni\u00f3w, Pologne, NIP: 882-212-86-87; Tax ID: PL8822128687, ci-apr\u00e8s d\u00e9nomm\u00e9 \u00abl&rsquo;administrateur\u00bb, est l&rsquo;administrateur des donn\u00e9es personnelles. L&rsquo;Administrateur, soucieux de la s\u00e9curit\u00e9 des donn\u00e9es personnelles confi\u00e9es, informe qu&rsquo;il a mis en \u0153uvre des mesures techniques et organisationnelles, r\u00e9sultant[&#8230;]\n","protected":false},"author":1,"featured_media":0,"parent":0,"menu_order":0,"comment_status":"closed","ping_status":"closed","template":"","meta":{"footnotes":""},"class_list":["post-1990","page","type-page","status-publish","hentry"],"yoast_head":"<!-- This site is optimized with the Yoast SEO plugin v26.7 - https:\/\/yoast.com\/wordpress\/plugins\/seo\/ -->\n<title>Writer&#039;s Cards | Cartes pour les \u00e9crivains | Good4Book | Comment \u00e9crire<\/title>\n<meta name=\"description\" content=\"Writer&#039;s Cards \u00e9crivez votre conte. Outil pour les \u00e9crivains. Apprenez \u00e0 \u00e9crire un livre. Cartes pour les \u00e9crivains. L&#039;intrigue. Pour \u00e9crire.\" \/>\n<meta name=\"robots\" content=\"noindex, nofollow\" \/>\n<meta property=\"og:locale\" content=\"fr_FR\" \/>\n<meta property=\"og:type\" content=\"article\" \/>\n<meta property=\"og:title\" content=\"Writer&#039;s Cards | Cartes pour les \u00e9crivains | Good4Book | Comment \u00e9crire\" \/>\n<meta property=\"og:description\" content=\"Writer&#039;s Cards \u00e9crivez votre conte. Outil pour les \u00e9crivains. Apprenez \u00e0 \u00e9crire un livre. Cartes pour les \u00e9crivains. L&#039;intrigue. Pour \u00e9crire.\" \/>\n<meta property=\"og:url\" content=\"https:\/\/good4book.com\/fr\/politique-de-confidentialite\/\" \/>\n<meta property=\"og:site_name\" content=\"Good4book\" \/>\n<meta property=\"article:publisher\" content=\"https:\/\/www.facebook.com\/good4book\/\" \/>\n<meta property=\"article:modified_time\" content=\"2020-07-16T20:02:27+00:00\" \/>\n<meta property=\"og:image\" content=\"https:\/\/good4book.com\/wp-content\/uploads\/2020\/06\/Good4Book-favicon.png\" \/>\n\t<meta property=\"og:image:width\" content=\"200\" \/>\n\t<meta property=\"og:image:height\" content=\"199\" \/>\n\t<meta property=\"og:image:type\" content=\"image\/png\" \/>\n<meta name=\"twitter:card\" content=\"summary_large_image\" \/>\n<meta name=\"twitter:site\" content=\"@GOOD4BOOK\" \/>\n<meta name=\"twitter:label1\" content=\"Dur\u00e9e de lecture estim\u00e9e\" \/>\n\t<meta name=\"twitter:data1\" content=\"12 minutes\" \/>\n<script type=\"application\/ld+json\" class=\"yoast-schema-graph\">{\"@context\":\"https:\/\/schema.org\",\"@graph\":[{\"@type\":\"WebPage\",\"@id\":\"https:\/\/good4book.com\/fr\/politique-de-confidentialite\/\",\"url\":\"https:\/\/good4book.com\/fr\/politique-de-confidentialite\/\",\"name\":\"Writer's Cards | Cartes pour les \u00e9crivains | Good4Book | Comment \u00e9crire\",\"isPartOf\":{\"@id\":\"http:\/\/good4book.com\/fr\/#website\"},\"datePublished\":\"2020-07-16T09:15:40+00:00\",\"dateModified\":\"2020-07-16T20:02:27+00:00\",\"description\":\"Writer's Cards \u00e9crivez votre conte. Outil pour les \u00e9crivains. Apprenez \u00e0 \u00e9crire un livre. Cartes pour les \u00e9crivains. L'intrigue. Pour \u00e9crire.\",\"breadcrumb\":{\"@id\":\"https:\/\/good4book.com\/fr\/politique-de-confidentialite\/#breadcrumb\"},\"inLanguage\":\"fr-FR\",\"potentialAction\":[{\"@type\":\"ReadAction\",\"target\":[\"https:\/\/good4book.com\/fr\/politique-de-confidentialite\/\"]}]},{\"@type\":\"BreadcrumbList\",\"@id\":\"https:\/\/good4book.com\/fr\/politique-de-confidentialite\/#breadcrumb\",\"itemListElement\":[{\"@type\":\"ListItem\",\"position\":1,\"name\":\"Home\",\"item\":\"http:\/\/good4book.com\/fr\/\"},{\"@type\":\"ListItem\",\"position\":2,\"name\":\"Politique de confidentialit\u00e9\"}]},{\"@type\":\"WebSite\",\"@id\":\"http:\/\/good4book.com\/fr\/#website\",\"url\":\"http:\/\/good4book.com\/fr\/\",\"name\":\"Good4book\",\"description\":\"Best tools for writers\",\"publisher\":{\"@id\":\"http:\/\/good4book.com\/fr\/#organization\"},\"potentialAction\":[{\"@type\":\"SearchAction\",\"target\":{\"@type\":\"EntryPoint\",\"urlTemplate\":\"http:\/\/good4book.com\/fr\/?s={search_term_string}\"},\"query-input\":{\"@type\":\"PropertyValueSpecification\",\"valueRequired\":true,\"valueName\":\"search_term_string\"}}],\"inLanguage\":\"fr-FR\"},{\"@type\":\"Organization\",\"@id\":\"http:\/\/good4book.com\/fr\/#organization\",\"name\":\"Good4Book\",\"url\":\"http:\/\/good4book.com\/fr\/\",\"logo\":{\"@type\":\"ImageObject\",\"inLanguage\":\"fr-FR\",\"@id\":\"http:\/\/good4book.com\/fr\/#\/schema\/logo\/image\/\",\"url\":\"http:\/\/good4book.com\/wp-content\/uploads\/2020\/06\/Good4Book-favicon.png\",\"contentUrl\":\"http:\/\/good4book.com\/wp-content\/uploads\/2020\/06\/Good4Book-favicon.png\",\"width\":200,\"height\":199,\"caption\":\"Good4Book\"},\"image\":{\"@id\":\"http:\/\/good4book.com\/fr\/#\/schema\/logo\/image\/\"},\"sameAs\":[\"https:\/\/www.facebook.com\/good4book\/\",\"https:\/\/x.com\/GOOD4BOOK\",\"https:\/\/instagram.com\/good4book\",\"https:\/\/www.youtube.com\/channel\/UCI1ZPyXDwg8-0rtqEDCpTqQ\"]}]}<\/script>\n<!-- \/ Yoast SEO plugin. -->","yoast_head_json":{"title":"Writer's Cards | Cartes pour les \u00e9crivains | Good4Book | Comment \u00e9crire","description":"Writer's Cards \u00e9crivez votre conte. Outil pour les \u00e9crivains. Apprenez \u00e0 \u00e9crire un livre. Cartes pour les \u00e9crivains. L'intrigue. Pour \u00e9crire.","robots":{"index":"noindex","follow":"nofollow"},"og_locale":"fr_FR","og_type":"article","og_title":"Writer's Cards | Cartes pour les \u00e9crivains | Good4Book | Comment \u00e9crire","og_description":"Writer's Cards \u00e9crivez votre conte. Outil pour les \u00e9crivains. Apprenez \u00e0 \u00e9crire un livre. Cartes pour les \u00e9crivains. L'intrigue. Pour \u00e9crire.","og_url":"https:\/\/good4book.com\/fr\/politique-de-confidentialite\/","og_site_name":"Good4book","article_publisher":"https:\/\/www.facebook.com\/good4book\/","article_modified_time":"2020-07-16T20:02:27+00:00","og_image":[{"width":200,"height":199,"url":"https:\/\/good4book.com\/wp-content\/uploads\/2020\/06\/Good4Book-favicon.png","type":"image\/png"}],"twitter_card":"summary_large_image","twitter_site":"@GOOD4BOOK","twitter_misc":{"Dur\u00e9e de lecture estim\u00e9e":"12 minutes"},"schema":{"@context":"https:\/\/schema.org","@graph":[{"@type":"WebPage","@id":"https:\/\/good4book.com\/fr\/politique-de-confidentialite\/","url":"https:\/\/good4book.com\/fr\/politique-de-confidentialite\/","name":"Writer's Cards | Cartes pour les \u00e9crivains | Good4Book | Comment \u00e9crire","isPartOf":{"@id":"http:\/\/good4book.com\/fr\/#website"},"datePublished":"2020-07-16T09:15:40+00:00","dateModified":"2020-07-16T20:02:27+00:00","description":"Writer's Cards \u00e9crivez votre conte. Outil pour les \u00e9crivains. Apprenez \u00e0 \u00e9crire un livre. Cartes pour les \u00e9crivains. L'intrigue. Pour \u00e9crire.","breadcrumb":{"@id":"https:\/\/good4book.com\/fr\/politique-de-confidentialite\/#breadcrumb"},"inLanguage":"fr-FR","potentialAction":[{"@type":"ReadAction","target":["https:\/\/good4book.com\/fr\/politique-de-confidentialite\/"]}]},{"@type":"BreadcrumbList","@id":"https:\/\/good4book.com\/fr\/politique-de-confidentialite\/#breadcrumb","itemListElement":[{"@type":"ListItem","position":1,"name":"Home","item":"http:\/\/good4book.com\/fr\/"},{"@type":"ListItem","position":2,"name":"Politique de confidentialit\u00e9"}]},{"@type":"WebSite","@id":"http:\/\/good4book.com\/fr\/#website","url":"http:\/\/good4book.com\/fr\/","name":"Good4book","description":"Best tools for writers","publisher":{"@id":"http:\/\/good4book.com\/fr\/#organization"},"potentialAction":[{"@type":"SearchAction","target":{"@type":"EntryPoint","urlTemplate":"http:\/\/good4book.com\/fr\/?s={search_term_string}"},"query-input":{"@type":"PropertyValueSpecification","valueRequired":true,"valueName":"search_term_string"}}],"inLanguage":"fr-FR"},{"@type":"Organization","@id":"http:\/\/good4book.com\/fr\/#organization","name":"Good4Book","url":"http:\/\/good4book.com\/fr\/","logo":{"@type":"ImageObject","inLanguage":"fr-FR","@id":"http:\/\/good4book.com\/fr\/#\/schema\/logo\/image\/","url":"http:\/\/good4book.com\/wp-content\/uploads\/2020\/06\/Good4Book-favicon.png","contentUrl":"http:\/\/good4book.com\/wp-content\/uploads\/2020\/06\/Good4Book-favicon.png","width":200,"height":199,"caption":"Good4Book"},"image":{"@id":"http:\/\/good4book.com\/fr\/#\/schema\/logo\/image\/"},"sameAs":["https:\/\/www.facebook.com\/good4book\/","https:\/\/x.com\/GOOD4BOOK","https:\/\/instagram.com\/good4book","https:\/\/www.youtube.com\/channel\/UCI1ZPyXDwg8-0rtqEDCpTqQ"]}]}},"_links":{"self":[{"href":"https:\/\/good4book.com\/fr\/wp-json\/wp\/v2\/pages\/1990","targetHints":{"allow":["GET"]}}],"collection":[{"href":"https:\/\/good4book.com\/fr\/wp-json\/wp\/v2\/pages"}],"about":[{"href":"https:\/\/good4book.com\/fr\/wp-json\/wp\/v2\/types\/page"}],"author":[{"embeddable":true,"href":"https:\/\/good4book.com\/fr\/wp-json\/wp\/v2\/users\/1"}],"replies":[{"embeddable":true,"href":"https:\/\/good4book.com\/fr\/wp-json\/wp\/v2\/comments?post=1990"}],"version-history":[{"count":0,"href":"https:\/\/good4book.com\/fr\/wp-json\/wp\/v2\/pages\/1990\/revisions"}],"wp:attachment":[{"href":"https:\/\/good4book.com\/fr\/wp-json\/wp\/v2\/media?parent=1990"}],"curies":[{"name":"wp","href":"https:\/\/api.w.org\/{rel}","templated":true}]}}