{"id":1959,"date":"2020-07-15T18:12:42","date_gmt":"2020-07-15T18:12:42","guid":{"rendered":"https:\/\/good4book.com\/garantie-de-satisfaction\/"},"modified":"2020-07-15T18:12:42","modified_gmt":"2020-07-15T18:12:42","slug":"garantie-de-satisfaction","status":"publish","type":"page","link":"https:\/\/good4book.com\/fr\/garantie-de-satisfaction\/","title":{"rendered":"Garantie de satisfaction"},"content":{"rendered":"\n<p>Notre garantie de satisfaction est simple : si vous n&rsquo;\u00eates pas satisfait, faites-le nous savoir et nous r\u00e9soudrons le probl\u00e8me en votre faveur. Nous voulons que vous viviez une exp\u00e9rience incroyable avec <a href=\"http:\/\/good4book.com\/\">Good4Book<\/a> \u00e0 tous les niveaux. Cependant, nous comprenons que nous ne sommes pas parfaits. Nous faisons des erreurs. Si c&rsquo;est le cas, dites-le nous. Nous nous soucions de vous et nous voulons que vous soyez heureux.<\/p>\n\n<p>Si vous recevez des <a href=\"http:\/\/good4book.com\/sklep-online\/\">Writer&rsquo;s Cards<\/a> qui n&rsquo;est pas ce que vous attendiez, vous pouvez nous les renvoyer pour un remboursement complet ou un \u00e9change. Consultez notre <a href=\"http:\/\/good4book.com\/fr\/politique-de-confidentialite\/\">Politique des retours<\/a> pour plus d&rsquo;informations sur la mani\u00e8re de le faire.<\/p>\n\n<h2 class=\"has-text-align-center wp-block-heading\">Retour garanti<\/h2>\n\n<p class=\"has-text-align-center\"><strong>Laissez-nous vous aider<\/strong><\/p>\n\n<p>Avant de demander un remboursement, envoyez-nous une demande et laissez-nous vous aider \u00e0 r\u00e9soudre le probl\u00e8me.<\/p>\n\n<p class=\"has-text-align-center\"><strong>Retour garanti dans les 14 jours<\/strong><\/p>\n\n<p>Nous accordons un remboursement si le produit a \u00e9t\u00e9 achet\u00e9 moins de 14 jours avant la r\u00e9ception de la demande de remboursement.<\/p>\n\n<p class=\"has-text-align-center\"><strong>Envoyez-nous le motif du retour<\/strong><\/p>\n\n<p>Le motif est exig\u00e9 pour le retour. D\u00e9crivez-le avec soin et cela acc\u00e9l\u00e9rera le processus.<\/p>\n\n<h2 class=\"has-text-align-center wp-block-heading\">Politique de retour<\/h2>\n\n<p>Si vous n&rsquo;\u00eates pas satisfait du produit ou si vous avez un probl\u00e8me que nous ne pouvons pas r\u00e9soudre, vous pouvez demander un remboursement dans les 14 jours suivant l&rsquo;achat. Aucun remboursement ne sera effectu\u00e9 apr\u00e8s 14 jours.<\/p>\n\n<p>Pour effectuer un retour, vous devez donner une raison pour laquelle vous ne voulez pas utiliser le produit. Cela nous permettra d&rsquo;am\u00e9liorer nos produits. Nous pouvons retenir le remboursement jusqu&rsquo;\u00e0 ce que le motif soit indiqu\u00e9.<\/p>\n\n<p>Le remboursement est trait\u00e9 dans les 7 jours suivant votre demande. Pendant cette p\u00e9riode, nous pouvons vous contacter pour vous poser des questions sur notre produit.<\/p>\n\n<p>D\u00e9crivez l&rsquo;affaire en envoyant un message \u00e0 <a href=\"mailto:refund@good4book.com\">info@good4book.com<\/a> avec le titre REFUND + num\u00e9ro de commande.<\/p>\n\n<p>Apr\u00e8s avoir re\u00e7u une r\u00e9ponse au message, vous devrez renvoyer le produit \u00e0 l&rsquo;adresse:<\/p>\n\n<p><strong>Pro Design Studio Paulina Domaradzka<br\/>ul. Cybulskiego 28,<br\/>50-235 Wroc\u0142aw,<br\/>Pologne<\/strong><\/p>\n\n<p>Les frais d&rsquo;envoi du retour sont \u00e0 la charge du client. Si c&rsquo;est notre faute, nous vous rembourserons les frais. N&rsquo;envoyez pas de COD, nous ne les collectons pas.<\/p>\n\n<h2 class=\"has-text-align-center wp-block-heading\">Retours de contenu num\u00e9rique<\/h2>\n\n<p>Le contenu num\u00e9rique n&rsquo;est pas remboursable apr\u00e8s le t\u00e9l\u00e9chargement! En t\u00e9l\u00e9chargeant un contenu num\u00e9rique, vous acceptez de respecter les termes du contrat avant l&rsquo;expiration du d\u00e9lai de r\u00e9tractation et vous perdez votre droit de r\u00e9tractation.<\/p>\n","protected":false},"excerpt":{"rendered":"<p>Notre garantie de satisfaction est simple : si vous n&rsquo;\u00eates pas satisfait, faites-le nous savoir et nous r\u00e9soudrons le probl\u00e8me en votre faveur. Nous voulons que vous viviez une exp\u00e9rience incroyable avec Good4Book \u00e0 tous les niveaux. Cependant, nous comprenons que nous ne sommes pas parfaits. Nous faisons des erreurs. Si c&rsquo;est le cas, dites-le[&#8230;]\n","protected":false},"author":1,"featured_media":0,"parent":0,"menu_order":0,"comment_status":"closed","ping_status":"closed","template":"","meta":{"footnotes":""},"class_list":["post-1959","page","type-page","status-publish","hentry"],"yoast_head":"<!-- This site is optimized with the Yoast SEO plugin v26.7 - https:\/\/yoast.com\/wordpress\/plugins\/seo\/ -->\n<title>Writer&#039;s Cards | Cartes pour les \u00e9crivains | Good4Book | Comment \u00e9crire<\/title>\n<meta name=\"description\" content=\"Writer&#039;s Cards \u00e9crivez votre conte. Outil pour les \u00e9crivains. Apprenez \u00e0 \u00e9crire un livre. Cartes pour les \u00e9crivains. L&#039;intrigue. Pour \u00e9crire.\" \/>\n<meta name=\"robots\" content=\"noindex, nofollow\" \/>\n<meta property=\"og:locale\" content=\"fr_FR\" \/>\n<meta property=\"og:type\" content=\"article\" \/>\n<meta property=\"og:title\" content=\"Writer&#039;s Cards | Cartes pour les \u00e9crivains | Good4Book | Comment \u00e9crire\" \/>\n<meta property=\"og:description\" content=\"Writer&#039;s Cards \u00e9crivez votre conte. Outil pour les \u00e9crivains. Apprenez \u00e0 \u00e9crire un livre. Cartes pour les \u00e9crivains. L&#039;intrigue. Pour \u00e9crire.\" \/>\n<meta property=\"og:url\" content=\"https:\/\/good4book.com\/fr\/garantie-de-satisfaction\/\" \/>\n<meta property=\"og:site_name\" content=\"Good4book\" \/>\n<meta property=\"article:publisher\" content=\"https:\/\/www.facebook.com\/good4book\/\" \/>\n<meta property=\"og:image\" content=\"https:\/\/good4book.com\/wp-content\/uploads\/2020\/06\/Good4Book-favicon.png\" \/>\n\t<meta property=\"og:image:width\" content=\"200\" \/>\n\t<meta property=\"og:image:height\" content=\"199\" \/>\n\t<meta property=\"og:image:type\" content=\"image\/png\" \/>\n<meta name=\"twitter:card\" content=\"summary_large_image\" \/>\n<meta name=\"twitter:site\" content=\"@GOOD4BOOK\" \/>\n<meta name=\"twitter:label1\" content=\"Dur\u00e9e de lecture estim\u00e9e\" \/>\n\t<meta name=\"twitter:data1\" content=\"2 minutes\" \/>\n<script type=\"application\/ld+json\" class=\"yoast-schema-graph\">{\"@context\":\"https:\/\/schema.org\",\"@graph\":[{\"@type\":\"WebPage\",\"@id\":\"https:\/\/good4book.com\/fr\/garantie-de-satisfaction\/\",\"url\":\"https:\/\/good4book.com\/fr\/garantie-de-satisfaction\/\",\"name\":\"Writer's Cards | Cartes pour les \u00e9crivains | Good4Book | Comment \u00e9crire\",\"isPartOf\":{\"@id\":\"http:\/\/good4book.com\/fr\/#website\"},\"datePublished\":\"2020-07-15T18:12:42+00:00\",\"description\":\"Writer's Cards \u00e9crivez votre conte. Outil pour les \u00e9crivains. Apprenez \u00e0 \u00e9crire un livre. Cartes pour les \u00e9crivains. L'intrigue. Pour \u00e9crire.\",\"breadcrumb\":{\"@id\":\"https:\/\/good4book.com\/fr\/garantie-de-satisfaction\/#breadcrumb\"},\"inLanguage\":\"fr-FR\",\"potentialAction\":[{\"@type\":\"ReadAction\",\"target\":[\"https:\/\/good4book.com\/fr\/garantie-de-satisfaction\/\"]}]},{\"@type\":\"BreadcrumbList\",\"@id\":\"https:\/\/good4book.com\/fr\/garantie-de-satisfaction\/#breadcrumb\",\"itemListElement\":[{\"@type\":\"ListItem\",\"position\":1,\"name\":\"Home\",\"item\":\"http:\/\/good4book.com\/fr\/\"},{\"@type\":\"ListItem\",\"position\":2,\"name\":\"Garantie de satisfaction\"}]},{\"@type\":\"WebSite\",\"@id\":\"http:\/\/good4book.com\/fr\/#website\",\"url\":\"http:\/\/good4book.com\/fr\/\",\"name\":\"Good4book\",\"description\":\"Best tools for writers\",\"publisher\":{\"@id\":\"http:\/\/good4book.com\/fr\/#organization\"},\"potentialAction\":[{\"@type\":\"SearchAction\",\"target\":{\"@type\":\"EntryPoint\",\"urlTemplate\":\"http:\/\/good4book.com\/fr\/?s={search_term_string}\"},\"query-input\":{\"@type\":\"PropertyValueSpecification\",\"valueRequired\":true,\"valueName\":\"search_term_string\"}}],\"inLanguage\":\"fr-FR\"},{\"@type\":\"Organization\",\"@id\":\"http:\/\/good4book.com\/fr\/#organization\",\"name\":\"Good4Book\",\"url\":\"http:\/\/good4book.com\/fr\/\",\"logo\":{\"@type\":\"ImageObject\",\"inLanguage\":\"fr-FR\",\"@id\":\"http:\/\/good4book.com\/fr\/#\/schema\/logo\/image\/\",\"url\":\"http:\/\/good4book.com\/wp-content\/uploads\/2020\/06\/Good4Book-favicon.png\",\"contentUrl\":\"http:\/\/good4book.com\/wp-content\/uploads\/2020\/06\/Good4Book-favicon.png\",\"width\":200,\"height\":199,\"caption\":\"Good4Book\"},\"image\":{\"@id\":\"http:\/\/good4book.com\/fr\/#\/schema\/logo\/image\/\"},\"sameAs\":[\"https:\/\/www.facebook.com\/good4book\/\",\"https:\/\/x.com\/GOOD4BOOK\",\"https:\/\/instagram.com\/good4book\",\"https:\/\/www.youtube.com\/channel\/UCI1ZPyXDwg8-0rtqEDCpTqQ\"]}]}<\/script>\n<!-- \/ Yoast SEO plugin. -->","yoast_head_json":{"title":"Writer's Cards | Cartes pour les \u00e9crivains | Good4Book | Comment \u00e9crire","description":"Writer's Cards \u00e9crivez votre conte. Outil pour les \u00e9crivains. Apprenez \u00e0 \u00e9crire un livre. Cartes pour les \u00e9crivains. L'intrigue. Pour \u00e9crire.","robots":{"index":"noindex","follow":"nofollow"},"og_locale":"fr_FR","og_type":"article","og_title":"Writer's Cards | Cartes pour les \u00e9crivains | Good4Book | Comment \u00e9crire","og_description":"Writer's Cards \u00e9crivez votre conte. Outil pour les \u00e9crivains. Apprenez \u00e0 \u00e9crire un livre. Cartes pour les \u00e9crivains. L'intrigue. Pour \u00e9crire.","og_url":"https:\/\/good4book.com\/fr\/garantie-de-satisfaction\/","og_site_name":"Good4book","article_publisher":"https:\/\/www.facebook.com\/good4book\/","og_image":[{"width":200,"height":199,"url":"https:\/\/good4book.com\/wp-content\/uploads\/2020\/06\/Good4Book-favicon.png","type":"image\/png"}],"twitter_card":"summary_large_image","twitter_site":"@GOOD4BOOK","twitter_misc":{"Dur\u00e9e de lecture estim\u00e9e":"2 minutes"},"schema":{"@context":"https:\/\/schema.org","@graph":[{"@type":"WebPage","@id":"https:\/\/good4book.com\/fr\/garantie-de-satisfaction\/","url":"https:\/\/good4book.com\/fr\/garantie-de-satisfaction\/","name":"Writer's Cards | Cartes pour les \u00e9crivains | Good4Book | Comment \u00e9crire","isPartOf":{"@id":"http:\/\/good4book.com\/fr\/#website"},"datePublished":"2020-07-15T18:12:42+00:00","description":"Writer's Cards \u00e9crivez votre conte. Outil pour les \u00e9crivains. Apprenez \u00e0 \u00e9crire un livre. Cartes pour les \u00e9crivains. L'intrigue. Pour \u00e9crire.","breadcrumb":{"@id":"https:\/\/good4book.com\/fr\/garantie-de-satisfaction\/#breadcrumb"},"inLanguage":"fr-FR","potentialAction":[{"@type":"ReadAction","target":["https:\/\/good4book.com\/fr\/garantie-de-satisfaction\/"]}]},{"@type":"BreadcrumbList","@id":"https:\/\/good4book.com\/fr\/garantie-de-satisfaction\/#breadcrumb","itemListElement":[{"@type":"ListItem","position":1,"name":"Home","item":"http:\/\/good4book.com\/fr\/"},{"@type":"ListItem","position":2,"name":"Garantie de satisfaction"}]},{"@type":"WebSite","@id":"http:\/\/good4book.com\/fr\/#website","url":"http:\/\/good4book.com\/fr\/","name":"Good4book","description":"Best tools for writers","publisher":{"@id":"http:\/\/good4book.com\/fr\/#organization"},"potentialAction":[{"@type":"SearchAction","target":{"@type":"EntryPoint","urlTemplate":"http:\/\/good4book.com\/fr\/?s={search_term_string}"},"query-input":{"@type":"PropertyValueSpecification","valueRequired":true,"valueName":"search_term_string"}}],"inLanguage":"fr-FR"},{"@type":"Organization","@id":"http:\/\/good4book.com\/fr\/#organization","name":"Good4Book","url":"http:\/\/good4book.com\/fr\/","logo":{"@type":"ImageObject","inLanguage":"fr-FR","@id":"http:\/\/good4book.com\/fr\/#\/schema\/logo\/image\/","url":"http:\/\/good4book.com\/wp-content\/uploads\/2020\/06\/Good4Book-favicon.png","contentUrl":"http:\/\/good4book.com\/wp-content\/uploads\/2020\/06\/Good4Book-favicon.png","width":200,"height":199,"caption":"Good4Book"},"image":{"@id":"http:\/\/good4book.com\/fr\/#\/schema\/logo\/image\/"},"sameAs":["https:\/\/www.facebook.com\/good4book\/","https:\/\/x.com\/GOOD4BOOK","https:\/\/instagram.com\/good4book","https:\/\/www.youtube.com\/channel\/UCI1ZPyXDwg8-0rtqEDCpTqQ"]}]}},"_links":{"self":[{"href":"https:\/\/good4book.com\/fr\/wp-json\/wp\/v2\/pages\/1959","targetHints":{"allow":["GET"]}}],"collection":[{"href":"https:\/\/good4book.com\/fr\/wp-json\/wp\/v2\/pages"}],"about":[{"href":"https:\/\/good4book.com\/fr\/wp-json\/wp\/v2\/types\/page"}],"author":[{"embeddable":true,"href":"https:\/\/good4book.com\/fr\/wp-json\/wp\/v2\/users\/1"}],"replies":[{"embeddable":true,"href":"https:\/\/good4book.com\/fr\/wp-json\/wp\/v2\/comments?post=1959"}],"version-history":[{"count":0,"href":"https:\/\/good4book.com\/fr\/wp-json\/wp\/v2\/pages\/1959\/revisions"}],"wp:attachment":[{"href":"https:\/\/good4book.com\/fr\/wp-json\/wp\/v2\/media?parent=1959"}],"curies":[{"name":"wp","href":"https:\/\/api.w.org\/{rel}","templated":true}]}}