{"id":3812,"date":"2020-06-25T06:58:36","date_gmt":"2020-07-17T20:15:31","guid":{"rendered":"https:\/\/good4book.com\/sklep-online\/writers-cards-premium-classic\/"},"modified":"2023-09-07T11:17:31","modified_gmt":"2023-09-07T11:17:31","slug":"writers-cards-premium-classic","status":"publish","type":"product","link":"https:\/\/good4book.com\/es\/sklep-online\/writers-cards-premium-classic\/","title":{"rendered":"Writer&#8217;s Cards PREMIUM &#8211; Classic"},"content":{"rendered":"<p>Writer&#8217;s Cards Premium es un juego de cartas para escritores compuesto de 75 cartas. Cada carta contiene consejos sobre los elementos de la novela. Es una gran manera de motivarte a escribir. Est\u00e1n dise\u00f1ados para planificar novelas complejas, construir mundos ambiciosos, hilos de varios personajes, aliados y enemigos.<\/p>\n<h2>Writer&#8217;s Cards Premium contiene:<\/h2>\n<ul>\n<li>36 Cartas de Valores<\/li>\n<li>25 Cartas de la Trama<\/li>\n<li>14 Cartas de la Edici\u00f3n<\/li>\n<\/ul>\n\n\t\t<div class=\"icon-box featured-box icon-box-center text-center\"  >\n\t\t\t\t<div class=\"icon-box-text last-reset\">\n\t\t\t\t\t\t\t\t\t\n\t\t<\/div>\n\t<\/div>\n\t\n\t\n<p>La opci\u00f3n Writer&#8217;s Cards Premium es una excelente elecci\u00f3n para escritores ambiciosos, autores de juegos y pel\u00edculas. Incluye cartas de valores adicionales para describir el mundo representado con m\u00e1s detalle, as\u00ed como cartas adicionales de la trama para a\u00f1adir riqueza a la historia.<\/p>\n\n\t\t<div class=\"icon-box featured-box icon-box-center text-center\"  >\n\t\t\t\t<div class=\"icon-box-text last-reset\">\n\t\t\t\t\t\t\t\t\t\n\t\t<\/div>\n\t<\/div>\n\t\n\t\n<p>Las Writer\u2019s Cards te permiten planificar y editar un libro f\u00e1cilmente, adem\u00e1s de tener un acceso conveniente a las notas y al esquema de la novela. Es una herramienta \u00fatil para escritores y guionistas.<\/p>\n<p><img loading=\"lazy\" decoding=\"async\" class=\"wp-image-4302 size-medium aligncenter\" src=\"http:\/\/good4book.com\/wp-content\/uploads\/2014\/06\/KartyWartosci-Classic-500x400.jpg\" alt=\"\" width=\"500\" height=\"400\" srcset=\"https:\/\/good4book.com\/wp-content\/uploads\/2014\/06\/KartyWartosci-Classic-500x400.jpg 500w, https:\/\/good4book.com\/wp-content\/uploads\/2014\/06\/KartyWartosci-Classic-1000x800.jpg 1000w, https:\/\/good4book.com\/wp-content\/uploads\/2014\/06\/KartyWartosci-Classic-768x614.jpg 768w, https:\/\/good4book.com\/wp-content\/uploads\/2014\/06\/KartyWartosci-Classic-1536x1229.jpg 1536w, https:\/\/good4book.com\/wp-content\/uploads\/2014\/06\/KartyWartosci-Classic-300x240.jpg 300w, https:\/\/good4book.com\/wp-content\/uploads\/2014\/06\/KartyWartosci-Classic-600x480.jpg 600w, https:\/\/good4book.com\/wp-content\/uploads\/2014\/06\/KartyWartosci-Classic.jpg 1920w\" sizes=\"auto, (max-width: 500px) 100vw, 500px\" \/><\/p>\n<p>Planea la trama y el mundo de la novela, en forma de moodboard, \u00a1donde quieras! Organiza las Writer\u2019s Cards sobre la mesa, p\u00e9galas a la pared con cinta o notas adhesivas y planifica la historia!<\/p>\n\n\t\t<div class=\"icon-box featured-box icon-box-center text-center\"  >\n\t\t\t\t<div class=\"icon-box-text last-reset\">\n\t\t\t\t\t\t\t\t\t\n\t\t<\/div>\n\t<\/div>\n\t\n\t\n<p>Las Writer&#8217;s Cards est\u00e1n fabricadas con materiales de alta calidad para que trabajar con ellas sea un placer. S\u00f3lo utilizamos materiales adecuados para la producci\u00f3n de productos de alta gama. Al pedir un juego de cartas de escritor, se obtiene una <a href=\"http:\/\/good4book.com\/es\/garantia-de-satisfaccion\/\">garant\u00eda de satisfacci\u00f3n<\/a>.<\/p>\n<p>Writer&#8217;s Cards Premium es nuestro mejor producto para ayudarte a escribir bestsellers, historias complejas y a planificar mundos y subtramas.<\/p>\n<h2>Writer\u2019s Cards para la industria creativa<\/h2>\n<ul>\n<li>basadad en novelas intemporales y bestsellers<\/li>\n<li>versi\u00f3n impresa disponible en todo el mundo: nuestros <a href=\"http:\/\/good4book.com\/es\/puntos-de-envio\/\">centros de env\u00edo<\/a> se encuentran en Alemania, Inglaterra, Holanda, Polonia y Espa\u00f1a<\/li>\n<li>numerosas versiones ling\u00fc\u00edsticas y <a href=\"http:\/\/good4book.com\/es\/categoria-producto\/version-electronica\/\">gr\u00e1ficas<\/a><\/li>\n<li>aprende a escribir una novela, a describir los personajes, a manejar el tiempo de los acontecimientos, a planificar la trama y el concepto de la novela, y a conocer el viaje del personaje<\/li>\n<\/ul>\n<p>Con las Writer\u2019s Cards construir\u00e1s todo tipo de historias, desde las m\u00e1s simples hasta las novelas y guiones m\u00e1s complejos.<\/p>\n<h2>Las novelas que podr\u00e1s escribir con las Writer\u2019s Cards<\/h2>\n<ul>\n<li><a href=\"http:\/\/good4book.com\/es\/como-escribir-una-novela-fantastica\/\">novela fant\u00e1stica<\/a>,<\/li>\n<li><a href=\"http:\/\/good4book.com\/es\/como-escribir-una-novela-policiaca\/\">novela polic\u00edaca<\/a>,<\/li>\n<li><a href=\"http:\/\/good4book.com\/es\/como-escribir-una-novela-romantica\/\">novela rom\u00e1ntica<\/a>,<\/li>\n<li><a href=\"http:\/\/good4book.com\/es\/como-escribir-un-thriller-o-una-pelicula-de-terror\/\">thriller y horror<\/a>,<\/li>\n<li><a href=\"http:\/\/good4book.com\/es\/como-escribir-un-guion-para-un-juego\/\">gui\u00f3n para un juego<\/a>,<\/li>\n<li><a href=\"http:\/\/good4book.com\/es\/como-escribir-un-guion-de-pelicula\/\">gui\u00f3n para una pel\u00edcula<\/a>,<\/li>\n<li>y muchos m\u00e1s!<\/li>\n<\/ul>\n<h2 style=\"text-align: left;\">Regala las Writer\u2019s Cards a un ser querido<\/h2>\n<p>Puedes regalar las cartas a un ser querido. Contacta con nosotros a trav\u00e9s del <a href=\"http:\/\/good4book.com\/es\/contacto\/\">formulario<\/a>, introduce tu nombre y direcci\u00f3n de correo electr\u00f3nico y prepararemos un vale de regalo especial para ti!<\/p>\n<h2 style=\"text-align: left;\">Good4Book es una buena elecci\u00f3n<\/h2>\n<p><span style=\"color: #d83131;\"><strong>Ahorras tiempo<\/strong><\/span> &#8211; olvida hacer las cartas t\u00fa mismo. Aqu\u00ed puedes elegir el juego que m\u00e1s te convenga.<\/p>\n<p><strong><span style=\"color: #d83131;\">Ahorras dinero<\/span><\/strong> &#8211; la versi\u00f3n impresa de Writer&#8217;s Cards es un juego barato accesible a todos.<\/p>\n<p><span style=\"color: #d83131;\"><strong>Calidad profesional<\/strong><\/span> &#8211; hemos hecho todo lo posible para que trabajar con Writer&#8217;s Cards sea un placer.<\/p>\n<p><strong><span style=\"color: #d83131;\">Excelente motivaci\u00f3n<\/span><\/strong> &#8211; completar las tareas con cartas es una gran motivaci\u00f3n para escribir un libro.<\/p>\n<p><strong><span style=\"color: #d83131;\">Sitio web intuitivo<\/span><\/strong> &#8211; las Writer&#8217;s Cards pueden ser ordenadas desde tu ordenador o smartphone, con tu carta de cr\u00e9dito o una pasarela de pago elegida.<\/p>\n<p>No pierdas la oportunidad de desarrollarte y no pierdas la oportunidad de escribir una buena novela. Elige una herramienta para los escritores probada y compre las Writer&#8217;s Cards hoy!<\/p>\n<h2>El juego de Writer&#8217;s Cards incluye<\/h2>\n<ul>\n<li>Writer&#8217;s Cards &#8211; versi\u00f3n impresa en el idioma elegido<\/li>\n<li><a href=\"http:\/\/good4book.com\/es\/garantia-de-satisfaccion\/\">Garant\u00eda de satisfacci\u00f3n<\/a><\/li>\n<li>Productos adicionales para los novelistas<\/li>\n<li>Factura con IVA (opcional)<\/li>\n<li>Para obtener m\u00e1s informaci\u00f3n, consulta las preguntas frecuentes (<a href=\"http:\/\/good4book.com\/es\/contacto\/\">FAQ<\/a>)<\/li>\n<\/ul>\n<p><strong>\u00a1Al invertir en las cartas, se invierte en la calidad del libro! \u00a1Usa las Writer&#8217;s Cards para escribir tu mejor novela!<\/strong><\/p>\n<div class=\"video video-fit mb box-shadow-2\" style=\"padding-top:50%;\"><p><iframe loading=\"lazy\" title=\"Good4Book Writer&#039;s Cards Premium - CLASSIC Edition\" width=\"1020\" height=\"574\" src=\"https:\/\/www.youtube.com\/embed\/vr8Druyiuio?feature=oembed\" frameborder=\"0\" allow=\"accelerometer; autoplay; encrypted-media; gyroscope; picture-in-picture\" allowfullscreen><\/iframe><\/p>\n<\/div>\n","protected":false},"excerpt":{"rendered":"<p>A\u00f1adir a la cesta para empezar a comprar! Las Writer\u2019s Cards se enviar\u00e1n una vez recibido el pago.<\/p>\n","protected":false},"featured_media":3703,"template":"","meta":[],"product_brand":[],"product_cat":[658,648],"product_tag":[844,812,853,849,826],"class_list":{"0":"post-3812","1":"product","2":"type-product","3":"status-publish","4":"has-post-thumbnail","6":"product_cat-version-impresa","7":"product_cat-writers-cards-premium-es","8":"product_tag-cartas-para-escritores","9":"product_tag-good4book-es","10":"product_tag-herramientas-para-los-escritores","11":"product_tag-motivacion-para-escribir","12":"product_tag-writers-cards-es","14":"first","15":"instock","16":"taxable","17":"shipping-taxable","18":"purchasable","19":"product-type-variable","20":"has-default-attributes"},"yoast_head":"<!-- This site is optimized with the Yoast SEO plugin v26.7 - https:\/\/yoast.com\/wordpress\/plugins\/seo\/ -->\n<title>Writer&#039;s Cards | Cartas para escritores | Good4Book | C\u00f3mo escribir<\/title>\n<meta name=\"description\" content=\"Writer&#039;s Cards escribe tu historia. Herramienta para los escritores. Aprende a escribir un libro. cartas para los escritores. La trama. Para escribir.\" \/>\n<meta name=\"robots\" content=\"index, follow, max-snippet:-1, max-image-preview:large, max-video-preview:-1\" \/>\n<link rel=\"canonical\" href=\"https:\/\/good4book.com\/es\/sklep-online\/writers-cards-premium-classic\/\" \/>\n<meta property=\"og:locale\" content=\"es_ES\" \/>\n<meta property=\"og:type\" content=\"article\" \/>\n<meta property=\"og:title\" content=\"Writer&#039;s Cards | Cartas para escritores | Good4Book | C\u00f3mo escribir\" \/>\n<meta property=\"og:description\" content=\"Writer&#039;s Cards escribe tu historia. Herramienta para los escritores. Aprende a escribir un libro. cartas para los escritores. La trama. Para escribir.\" \/>\n<meta property=\"og:url\" content=\"https:\/\/good4book.com\/es\/sklep-online\/writers-cards-premium-classic\/\" \/>\n<meta property=\"og:site_name\" content=\"Good4book\" \/>\n<meta property=\"article:publisher\" content=\"https:\/\/www.facebook.com\/good4book\/\" \/>\n<meta property=\"article:modified_time\" content=\"2023-09-07T11:17:31+00:00\" \/>\n<meta property=\"og:image\" content=\"https:\/\/good4book.com\/wp-content\/uploads\/2020\/06\/Box-premium-grafika001.jpg\" \/>\n\t<meta property=\"og:image:width\" content=\"1000\" \/>\n\t<meta property=\"og:image:height\" content=\"800\" \/>\n\t<meta property=\"og:image:type\" content=\"image\/jpeg\" \/>\n<meta name=\"twitter:card\" content=\"summary_large_image\" \/>\n<meta name=\"twitter:site\" content=\"@GOOD4BOOK\" \/>\n<meta name=\"twitter:label1\" content=\"Tiempo de lectura\" \/>\n\t<meta name=\"twitter:data1\" content=\"4 minutos\" \/>\n<script type=\"application\/ld+json\" class=\"yoast-schema-graph\">{\"@context\":\"https:\/\/schema.org\",\"@graph\":[{\"@type\":\"WebPage\",\"@id\":\"https:\/\/good4book.com\/es\/sklep-online\/writers-cards-premium-classic\/\",\"url\":\"https:\/\/good4book.com\/es\/sklep-online\/writers-cards-premium-classic\/\",\"name\":\"Writer's Cards | Cartas para escritores | Good4Book | C\u00f3mo escribir\",\"isPartOf\":{\"@id\":\"https:\/\/good4book.com\/es\/#website\"},\"primaryImageOfPage\":{\"@id\":\"https:\/\/good4book.com\/es\/sklep-online\/writers-cards-premium-classic\/#primaryimage\"},\"image\":{\"@id\":\"https:\/\/good4book.com\/es\/sklep-online\/writers-cards-premium-classic\/#primaryimage\"},\"thumbnailUrl\":\"https:\/\/good4book.com\/wp-content\/uploads\/2020\/06\/Box-premium-grafika001.jpg\",\"datePublished\":\"2020-07-17T20:15:31+00:00\",\"dateModified\":\"2023-09-07T11:17:31+00:00\",\"description\":\"Writer's Cards escribe tu historia. Herramienta para los escritores. Aprende a escribir un libro. cartas para los escritores. La trama. Para escribir.\",\"breadcrumb\":{\"@id\":\"https:\/\/good4book.com\/es\/sklep-online\/writers-cards-premium-classic\/#breadcrumb\"},\"inLanguage\":\"es\",\"potentialAction\":[{\"@type\":\"ReadAction\",\"target\":[\"https:\/\/good4book.com\/es\/sklep-online\/writers-cards-premium-classic\/\"]}]},{\"@type\":\"ImageObject\",\"inLanguage\":\"es\",\"@id\":\"https:\/\/good4book.com\/es\/sklep-online\/writers-cards-premium-classic\/#primaryimage\",\"url\":\"https:\/\/good4book.com\/wp-content\/uploads\/2020\/06\/Box-premium-grafika001.jpg\",\"contentUrl\":\"https:\/\/good4book.com\/wp-content\/uploads\/2020\/06\/Box-premium-grafika001.jpg\",\"width\":1000,\"height\":800},{\"@type\":\"BreadcrumbList\",\"@id\":\"https:\/\/good4book.com\/es\/sklep-online\/writers-cards-premium-classic\/#breadcrumb\",\"itemListElement\":[{\"@type\":\"ListItem\",\"position\":1,\"name\":\"Home\",\"item\":\"https:\/\/good4book.com\/es\/\"},{\"@type\":\"ListItem\",\"position\":2,\"name\":\"Tienda online\",\"item\":\"https:\/\/good4book.com\/es\/tienda-online\/\"},{\"@type\":\"ListItem\",\"position\":3,\"name\":\"Writer&#8217;s Cards PREMIUM &#8211; Classic\"}]},{\"@type\":\"WebSite\",\"@id\":\"https:\/\/good4book.com\/es\/#website\",\"url\":\"https:\/\/good4book.com\/es\/\",\"name\":\"Good4book\",\"description\":\"Best tools for writers\",\"publisher\":{\"@id\":\"https:\/\/good4book.com\/es\/#organization\"},\"potentialAction\":[{\"@type\":\"SearchAction\",\"target\":{\"@type\":\"EntryPoint\",\"urlTemplate\":\"https:\/\/good4book.com\/es\/?s={search_term_string}\"},\"query-input\":{\"@type\":\"PropertyValueSpecification\",\"valueRequired\":true,\"valueName\":\"search_term_string\"}}],\"inLanguage\":\"es\"},{\"@type\":\"Organization\",\"@id\":\"https:\/\/good4book.com\/es\/#organization\",\"name\":\"Good4Book\",\"url\":\"https:\/\/good4book.com\/es\/\",\"logo\":{\"@type\":\"ImageObject\",\"inLanguage\":\"es\",\"@id\":\"https:\/\/good4book.com\/es\/#\/schema\/logo\/image\/\",\"url\":\"http:\/\/good4book.com\/wp-content\/uploads\/2020\/06\/Good4Book-favicon.png\",\"contentUrl\":\"http:\/\/good4book.com\/wp-content\/uploads\/2020\/06\/Good4Book-favicon.png\",\"width\":200,\"height\":199,\"caption\":\"Good4Book\"},\"image\":{\"@id\":\"https:\/\/good4book.com\/es\/#\/schema\/logo\/image\/\"},\"sameAs\":[\"https:\/\/www.facebook.com\/good4book\/\",\"https:\/\/x.com\/GOOD4BOOK\",\"https:\/\/instagram.com\/good4book\",\"https:\/\/www.youtube.com\/channel\/UCI1ZPyXDwg8-0rtqEDCpTqQ\"]}]}<\/script>\n<!-- \/ Yoast SEO plugin. -->","yoast_head_json":{"title":"Writer's Cards | Cartas para escritores | Good4Book | C\u00f3mo escribir","description":"Writer's Cards escribe tu historia. Herramienta para los escritores. Aprende a escribir un libro. cartas para los escritores. La trama. Para escribir.","robots":{"index":"index","follow":"follow","max-snippet":"max-snippet:-1","max-image-preview":"max-image-preview:large","max-video-preview":"max-video-preview:-1"},"canonical":"https:\/\/good4book.com\/es\/sklep-online\/writers-cards-premium-classic\/","og_locale":"es_ES","og_type":"article","og_title":"Writer's Cards | Cartas para escritores | Good4Book | C\u00f3mo escribir","og_description":"Writer's Cards escribe tu historia. Herramienta para los escritores. Aprende a escribir un libro. cartas para los escritores. La trama. Para escribir.","og_url":"https:\/\/good4book.com\/es\/sklep-online\/writers-cards-premium-classic\/","og_site_name":"Good4book","article_publisher":"https:\/\/www.facebook.com\/good4book\/","article_modified_time":"2023-09-07T11:17:31+00:00","og_image":[{"width":1000,"height":800,"url":"https:\/\/good4book.com\/wp-content\/uploads\/2020\/06\/Box-premium-grafika001.jpg","type":"image\/jpeg"}],"twitter_card":"summary_large_image","twitter_site":"@GOOD4BOOK","twitter_misc":{"Tiempo de lectura":"4 minutos"},"schema":{"@context":"https:\/\/schema.org","@graph":[{"@type":"WebPage","@id":"https:\/\/good4book.com\/es\/sklep-online\/writers-cards-premium-classic\/","url":"https:\/\/good4book.com\/es\/sklep-online\/writers-cards-premium-classic\/","name":"Writer's Cards | Cartas para escritores | Good4Book | C\u00f3mo escribir","isPartOf":{"@id":"https:\/\/good4book.com\/es\/#website"},"primaryImageOfPage":{"@id":"https:\/\/good4book.com\/es\/sklep-online\/writers-cards-premium-classic\/#primaryimage"},"image":{"@id":"https:\/\/good4book.com\/es\/sklep-online\/writers-cards-premium-classic\/#primaryimage"},"thumbnailUrl":"https:\/\/good4book.com\/wp-content\/uploads\/2020\/06\/Box-premium-grafika001.jpg","datePublished":"2020-07-17T20:15:31+00:00","dateModified":"2023-09-07T11:17:31+00:00","description":"Writer's Cards escribe tu historia. Herramienta para los escritores. Aprende a escribir un libro. cartas para los escritores. La trama. Para escribir.","breadcrumb":{"@id":"https:\/\/good4book.com\/es\/sklep-online\/writers-cards-premium-classic\/#breadcrumb"},"inLanguage":"es","potentialAction":[{"@type":"ReadAction","target":["https:\/\/good4book.com\/es\/sklep-online\/writers-cards-premium-classic\/"]}]},{"@type":"ImageObject","inLanguage":"es","@id":"https:\/\/good4book.com\/es\/sklep-online\/writers-cards-premium-classic\/#primaryimage","url":"https:\/\/good4book.com\/wp-content\/uploads\/2020\/06\/Box-premium-grafika001.jpg","contentUrl":"https:\/\/good4book.com\/wp-content\/uploads\/2020\/06\/Box-premium-grafika001.jpg","width":1000,"height":800},{"@type":"BreadcrumbList","@id":"https:\/\/good4book.com\/es\/sklep-online\/writers-cards-premium-classic\/#breadcrumb","itemListElement":[{"@type":"ListItem","position":1,"name":"Home","item":"https:\/\/good4book.com\/es\/"},{"@type":"ListItem","position":2,"name":"Tienda online","item":"https:\/\/good4book.com\/es\/tienda-online\/"},{"@type":"ListItem","position":3,"name":"Writer&#8217;s Cards PREMIUM &#8211; Classic"}]},{"@type":"WebSite","@id":"https:\/\/good4book.com\/es\/#website","url":"https:\/\/good4book.com\/es\/","name":"Good4book","description":"Best tools for writers","publisher":{"@id":"https:\/\/good4book.com\/es\/#organization"},"potentialAction":[{"@type":"SearchAction","target":{"@type":"EntryPoint","urlTemplate":"https:\/\/good4book.com\/es\/?s={search_term_string}"},"query-input":{"@type":"PropertyValueSpecification","valueRequired":true,"valueName":"search_term_string"}}],"inLanguage":"es"},{"@type":"Organization","@id":"https:\/\/good4book.com\/es\/#organization","name":"Good4Book","url":"https:\/\/good4book.com\/es\/","logo":{"@type":"ImageObject","inLanguage":"es","@id":"https:\/\/good4book.com\/es\/#\/schema\/logo\/image\/","url":"http:\/\/good4book.com\/wp-content\/uploads\/2020\/06\/Good4Book-favicon.png","contentUrl":"http:\/\/good4book.com\/wp-content\/uploads\/2020\/06\/Good4Book-favicon.png","width":200,"height":199,"caption":"Good4Book"},"image":{"@id":"https:\/\/good4book.com\/es\/#\/schema\/logo\/image\/"},"sameAs":["https:\/\/www.facebook.com\/good4book\/","https:\/\/x.com\/GOOD4BOOK","https:\/\/instagram.com\/good4book","https:\/\/www.youtube.com\/channel\/UCI1ZPyXDwg8-0rtqEDCpTqQ"]}]}},"_links":{"self":[{"href":"https:\/\/good4book.com\/es\/wp-json\/wp\/v2\/product\/3812","targetHints":{"allow":["GET"]}}],"collection":[{"href":"https:\/\/good4book.com\/es\/wp-json\/wp\/v2\/product"}],"about":[{"href":"https:\/\/good4book.com\/es\/wp-json\/wp\/v2\/types\/product"}],"wp:featuredmedia":[{"embeddable":true,"href":"https:\/\/good4book.com\/es\/wp-json\/wp\/v2\/media\/3703"}],"wp:attachment":[{"href":"https:\/\/good4book.com\/es\/wp-json\/wp\/v2\/media?parent=3812"}],"wp:term":[{"taxonomy":"product_brand","embeddable":true,"href":"https:\/\/good4book.com\/es\/wp-json\/wp\/v2\/product_brand?post=3812"},{"taxonomy":"product_cat","embeddable":true,"href":"https:\/\/good4book.com\/es\/wp-json\/wp\/v2\/product_cat?post=3812"},{"taxonomy":"product_tag","embeddable":true,"href":"https:\/\/good4book.com\/es\/wp-json\/wp\/v2\/product_tag?post=3812"}],"curies":[{"name":"wp","href":"https:\/\/api.w.org\/{rel}","templated":true}]}}