{"id":2625,"date":"2013-08-11T19:22:53","date_gmt":"2013-08-11T19:22:53","guid":{"rendered":"https:\/\/good4book.com\/kontakt\/"},"modified":"2023-10-18T16:10:23","modified_gmt":"2023-10-18T16:10:23","slug":"contacto","status":"publish","type":"page","link":"https:\/\/good4book.com\/es\/contacto\/","title":{"rendered":"Contacto"},"content":{"rendered":"\n<div class=\"row\"  id=\"row-1312469952\">\n\n\n\t<div id=\"col-279832459\" class=\"col medium-6 large-6\"  >\n\t\t\t\t<div class=\"col-inner\"  >\n\t\t\t\n\t\t\t\n\n<div class=\"container section-title-container\" ><h3 class=\"section-title section-title-normal\"><b><\/b><span class=\"section-title-main\" >RESPUESTAS A LAS PREGUNTAS (FAQ):<\/span><b><\/b><\/h3><\/div>\n\n<p class=\"lead\">Consultar las respuestas a las preguntas de nuestros clientes. Si no encuentras una respuesta a tu pregunta, escr\u00edbenos en ingl\u00e9s.<\/p>\n<div class=\"accordion\">\n\n\t<div id=\"accordion-2992050309\" class=\"accordion-item\">\n\t\t<a id=\"accordion-2992050309-label\" class=\"accordion-title plain\" href=\"#accordion-item-\u00bfest\u00e1n-disponibles-las-writer&#039;s-cards-en-mi-pa\u00eds?\" aria-expanded=\"false\" aria-controls=\"accordion-2992050309-content\" >\n\t\t\t<button class=\"toggle\" aria-label=\"Toggle\"><i class=\"icon-angle-down\"><\/i><\/button>\n\t\t\t<span>\u00bfEst\u00e1n disponibles las Writer's Cards en mi pa\u00eds?<\/span>\n\t\t<\/a>\n\t\t<div id=\"accordion-2992050309-content\" class=\"accordion-inner\" aria-labelledby=\"accordion-2992050309-label\" >\n\t\t\t\n\n<p>Puedes comprar Writer&#8217;s Cards electr\u00f3nicamente en cualquier parte del mundo y recibirlas inmediatamente despu\u00e9s de la compra!<\/p>\n\n\t\t<div class=\"icon-box featured-box icon-box-center text-center\"  >\n\t\t\t\t<div class=\"icon-box-text last-reset\">\n\t\t\t\t\t\t\t\t\t\n<p>\n\n\t\t<\/div>\n\t<\/div>\n\t\n\t\n<p>Enviamos la versi\u00f3n f\u00edsica de las Writer&#8217;s Cards desde Alemania, Inglaterra, Holanda, Polonia y Espa\u00f1a. Si compras en otro pa\u00eds, recibir\u00e1s el env\u00edo del almac\u00e9n m\u00e1s cercano. Revisa nuestros <a href=\"http:\/\/good4book.com\/es\/puntos-de-envio\/\">puntos de env\u00edo<\/a>.<\/p>\n\n\t\t<\/div>\n\t<\/div>\n\t\n\t<div id=\"accordion-1101190728\" class=\"accordion-item\">\n\t\t<a id=\"accordion-1101190728-label\" class=\"accordion-title plain\" href=\"#accordion-item-\u00bfc\u00f3mo-puedo-obtener-una-factura-con-iva?\" aria-expanded=\"false\" aria-controls=\"accordion-1101190728-content\" >\n\t\t\t<button class=\"toggle\" aria-label=\"Toggle\"><i class=\"icon-angle-down\"><\/i><\/button>\n\t\t\t<span>\u00bfC\u00f3mo puedo obtener una factura con IVA?<\/span>\n\t\t<\/a>\n\t\t<div id=\"accordion-1101190728-content\" class=\"accordion-inner\" aria-labelledby=\"accordion-1101190728-label\" >\n\t\t\t\n\n<p>Cuando hagas el pedido, introduce los datos de tu empresa y la informaci\u00f3n del IVA de la UE. La exactitud del IVA de la UE se comprobar\u00e1 autom\u00e1ticamente en el registro VIES.<\/p>\n<p>Por favor, indica en tu pedido que te gustar\u00eda recibir una factura con IVA. La factura se enviar\u00e1 autom\u00e1ticamente despu\u00e9s de realizar el pago.<\/p>\n\n\t\t<div class=\"icon-box featured-box icon-box-center text-center\"  >\n\t\t\t\t<div class=\"icon-box-text last-reset\">\n\t\t\t\t\t\t\t\t\t\n\n<\/p>\n<p>\n\n\t\t<\/div>\n\t<\/div>\n\t\n\t\n<p>Cumplimos con las normas de la UE sobre el IVA (MOSS).<\/p>\n\n\t\t<\/div>\n\t<\/div>\n\t\n\t<div id=\"accordion-559073123\" class=\"accordion-item\">\n\t\t<a id=\"accordion-559073123-label\" class=\"accordion-title plain\" href=\"#accordion-item-\u00bfqu\u00e9-es-la-versi\u00f3n-diy?\" aria-expanded=\"false\" aria-controls=\"accordion-559073123-content\" >\n\t\t\t<button class=\"toggle\" aria-label=\"Toggle\"><i class=\"icon-angle-down\"><\/i><\/button>\n\t\t\t<span>\u00bfQu\u00e9 es la versi\u00f3n DIY?<\/span>\n\t\t<\/a>\n\t\t<div id=\"accordion-559073123-content\" class=\"accordion-inner\" aria-labelledby=\"accordion-559073123-label\" >\n\t\t\t\n\n<p>La versi\u00f3n DIY de Writer&#8217;s Cards es un archivo PDF que contiene todas las cartas del juego listas para imprimir. Recibir\u00e1s cartas especialmente preparadas.<\/p>\n<p>Para imprimir el archivo PDF, puedes usar Adobe Acrobat Reader DC.\u00a0<\/p>\n<p>\u00a0<\/p>\n\n\t\t<div class=\"icon-box featured-box icon-box-center text-center\"  >\n\t\t\t\t<div class=\"icon-box-text last-reset\">\n\t\t\t\t\t\t\t\t\t\n\n<\/p>\n<p>\n\n\t\t<\/div>\n\t<\/div>\n\t\n\t\n<\/p>\n<p>Para obtener los mejores resultados, recomendamos imprimir las Writer&#8217;s Cards en papel blanco m\u00e1s grueso. Las impresoras de inyecci\u00f3n de tinta y l\u00e1ser funcionan muy bien.<\/p>\n\n\t\t<div class=\"icon-box featured-box icon-box-center text-center\"  >\n\t\t\t\t<div class=\"icon-box-text last-reset\">\n\t\t\t\t\t\t\t\t\t\n\n<\/p>\n<p>\n\n\t\t<\/div>\n\t<\/div>\n\t\n\t\n<p>La preparaci\u00f3n de las cartas es muy sencilla, s\u00f3lo hay que recortarlas en los lugares indicados.<\/p>\n\n\t\t<\/div>\n\t<\/div>\n\t\n\t<div id=\"accordion-4111912613\" class=\"accordion-item\">\n\t\t<a id=\"accordion-4111912613-label\" class=\"accordion-title plain\" href=\"#accordion-item-\u00bfestar\u00e1n-las-writer&#039;s-cards-disponibles-en-otros-idiomas?\" aria-expanded=\"false\" aria-controls=\"accordion-4111912613-content\" >\n\t\t\t<button class=\"toggle\" aria-label=\"Toggle\"><i class=\"icon-angle-down\"><\/i><\/button>\n\t\t\t<span>\u00bfEstar\u00e1n las Writer's Cards disponibles en otros idiomas?<\/span>\n\t\t<\/a>\n\t\t<div id=\"accordion-4111912613-content\" class=\"accordion-inner\" aria-labelledby=\"accordion-4111912613-label\" >\n\t\t\t\n\n<p>Cada mes a\u00f1adimos nuevas plantillas y versiones de idiomas de las Writer&#8217;s Cards.<\/p>\n\n\t\t<div class=\"icon-box featured-box icon-box-center text-center\"  >\n\t\t\t\t<div class=\"icon-box-text last-reset\">\n\t\t\t\t\t\t\t\t\t\n\n<\/p>\n<p>\n\n\t\t<\/div>\n\t<\/div>\n\t\n\t\n<p>Preparamos plantillas y versiones en idiomas personalizadas para pedidos de m\u00e1s de 200 piezas. Las Writer&#8217;s Cards personalizadas son el regalo perfecto para un cumplea\u00f1os o aniversario.<\/p>\n\n\t\t<\/div>\n\t<\/div>\n\t\n\t<div id=\"accordion-11539249\" class=\"accordion-item\">\n\t\t<a id=\"accordion-11539249-label\" class=\"accordion-title plain\" href=\"#accordion-item-\u00bfc\u00f3mo-hago-un-pedido-al-por-mayor?\" aria-expanded=\"false\" aria-controls=\"accordion-11539249-content\" >\n\t\t\t<button class=\"toggle\" aria-label=\"Toggle\"><i class=\"icon-angle-down\"><\/i><\/button>\n\t\t\t<span>\u00bfC\u00f3mo hago un pedido al por mayor?<\/span>\n\t\t<\/a>\n\t\t<div id=\"accordion-11539249-content\" class=\"accordion-inner\" aria-labelledby=\"accordion-11539249-label\" >\n\t\t\t\n\n<p>Para pedir m\u00e1s de 50 Writer&#8217;s Cards, por favor cont\u00e1ctanos en partner@good4book.com<\/p>\n\n\t\t<div class=\"icon-box featured-box icon-box-center text-center\"  >\n\t\t\t\t<div class=\"icon-box-text last-reset\">\n\t\t\t\t\t\t\t\t\t\n\n<\/p>\n<p>\n\n\t\t<\/div>\n\t<\/div>\n\t\n\t\n<p>Presentaremos el m\u00e9todo de entrega, el costo y la posibilidad de cooperaci\u00f3n.<\/p>\n\n\t\t<\/div>\n\t<\/div>\n\t\n\t<div id=\"accordion-1798899023\" class=\"accordion-item\">\n\t\t<a id=\"accordion-1798899023-label\" class=\"accordion-title plain\" href=\"#accordion-item-\u00bfc\u00f3mo-solicito-la-devoluci\u00f3n?\" aria-expanded=\"false\" aria-controls=\"accordion-1798899023-content\" >\n\t\t\t<button class=\"toggle\" aria-label=\"Toggle\"><i class=\"icon-angle-down\"><\/i><\/button>\n\t\t\t<span>\u00bfC\u00f3mo solicito la devoluci\u00f3n?<\/span>\n\t\t<\/a>\n\t\t<div id=\"accordion-1798899023-content\" class=\"accordion-inner\" aria-labelledby=\"accordion-1798899023-label\" >\n\t\t\t\n\n<p>Te ofrecemos la <a href=\"http:\/\/good4book.com\/es\/garantia-de-satisfaccion\/\">garant\u00eda de satisfacci\u00f3n<\/a> de nuestros productos. Si no est\u00e1s satisfecho con tu producto o si tienes un problema que no podemos resolver y que hace que el producto sea in\u00fatil, puedes solicitar un reembolso dentro de los 14 d\u00edas siguientes a la compra. El contenido digital despu\u00e9s de la descarga no es reembolsable. Los detalles de la devoluci\u00f3n se pueden encontrar <a href=\"http:\/\/good4book.com\/es\/garantia-de-satisfaccion\/\">AQU\u00cd<\/a>.<\/p>\n\n\t\t<div class=\"icon-box featured-box icon-box-center text-center\"  >\n\t\t\t\t<div class=\"icon-box-text last-reset\">\n\t\t\t\t\t\t\t\t\t\n\n<\/p>\n<p>\n\n\t\t<\/div>\n\t<\/div>\n\t\n\t\n\n\t\t<\/div>\n\t<\/div>\n\t\n\n<\/div>\n\n\t\t<\/div>\n\t\t\t\t\t<\/div>\n\n\t\n\n\t<div id=\"col-908824305\" class=\"col medium-6 large-6\"  >\n\t\t\t\t<div class=\"col-inner\"  >\n\t\t\t\n\t\t\t\n\n<div class=\"container section-title-container\" ><h3 class=\"section-title section-title-normal\"><b><\/b><span class=\"section-title-main\" >CONTACTA CON NOSOTROS<\/span><b><\/b><\/h3><\/div>\n\n<h2 style=\"text-align: center;\">info@good4book.com<\/h2>\n\n<div class=\"wpcf7 no-js\" id=\"wpcf7-f2280-o1\" lang=\"es-ES\" dir=\"ltr\" data-wpcf7-id=\"2280\">\n<div class=\"screen-reader-response\"><p role=\"status\" aria-live=\"polite\" aria-atomic=\"true\"><\/p> <ul><\/ul><\/div>\n<form action=\"\/es\/wp-json\/wp\/v2\/pages\/2625#wpcf7-f2280-o1\" method=\"post\" class=\"wpcf7-form init\" aria-label=\"Formulario de contacto\" novalidate=\"novalidate\" data-status=\"init\">\n<fieldset class=\"hidden-fields-container\"><input type=\"hidden\" name=\"_wpcf7\" value=\"2280\" \/><input type=\"hidden\" name=\"_wpcf7_version\" value=\"6.1.4\" \/><input type=\"hidden\" name=\"_wpcf7_locale\" value=\"es_ES\" \/><input type=\"hidden\" name=\"_wpcf7_unit_tag\" value=\"wpcf7-f2280-o1\" \/><input type=\"hidden\" name=\"_wpcf7_container_post\" value=\"0\" \/><input type=\"hidden\" name=\"_wpcf7_posted_data_hash\" value=\"\" \/>\n<\/fieldset>\n<div class=\"form-flat\">\n\t<p><span class=\"wpcf7-form-control-wrap\" data-name=\"your-name\"><input size=\"40\" maxlength=\"400\" class=\"wpcf7-form-control wpcf7-text wpcf7-validates-as-required\" aria-required=\"true\" aria-invalid=\"false\" placeholder=\"Tu nombre\" value=\"\" type=\"text\" name=\"your-name\" \/><\/span>\n\t<\/p>\n\t<p><span class=\"wpcf7-form-control-wrap\" data-name=\"your-email\"><input size=\"40\" maxlength=\"400\" class=\"wpcf7-form-control wpcf7-email wpcf7-validates-as-required wpcf7-text wpcf7-validates-as-email\" aria-required=\"true\" aria-invalid=\"false\" placeholder=\"Tu correo electr\u00f3nico\" value=\"\" type=\"email\" name=\"your-email\" \/><\/span>\n\t<\/p>\n\t<p><span class=\"wpcf7-form-control-wrap\" data-name=\"your-message\"><textarea cols=\"40\" rows=\"10\" maxlength=\"2000\" class=\"wpcf7-form-control wpcf7-textarea\" aria-invalid=\"false\" placeholder=\"Tu mensaje\" name=\"your-message\"><\/textarea><\/span>\n\t<\/p>\n\t<p><input class=\"wpcf7-form-control wpcf7-submit has-spinner button\" type=\"submit\" value=\"Enviar\" \/>\n\t<\/p>\n<\/div><div class=\"wpcf7-response-output\" aria-hidden=\"true\"><\/div>\n<\/form>\n<\/div>\n\n\n<div class=\"row\"  id=\"row-1561974338\">\n\n\n\t<div id=\"col-594137219\" class=\"col small-12 large-12\"  >\n\t\t\t\t<div class=\"col-inner\"  >\n\t\t\t\n\t\t\t\n\n<h2 class=\"uppercase\" style=\"text-align: center;\">O<\/h2>\n<h3 class=\"thin-font\">Si quiere cooperar con nosotros, por favor cont\u00e1ctenos en:<\/h3>\n\n\t\t<\/div>\n\t\t\t\t\t<\/div>\n\n\t\n\n<\/div>\n<h2 style=\"text-align: center;\"><a href=\"mailto:partner@good4book.com\">partner@good4book.com<\/a><\/h2>\n\n\t\t<\/div>\n\t\t\t\t\t<\/div>\n\n\t\n\n<\/div>\n<div class=\"row\"  id=\"row-792556443\">\n\n\n\t<div id=\"col-1409126626\" class=\"col small-12 large-12\"  >\n\t\t\t\t<div class=\"col-inner\"  >\n\t\t\t\n\t\t\t\n\n<h2 style=\"text-align: center;\">Nos encontrar\u00e1s en los medios sociales <a href=\"https:\/\/instagram.com\/good4book\">#writerscards<\/a> <a href=\"https:\/\/instagram.com\/good4book\">#good4book<\/a><\/h2>\n\n\t\t<\/div>\n\t\t\t\t\t<\/div>\n\n\t\n\n<\/div>\n<div class=\"row\"  id=\"row-175415241\">\n\n\n\t<div id=\"col-1391238616\" class=\"col medium-4 small-12 large-4\"  >\n\t\t\t\t<div class=\"col-inner text-center\"  >\n\t\t\t\n\t\t\t\n\n<a data-animate=\"fadeInLeft\" href=\"http:\/\/good4book.com\/es\/writers-cards\/\" class=\"button success is-bevel box-shadow-2 box-shadow-4-hover\"  style=\"border-radius:2px;\">\n\t\t<span>C\u00d3MO FUNCIONA<\/span>\n\t<i class=\"icon-play\" aria-hidden=\"true\" ><\/i><\/a>\n\n\n\n\t\t<\/div>\n\t\t\t\t\t<\/div>\n\n\t\n\n\t<div id=\"col-1462728636\" class=\"col medium-4 small-12 large-4\"  >\n\t\t\t\t<div class=\"col-inner text-center\"  >\n\t\t\t\n\t\t\t\n\n<a data-animate=\"fadeInUp\" href=\"http:\/\/good4book.com\/es\/como-escribir\/\" class=\"button alert is-bevel box-shadow-2 box-shadow-4-hover\"  style=\"border-radius:2px;\">\n\t\t<span>C\u00d3MO ESCRIBIR<\/span>\n\t<i class=\"icon-checkmark\" aria-hidden=\"true\" ><\/i><\/a>\n\n\n\n\t\t<\/div>\n\t\t\t\t\t<\/div>\n\n\t\n\n\t<div id=\"col-430824638\" class=\"col medium-4 small-12 large-4\"  >\n\t\t\t\t<div class=\"col-inner text-center\"  >\n\t\t\t\n\t\t\t\n\n<a data-animate=\"fadeInRight\" href=\"http:\/\/good4book.com\/es\/tienda-online\/\" class=\"button secondary is-bevel box-shadow-2 box-shadow-4-hover\"  style=\"border-radius:2px;\">\n\t\t<span>TIENDA ONLINE<\/span>\n\t<i class=\"icon-shopping-cart\" aria-hidden=\"true\" ><\/i><\/a>\n\n\n\n\t\t<\/div>\n\t\t\t\t\t<\/div>\n\n\t\n\n<\/div>\n\n","protected":false},"excerpt":{"rendered":"","protected":false},"author":1,"featured_media":0,"parent":0,"menu_order":0,"comment_status":"closed","ping_status":"closed","template":"page-blank.php","meta":{"footnotes":""},"class_list":["post-2625","page","type-page","status-publish","hentry"],"yoast_head":"<!-- This site is optimized with the Yoast SEO plugin v26.7 - https:\/\/yoast.com\/wordpress\/plugins\/seo\/ -->\n<title>Writer&#039;s Cards | Cartas para escritores | Good4Book | C\u00f3mo escribir<\/title>\n<meta name=\"description\" content=\"Writer&#039;s Cards escribe tu historia. Herramienta para los escritores. Aprende a escribir un libro. cartas para los escritores. La trama. Para escribir.\" \/>\n<meta name=\"robots\" content=\"noindex, follow\" \/>\n<meta property=\"og:locale\" content=\"es_ES\" \/>\n<meta property=\"og:type\" content=\"article\" \/>\n<meta property=\"og:title\" content=\"Writer&#039;s Cards | Cartas para escritores | Good4Book | C\u00f3mo escribir\" \/>\n<meta property=\"og:description\" content=\"Writer&#039;s Cards escribe tu historia. Herramienta para los escritores. Aprende a escribir un libro. cartas para los escritores. La trama. Para escribir.\" \/>\n<meta property=\"og:url\" content=\"https:\/\/good4book.com\/es\/contacto\/\" \/>\n<meta property=\"og:site_name\" content=\"Good4book\" \/>\n<meta property=\"article:publisher\" content=\"https:\/\/www.facebook.com\/good4book\/\" \/>\n<meta property=\"article:modified_time\" content=\"2023-10-18T16:10:23+00:00\" \/>\n<meta property=\"og:image\" content=\"https:\/\/good4book.com\/wp-content\/uploads\/2020\/06\/Good4Book-favicon.png\" \/>\n\t<meta property=\"og:image:width\" content=\"200\" \/>\n\t<meta property=\"og:image:height\" content=\"199\" \/>\n\t<meta property=\"og:image:type\" content=\"image\/png\" \/>\n<meta name=\"twitter:card\" content=\"summary_large_image\" \/>\n<meta name=\"twitter:site\" content=\"@GOOD4BOOK\" \/>\n<meta name=\"twitter:label1\" content=\"Tiempo de lectura\" \/>\n\t<meta name=\"twitter:data1\" content=\"3 minutos\" \/>\n<script type=\"application\/ld+json\" class=\"yoast-schema-graph\">{\"@context\":\"https:\/\/schema.org\",\"@graph\":[{\"@type\":\"WebPage\",\"@id\":\"https:\/\/good4book.com\/es\/contacto\/\",\"url\":\"https:\/\/good4book.com\/es\/contacto\/\",\"name\":\"Writer's Cards | Cartas para escritores | Good4Book | C\u00f3mo escribir\",\"isPartOf\":{\"@id\":\"http:\/\/good4book.com\/es\/#website\"},\"datePublished\":\"2013-08-11T19:22:53+00:00\",\"dateModified\":\"2023-10-18T16:10:23+00:00\",\"description\":\"Writer's Cards escribe tu historia. Herramienta para los escritores. Aprende a escribir un libro. cartas para los escritores. La trama. Para escribir.\",\"breadcrumb\":{\"@id\":\"https:\/\/good4book.com\/es\/contacto\/#breadcrumb\"},\"inLanguage\":\"es\",\"potentialAction\":[{\"@type\":\"ReadAction\",\"target\":[\"https:\/\/good4book.com\/es\/contacto\/\"]}]},{\"@type\":\"BreadcrumbList\",\"@id\":\"https:\/\/good4book.com\/es\/contacto\/#breadcrumb\",\"itemListElement\":[{\"@type\":\"ListItem\",\"position\":1,\"name\":\"Home\",\"item\":\"https:\/\/good4book.com\/es\/\"},{\"@type\":\"ListItem\",\"position\":2,\"name\":\"Contacto\"}]},{\"@type\":\"WebSite\",\"@id\":\"http:\/\/good4book.com\/es\/#website\",\"url\":\"http:\/\/good4book.com\/es\/\",\"name\":\"Good4book\",\"description\":\"Best tools for writers\",\"publisher\":{\"@id\":\"http:\/\/good4book.com\/es\/#organization\"},\"potentialAction\":[{\"@type\":\"SearchAction\",\"target\":{\"@type\":\"EntryPoint\",\"urlTemplate\":\"http:\/\/good4book.com\/es\/?s={search_term_string}\"},\"query-input\":{\"@type\":\"PropertyValueSpecification\",\"valueRequired\":true,\"valueName\":\"search_term_string\"}}],\"inLanguage\":\"es\"},{\"@type\":\"Organization\",\"@id\":\"http:\/\/good4book.com\/es\/#organization\",\"name\":\"Good4Book\",\"url\":\"http:\/\/good4book.com\/es\/\",\"logo\":{\"@type\":\"ImageObject\",\"inLanguage\":\"es\",\"@id\":\"http:\/\/good4book.com\/es\/#\/schema\/logo\/image\/\",\"url\":\"http:\/\/good4book.com\/wp-content\/uploads\/2020\/06\/Good4Book-favicon.png\",\"contentUrl\":\"http:\/\/good4book.com\/wp-content\/uploads\/2020\/06\/Good4Book-favicon.png\",\"width\":200,\"height\":199,\"caption\":\"Good4Book\"},\"image\":{\"@id\":\"http:\/\/good4book.com\/es\/#\/schema\/logo\/image\/\"},\"sameAs\":[\"https:\/\/www.facebook.com\/good4book\/\",\"https:\/\/x.com\/GOOD4BOOK\",\"https:\/\/instagram.com\/good4book\",\"https:\/\/www.youtube.com\/channel\/UCI1ZPyXDwg8-0rtqEDCpTqQ\"]}]}<\/script>\n<!-- \/ Yoast SEO plugin. -->","yoast_head_json":{"title":"Writer's Cards | Cartas para escritores | Good4Book | C\u00f3mo escribir","description":"Writer's Cards escribe tu historia. Herramienta para los escritores. Aprende a escribir un libro. cartas para los escritores. La trama. Para escribir.","robots":{"index":"noindex","follow":"follow"},"og_locale":"es_ES","og_type":"article","og_title":"Writer's Cards | Cartas para escritores | Good4Book | C\u00f3mo escribir","og_description":"Writer's Cards escribe tu historia. Herramienta para los escritores. Aprende a escribir un libro. cartas para los escritores. La trama. Para escribir.","og_url":"https:\/\/good4book.com\/es\/contacto\/","og_site_name":"Good4book","article_publisher":"https:\/\/www.facebook.com\/good4book\/","article_modified_time":"2023-10-18T16:10:23+00:00","og_image":[{"width":200,"height":199,"url":"https:\/\/good4book.com\/wp-content\/uploads\/2020\/06\/Good4Book-favicon.png","type":"image\/png"}],"twitter_card":"summary_large_image","twitter_site":"@GOOD4BOOK","twitter_misc":{"Tiempo de lectura":"3 minutos"},"schema":{"@context":"https:\/\/schema.org","@graph":[{"@type":"WebPage","@id":"https:\/\/good4book.com\/es\/contacto\/","url":"https:\/\/good4book.com\/es\/contacto\/","name":"Writer's Cards | Cartas para escritores | Good4Book | C\u00f3mo escribir","isPartOf":{"@id":"http:\/\/good4book.com\/es\/#website"},"datePublished":"2013-08-11T19:22:53+00:00","dateModified":"2023-10-18T16:10:23+00:00","description":"Writer's Cards escribe tu historia. Herramienta para los escritores. Aprende a escribir un libro. cartas para los escritores. La trama. Para escribir.","breadcrumb":{"@id":"https:\/\/good4book.com\/es\/contacto\/#breadcrumb"},"inLanguage":"es","potentialAction":[{"@type":"ReadAction","target":["https:\/\/good4book.com\/es\/contacto\/"]}]},{"@type":"BreadcrumbList","@id":"https:\/\/good4book.com\/es\/contacto\/#breadcrumb","itemListElement":[{"@type":"ListItem","position":1,"name":"Home","item":"https:\/\/good4book.com\/es\/"},{"@type":"ListItem","position":2,"name":"Contacto"}]},{"@type":"WebSite","@id":"http:\/\/good4book.com\/es\/#website","url":"http:\/\/good4book.com\/es\/","name":"Good4book","description":"Best tools for writers","publisher":{"@id":"http:\/\/good4book.com\/es\/#organization"},"potentialAction":[{"@type":"SearchAction","target":{"@type":"EntryPoint","urlTemplate":"http:\/\/good4book.com\/es\/?s={search_term_string}"},"query-input":{"@type":"PropertyValueSpecification","valueRequired":true,"valueName":"search_term_string"}}],"inLanguage":"es"},{"@type":"Organization","@id":"http:\/\/good4book.com\/es\/#organization","name":"Good4Book","url":"http:\/\/good4book.com\/es\/","logo":{"@type":"ImageObject","inLanguage":"es","@id":"http:\/\/good4book.com\/es\/#\/schema\/logo\/image\/","url":"http:\/\/good4book.com\/wp-content\/uploads\/2020\/06\/Good4Book-favicon.png","contentUrl":"http:\/\/good4book.com\/wp-content\/uploads\/2020\/06\/Good4Book-favicon.png","width":200,"height":199,"caption":"Good4Book"},"image":{"@id":"http:\/\/good4book.com\/es\/#\/schema\/logo\/image\/"},"sameAs":["https:\/\/www.facebook.com\/good4book\/","https:\/\/x.com\/GOOD4BOOK","https:\/\/instagram.com\/good4book","https:\/\/www.youtube.com\/channel\/UCI1ZPyXDwg8-0rtqEDCpTqQ"]}]}},"_links":{"self":[{"href":"https:\/\/good4book.com\/es\/wp-json\/wp\/v2\/pages\/2625","targetHints":{"allow":["GET"]}}],"collection":[{"href":"https:\/\/good4book.com\/es\/wp-json\/wp\/v2\/pages"}],"about":[{"href":"https:\/\/good4book.com\/es\/wp-json\/wp\/v2\/types\/page"}],"author":[{"embeddable":true,"href":"https:\/\/good4book.com\/es\/wp-json\/wp\/v2\/users\/1"}],"replies":[{"embeddable":true,"href":"https:\/\/good4book.com\/es\/wp-json\/wp\/v2\/comments?post=2625"}],"version-history":[{"count":5,"href":"https:\/\/good4book.com\/es\/wp-json\/wp\/v2\/pages\/2625\/revisions"}],"predecessor-version":[{"id":5995,"href":"https:\/\/good4book.com\/es\/wp-json\/wp\/v2\/pages\/2625\/revisions\/5995"}],"wp:attachment":[{"href":"https:\/\/good4book.com\/es\/wp-json\/wp\/v2\/media?parent=2625"}],"curies":[{"name":"wp","href":"https:\/\/api.w.org\/{rel}","templated":true}]}}