{"id":1933,"date":"2020-07-15T17:58:36","date_gmt":"2020-07-15T17:58:36","guid":{"rendered":"https:\/\/good4book.com\/politica-de-privacidad\/"},"modified":"2020-07-16T20:03:19","modified_gmt":"2020-07-16T20:03:19","slug":"politica-de-privacidad","status":"publish","type":"page","link":"https:\/\/good4book.com\/es\/politica-de-privacidad\/","title":{"rendered":"Pol\u00edtica de privacidad"},"content":{"rendered":"\n<h2 class=\"wp-block-heading\">I. ADMINISTRADOR DE DATOS<\/h2>\n\n<p>Pro Design Studio Paulina Domaradzka\/GOOD4BOOK con domicilio social en Dzier\u017coni\u00f3w, Cybulskiego 28, 58-200 Dzier\u017coni\u00f3w, Polonia, NIP: 882-212-86-87; Tax ID: PL8822128687, en adelante denominado \u00abel administrador\u00bb, es el administrador de los datos personales.<\/p>\n\n<p>El Administrador, preocupado por la seguridad de los datos personales que le han sido confiados, informa que ha aplicado las medidas t\u00e9cnicas y organizativas derivadas del <a><em>Reglamento (UE) 2016\/679 del Parlamento Europeo y del Consejo, de 27 de abril de 2016, relativo a la protecci\u00f3n de las personas f\u00edsicas en lo que respecta al tratamiento de datos personales y a la libre circulaci\u00f3n de estos datos, y por el que se deroga la Directiva 95\/46\/CE<\/em><\/a> <em>(RGPD)<\/em> y otros actos. El responsable del tratamiento se asegurar\u00e1 de que los datos personales se procesen de forma legal, se recojan para fines espec\u00edficos y no se sigan procesando de forma incompatible con dichos fines.<\/p>\n\n<p>El administrador ha implementado la seudonimizaci\u00f3n y anonimizaci\u00f3n de los datos personales para limitar el acceso a los datos personales. Tratamos de limitar el per\u00edodo de almacenamiento de los datos personales.<\/p>\n\n<p>La informaci\u00f3n relativa a los datos personales se puede encontrar en el pie de p\u00e1gina del sitio web <a href=\"good4book.com\">good4book.com<\/a>.<\/p>\n\n<p>El contacto con el administrador en relaci\u00f3n con la protecci\u00f3n de datos personales es posible en la siguiente direcci\u00f3n de correo electr\u00f3nico: gdpr@good4book.com.<\/p>\n\n<h2 class=\"wp-block-heading\">II. FINES Y BASES LEGALES PARA EL TRATAMIENTO DE LOS DATOS PERSONALES<\/h2>\n\n<p>El administrador de datos procesa los datos personales para diversos fines, siempre en cumplimiento de la ley. Si utilizas los servicios, guardamos tus datos personales durante el tiempo necesario para proporcionarte los servicios que has elegido. Por lo general, conservamos tus datos personales durante todo el tiempo que seas nuestro cliente y durante un cierto per\u00edodo de tiempo despu\u00e9s de la expiraci\u00f3n de tu relaci\u00f3n contractual. Los prop\u00f3sitos para los cuales procesamos tus datos personales se establecen a continuaci\u00f3n:<\/p>\n\n<ol class=\"wp-block-list\" type=\"1\"><li>A los efectos de la <strong>tramitaci\u00f3n de tus consultas<\/strong>, los datos se procesan durante el per\u00edodo de correspondencia, se introducen en la base de datos de clientes y se procesan con el fin de cumplir el contrato, o se eliminan si no hay posibilidad de establecer una cooperaci\u00f3n. Si las conversaciones se finalizan claramente, los datos se eliminan de las bases de datos del sistema de trabajo y de la copia de seguridad en un plazo de 90 d\u00edas. Base jur\u00eddica: Art\u00edculo 6 (1)(b) del RGPD;<\/li><li>Los datos personales proporcionados al <strong>visitar el sitio web<\/strong>, <strong>registrarse en la base de datos del sitio web<\/strong>, <strong>hacer un pedido<\/strong>, de conformidad con los <a href=\"http:\/\/good4book.com\/es\/terminos-y-condiciones\/\">T\u00e9rminos y condiciones<\/a>, en forma de apellido, nombre, direcci\u00f3n de correo electr\u00f3nico, direcci\u00f3n de correspondencia, n\u00famero de tel\u00e9fono, se procesan durante el per\u00edodo resultante del contrato celebrado. Los datos se procesan hasta el final del contrato, luego en el marco de las obligaciones del administrador y sobre la base de intereses legalmente justificados. Esto se refiere a la necesidad de almacenar datos debido a los reglamentos fiscales y los actos contables. Base jur\u00eddica: Art\u00edculo 6 (1)(b), (f), (c) del RGPD;<\/li><li><strong>Despu\u00e9s de la ejecuci\u00f3n de los servicios objeto del contrato<\/strong> por la necesidad de poder defenderse de las reclamaciones o hacer valer los derechos, que se rigen por el C\u00f3digo Civil;<\/li><li><strong>Estudio y an\u00e1lisis de la actividad<\/strong> del sitio web. Datos personales, como: fecha y hora de la visita al sitio, tipo de sistema operativo, ubicaci\u00f3n aproximada, tipo de navegador utilizado para ver el sitio, tiempo de permanencia en el sitio, subp\u00e1ginas visitadas, subp\u00e1gina en la que se rellen\u00f3 el formulario de contacto. El inter\u00e9s del administrador es conocer la actividad de los clientes en el sitio web. Base jur\u00eddica: Art\u00edculo 6 1)(f) del RGPD;<\/li><li><strong>Las cookies<\/strong> son datos inform\u00e1ticos, en particular archivos de texto, que se almacenan en el dispositivo final del usuario del sitio web. Las cookies suelen contener el nombre de dominio del sitio web del que proceden, el tiempo de almacenamiento en el equipo terminal y un n\u00famero \u00fanico. El sitio web puede colocar una cookie en el navegador, si el navegador lo permite. El navegador permite al sitio web acceder s\u00f3lo a las cookies colocadas por el sitio web, no a los archivos colocados por otros sitios web. Utilizamos archivos de cookies para adaptar el contenido del sitio web a las preferencias del usuario y para optimizar el uso del sitio web. Por ejemplo, los archivos de cookies permiten reconocer el dispositivo y mostrar el sitio web seg\u00fan las necesidades individuales (por ejemplo, la selecci\u00f3n del idioma y la moneda). Las cookies permiten mantener la sesi\u00f3n del usuario, para que \u00e9ste no tenga que duplicar las actividades de inicio de sesi\u00f3n. Las cookies se utilizan para detectar el abuso de la autenticaci\u00f3n. Puedes modificar en cualquier momento la configuraci\u00f3n de tu navegador web para bloquear el uso de cookies o cada vez que obtienes informaci\u00f3n sobre su colocaci\u00f3n en tu dispositivo. Muchas cookies son an\u00f3nimas para nosotros, sin informaci\u00f3n adicional, en base a la cual no podemos identificarle. Los navegadores de Internet pueden contener configuraciones predeterminadas para la aceptaci\u00f3n autom\u00e1tica de cookies en el dispositivo. La desactivaci\u00f3n o limitaci\u00f3n del uso de cookies puede dar lugar a dificultades en el uso del sitio web, por ejemplo, la necesidad de iniciar sesi\u00f3n con frecuencia, un per\u00edodo de carga de p\u00e1gina m\u00e1s largo, limitaciones en la funcionalidad. Te dejamos la elecci\u00f3n en esta \u00e1rea a ti. Base jur\u00eddica: Art\u00edculo 6 (1)(b) del RGPD;<\/li><li><strong>Administraci\u00f3n del sitio web<\/strong>. Esto incluye datos como la direcci\u00f3n IP, la fecha y la hora del servidor, la informaci\u00f3n del navegador web, la informaci\u00f3n del sistema operativo. Estos datos se registran autom\u00e1ticamente en los registros del servidor cada vez que se utiliza el sitio web. No es posible administrar el sitio web sin usar el servidor y sin esta copia de seguridad autom\u00e1tica. El inter\u00e9s del administrador es administrar el sitio web. Base jur\u00eddica: Art\u00edculo 6 1)(f) del RGPD;<\/li><li><strong>Servicios en el marco de las principales actividades comerciales<\/strong>, incluida la posibilidad de establecer contacto sobre la oferta y de iniciar conversaciones sobre la conclusi\u00f3n del contrato. Una vez que la correspondencia se cierra, los datos se borran en un plazo de 90 d\u00edas. Base jur\u00eddica: Art\u00edculo 6 (1)(b) del RGPD;<\/li><li><strong>Recepci\u00f3n de informaci\u00f3n comercial y de marketing<\/strong>. Con el consentimiento previo, procesamos los datos hasta la retirada del consentimiento. En cuanto se retire tu consentimiento y hayan transcurrido los 30 d\u00edas necesarios para la eliminaci\u00f3n de tus datos de las bases de datos de nuestro sistema, tus datos ser\u00e1n eliminados. Base jur\u00eddica: Art\u00edculo 6(1)(a) del RGPD<\/li><li><strong>Procesamiento de datos sobre la base de contratos de confianza celebrados con los administradores de datos personales<\/strong>. En situaciones como vales de regalo, Writer\u2019s Cards para regalos y otros servicios proporcionados por GOOD4BOOK. Tan pronto como el servicio es realizado y de acuerdo con el contrato, \u00abGOOD4BOOK\u00bb, como subcontratista, devuelve o borra completamente los datos personales. El per\u00edodo de tratamiento de los datos personales depende de la duraci\u00f3n especificada en el contrato con el administrador. Toda la informaci\u00f3n sobre tus derechos y el hecho de que nos conf\u00edas el procesamiento de datos personales como procesador es proporcionada por el Administrador de Datos Personales. \u00abGOOD4BOOK\u00bb asegura una estrecha colaboraci\u00f3n con el Administrador al proporcionarle informaci\u00f3n sobre el procesamiento de datos.<\/li><\/ol>\n\n<h2 class=\"wp-block-heading\">III. DERECHOS DEL PROPIETARIO DE LOS DATOS PERSONALES<\/h2>\n\n<p>1. Cuando el administrador est\u00e1 procesando datos personales, tienes los siguientes derechos:<\/p>\n\n<ul class=\"wp-block-list\"><li>El acceso a tus datos personales;<\/li><li>La correcci\u00f3n de tus datos personales;<\/li><li>La eliminaci\u00f3n de tus datos personales;<\/li><li>La limitaci\u00f3n del procesamiento de datos personales;<\/li><li>La objeci\u00f3n al tratamiento de tus datos personales;<\/li><li>La transferencia de datos personales.<\/li><\/ul>\n\n<p>Estos derechos no son absolutos; en ciertas situaciones podemos negarnos leg\u00edtimamente a ejercerlos. Si rechazamos una petici\u00f3n, lo haremos s\u00f3lo despu\u00e9s de una cuidadosa consideraci\u00f3n y s\u00f3lo si el rechazo es necesario.<\/p>\n\n<p>3. Tienes el derecho de oponerte en cualquier momento al tratamiento de tus datos personales sobre la base del inter\u00e9s leg\u00edtimo del administrador en la situaci\u00f3n particular. El administrador puede negarse a conceder una objeci\u00f3n si demuestra:<\/p>\n\n<ul class=\"wp-block-list\"><li>que existen motivos leg\u00edtimos para el tratamiento que prevalecen sobre los intereses del interesado, los derechos y las libertades, o<\/li><li>que hay motivos para establecer, examinar o defender las reclamaciones.<\/li><\/ul>\n\n<p>4. Puedes ejercer tus derechos enviando un correo electr\u00f3nico a gdpr@good4book.com.<\/p>\n\n<h2 class=\"wp-block-heading\">IV. OBLIGACI\u00d3N DE PROPORCIONAR DATOS PERSONALES<\/h2>\n\n<p>El suministro de los datos personales solicitados por el administrador del sitio web es voluntario y depende de tu decisi\u00f3n. En muchos casos, si no se facilitan datos personales ser\u00e1 imposible utilizar los servicios ofrecidos o ponerse en contacto con ellos. En los casos en que el Administrador procese tus datos como procesador, la base del procesamiento de los datos y las consecuencias de proporcionar o no los datos son determinadas por tu Administrador.<\/p>\n\n<h2 class=\"wp-block-heading\">V. LA AUTOMATIZACI\u00d3N DE DECISIONES Y LA ELABORACI\u00d3N DE PERFILES<\/h2>\n\n<p>No tomamos decisiones automatizadas, ni siquiera sobre la base de perfiles, sobre qui\u00e9n deja sus datos personales en el sitio web del administrador.<\/p>\n\n<h2 class=\"wp-block-heading\">VI. DESTINATARIOS DE LOS DATOS PERSONALES<\/h2>\n\n<p>1. Utilizamos la ayuda de otras partes, lo que les permite acceder a los datos personales. Esto incluye, por ejemplo, entidades que prestan servicios de tecnolog\u00eda de la informaci\u00f3n, servicios de hospedaje de p\u00e1ginas web, servicios jur\u00eddicos o que cooperan en la ejecuci\u00f3n de contratos y pedidos. El Administrador se preocupa por la seguridad de los datos personales y, a tal fin, celebra un contrato de confianza para el tratamiento de los datos con las entidades mencionadas, en el que se definen estrictamente las condiciones del tratamiento, el alcance del acceso a los datos y las posibles operaciones de tratamiento. El administrador garantiza que, una vez finalizado el contrato, los datos sean eliminados definitivamente por esta entidad y, en los contratos, se reserva el derecho de controlar a esta entidad.<\/p>\n\n<p>2. Puede ocurrir que, por ejemplo, sobre la base de una disposici\u00f3n jur\u00eddica pertinente o de una decisi\u00f3n de una autoridad competente, tengamos que transferir tus datos personales a entidades p\u00fablicas. Se trata de entidades autorizadas por ley a recibir datos personales, y en el reglamento se indican las situaciones en que la entidad puede solicitar esa divulgaci\u00f3n. Es extremadamente dif\u00edcil para nosotros predecir qui\u00e9n puede solicitar datos personales, sin embargo, por nuestra parte, nos aseguramos de que cada caso de una solicitud de datos personales sea analizado cuidadosamente para no proporcionar informaci\u00f3n a una persona no autorizada.<\/p>\n\n<h2 class=\"wp-block-heading\">VII. TRANSFERENCIA DE DATOS PERSONALES A TERCEROS PA\u00cdSES<\/h2>\n\n<p>En su calidad de operador econ\u00f3mico, el responsable del tratamiento, cuando ofrezca una serie de servicios como parte del proceso empresarial, utilizar\u00e1 herramientas inform\u00e1ticas mediante las cuales se podr\u00e1n transferir datos personales, seg\u00fan el servicio, a terceros pa\u00edses en el sentido de la RGPD para ejecutar el contrato. Base jur\u00eddica: Art\u00edculo 49 49(1)(a) y (b) del RGPD. El contrato en cuesti\u00f3n puede ser un contrato entre el propietario de los datos personales y el Administrador, para el cual GOOD4BOOK es s\u00f3lo un subcontratista, o, a t\u00edtulo individual, un contrato entre el propietario de los datos personales y GOOD4BOOK como Administrador.<\/p>\n\n<p>Nuestro sitio web puede contener enlaces hacia o desde los sitios web de nuestras redes, anunciantes y socios. Cuando haces clic en un enlace de este tipo, ten en cuenta que estos sitios web tienen tambi\u00e9n sus propias pol\u00edticas de privacidad y de cookies y que no asumimos ninguna responsabilidad por estos sitios web.<\/p>\n\n<h2 class=\"wp-block-heading\">VIII. DERECHO A PRESENTAR QUEJAS<\/h2>\n\n<p>Tienes derecho a presentar una queja ante el Presidente de la Oficina de Protecci\u00f3n de Datos Personales si, en tu opini\u00f3n, tus datos personales est\u00e1n siendo procesados en violaci\u00f3n de la ley. Esperamos que nos har\u00e1s saber si tienes alguna duda al respecto.<\/p>\n\n<h2 class=\"wp-block-heading\">IX. DISPOSICIONES FINALES<\/h2>\n\n<p>1. En la medida en que no est\u00e9 cubierta por la presente pol\u00edtica de privacidad, se aplicar\u00e1n las disposiciones de los <a href=\"http:\/\/good4book.com\/es\/terminos-y-condiciones\/\">T\u00e9rminos y condiciones<\/a>, el C\u00f3digo Civil y las leyes polacas pertinentes, as\u00ed como la legislaci\u00f3n de la Uni\u00f3n Europea, en particular <em>Reglamento (UE) 2016\/679 del Parlamento Europeo y del Consejo, de 27 de abril de 2016, relativo a la protecci\u00f3n de las personas f\u00edsicas en lo que respecta al tratamiento de datos personales y a la libre circulaci\u00f3n de estos datos, y por el que se deroga la Directiva 95\/46\/CE (RGPD)<\/em>.<\/p>\n\n<p>2. Esta Pol\u00edtica de Privacidad se aplicar\u00e1 a partir del 1 de julio de 2020.<\/p>\n","protected":false},"excerpt":{"rendered":"<p>I. ADMINISTRADOR DE DATOS Pro Design Studio Paulina Domaradzka\/GOOD4BOOK con domicilio social en Dzier\u017coni\u00f3w, Cybulskiego 28, 58-200 Dzier\u017coni\u00f3w, Polonia, NIP: 882-212-86-87; Tax ID: PL8822128687, en adelante denominado \u00abel administrador\u00bb, es el administrador de los datos personales. El Administrador, preocupado por la seguridad de los datos personales que le han sido confiados, informa que ha aplicado[&#8230;]\n","protected":false},"author":1,"featured_media":0,"parent":0,"menu_order":0,"comment_status":"closed","ping_status":"closed","template":"","meta":{"footnotes":""},"class_list":["post-1933","page","type-page","status-publish","hentry"],"yoast_head":"<!-- This site is optimized with the Yoast SEO plugin v26.7 - https:\/\/yoast.com\/wordpress\/plugins\/seo\/ -->\n<title>Writer&#039;s Cards | Cartas para escritores | Good4Book | C\u00f3mo escribir<\/title>\n<meta name=\"description\" content=\"Writer&#039;s Cards escribe tu historia. Herramienta para los escritores. Aprende a escribir un libro. cartas para los escritores. La trama. Para escribir.\" \/>\n<meta name=\"robots\" content=\"noindex, nofollow\" \/>\n<meta property=\"og:locale\" content=\"es_ES\" \/>\n<meta property=\"og:type\" content=\"article\" \/>\n<meta property=\"og:title\" content=\"Writer&#039;s Cards | Cartas para escritores | Good4Book | C\u00f3mo escribir\" \/>\n<meta property=\"og:description\" content=\"Writer&#039;s Cards escribe tu historia. Herramienta para los escritores. Aprende a escribir un libro. cartas para los escritores. La trama. Para escribir.\" \/>\n<meta property=\"og:url\" content=\"https:\/\/good4book.com\/es\/politica-de-privacidad\/\" \/>\n<meta property=\"og:site_name\" content=\"Good4book\" \/>\n<meta property=\"article:publisher\" content=\"https:\/\/www.facebook.com\/good4book\/\" \/>\n<meta property=\"article:modified_time\" content=\"2020-07-16T20:03:19+00:00\" \/>\n<meta property=\"og:image\" content=\"https:\/\/good4book.com\/wp-content\/uploads\/2020\/06\/Good4Book-favicon.png\" \/>\n\t<meta property=\"og:image:width\" content=\"200\" \/>\n\t<meta property=\"og:image:height\" content=\"199\" \/>\n\t<meta property=\"og:image:type\" content=\"image\/png\" \/>\n<meta name=\"twitter:card\" content=\"summary_large_image\" \/>\n<meta name=\"twitter:site\" content=\"@GOOD4BOOK\" \/>\n<meta name=\"twitter:label1\" content=\"Tiempo de lectura\" \/>\n\t<meta name=\"twitter:data1\" content=\"11 minutos\" \/>\n<script type=\"application\/ld+json\" class=\"yoast-schema-graph\">{\"@context\":\"https:\/\/schema.org\",\"@graph\":[{\"@type\":\"WebPage\",\"@id\":\"https:\/\/good4book.com\/es\/politica-de-privacidad\/\",\"url\":\"https:\/\/good4book.com\/es\/politica-de-privacidad\/\",\"name\":\"Writer's Cards | Cartas para escritores | Good4Book | C\u00f3mo escribir\",\"isPartOf\":{\"@id\":\"http:\/\/good4book.com\/es\/#website\"},\"datePublished\":\"2020-07-15T17:58:36+00:00\",\"dateModified\":\"2020-07-16T20:03:19+00:00\",\"description\":\"Writer's Cards escribe tu historia. Herramienta para los escritores. Aprende a escribir un libro. cartas para los escritores. La trama. Para escribir.\",\"breadcrumb\":{\"@id\":\"https:\/\/good4book.com\/es\/politica-de-privacidad\/#breadcrumb\"},\"inLanguage\":\"es\",\"potentialAction\":[{\"@type\":\"ReadAction\",\"target\":[\"https:\/\/good4book.com\/es\/politica-de-privacidad\/\"]}]},{\"@type\":\"BreadcrumbList\",\"@id\":\"https:\/\/good4book.com\/es\/politica-de-privacidad\/#breadcrumb\",\"itemListElement\":[{\"@type\":\"ListItem\",\"position\":1,\"name\":\"Home\",\"item\":\"https:\/\/good4book.com\/es\/\"},{\"@type\":\"ListItem\",\"position\":2,\"name\":\"Pol\u00edtica de privacidad\"}]},{\"@type\":\"WebSite\",\"@id\":\"http:\/\/good4book.com\/es\/#website\",\"url\":\"http:\/\/good4book.com\/es\/\",\"name\":\"Good4book\",\"description\":\"Best tools for writers\",\"publisher\":{\"@id\":\"http:\/\/good4book.com\/es\/#organization\"},\"potentialAction\":[{\"@type\":\"SearchAction\",\"target\":{\"@type\":\"EntryPoint\",\"urlTemplate\":\"http:\/\/good4book.com\/es\/?s={search_term_string}\"},\"query-input\":{\"@type\":\"PropertyValueSpecification\",\"valueRequired\":true,\"valueName\":\"search_term_string\"}}],\"inLanguage\":\"es\"},{\"@type\":\"Organization\",\"@id\":\"http:\/\/good4book.com\/es\/#organization\",\"name\":\"Good4Book\",\"url\":\"http:\/\/good4book.com\/es\/\",\"logo\":{\"@type\":\"ImageObject\",\"inLanguage\":\"es\",\"@id\":\"http:\/\/good4book.com\/es\/#\/schema\/logo\/image\/\",\"url\":\"http:\/\/good4book.com\/wp-content\/uploads\/2020\/06\/Good4Book-favicon.png\",\"contentUrl\":\"http:\/\/good4book.com\/wp-content\/uploads\/2020\/06\/Good4Book-favicon.png\",\"width\":200,\"height\":199,\"caption\":\"Good4Book\"},\"image\":{\"@id\":\"http:\/\/good4book.com\/es\/#\/schema\/logo\/image\/\"},\"sameAs\":[\"https:\/\/www.facebook.com\/good4book\/\",\"https:\/\/x.com\/GOOD4BOOK\",\"https:\/\/instagram.com\/good4book\",\"https:\/\/www.youtube.com\/channel\/UCI1ZPyXDwg8-0rtqEDCpTqQ\"]}]}<\/script>\n<!-- \/ Yoast SEO plugin. -->","yoast_head_json":{"title":"Writer's Cards | Cartas para escritores | Good4Book | C\u00f3mo escribir","description":"Writer's Cards escribe tu historia. Herramienta para los escritores. Aprende a escribir un libro. cartas para los escritores. La trama. Para escribir.","robots":{"index":"noindex","follow":"nofollow"},"og_locale":"es_ES","og_type":"article","og_title":"Writer's Cards | Cartas para escritores | Good4Book | C\u00f3mo escribir","og_description":"Writer's Cards escribe tu historia. Herramienta para los escritores. Aprende a escribir un libro. cartas para los escritores. La trama. Para escribir.","og_url":"https:\/\/good4book.com\/es\/politica-de-privacidad\/","og_site_name":"Good4book","article_publisher":"https:\/\/www.facebook.com\/good4book\/","article_modified_time":"2020-07-16T20:03:19+00:00","og_image":[{"width":200,"height":199,"url":"https:\/\/good4book.com\/wp-content\/uploads\/2020\/06\/Good4Book-favicon.png","type":"image\/png"}],"twitter_card":"summary_large_image","twitter_site":"@GOOD4BOOK","twitter_misc":{"Tiempo de lectura":"11 minutos"},"schema":{"@context":"https:\/\/schema.org","@graph":[{"@type":"WebPage","@id":"https:\/\/good4book.com\/es\/politica-de-privacidad\/","url":"https:\/\/good4book.com\/es\/politica-de-privacidad\/","name":"Writer's Cards | Cartas para escritores | Good4Book | C\u00f3mo escribir","isPartOf":{"@id":"http:\/\/good4book.com\/es\/#website"},"datePublished":"2020-07-15T17:58:36+00:00","dateModified":"2020-07-16T20:03:19+00:00","description":"Writer's Cards escribe tu historia. Herramienta para los escritores. Aprende a escribir un libro. cartas para los escritores. La trama. Para escribir.","breadcrumb":{"@id":"https:\/\/good4book.com\/es\/politica-de-privacidad\/#breadcrumb"},"inLanguage":"es","potentialAction":[{"@type":"ReadAction","target":["https:\/\/good4book.com\/es\/politica-de-privacidad\/"]}]},{"@type":"BreadcrumbList","@id":"https:\/\/good4book.com\/es\/politica-de-privacidad\/#breadcrumb","itemListElement":[{"@type":"ListItem","position":1,"name":"Home","item":"https:\/\/good4book.com\/es\/"},{"@type":"ListItem","position":2,"name":"Pol\u00edtica de privacidad"}]},{"@type":"WebSite","@id":"http:\/\/good4book.com\/es\/#website","url":"http:\/\/good4book.com\/es\/","name":"Good4book","description":"Best tools for writers","publisher":{"@id":"http:\/\/good4book.com\/es\/#organization"},"potentialAction":[{"@type":"SearchAction","target":{"@type":"EntryPoint","urlTemplate":"http:\/\/good4book.com\/es\/?s={search_term_string}"},"query-input":{"@type":"PropertyValueSpecification","valueRequired":true,"valueName":"search_term_string"}}],"inLanguage":"es"},{"@type":"Organization","@id":"http:\/\/good4book.com\/es\/#organization","name":"Good4Book","url":"http:\/\/good4book.com\/es\/","logo":{"@type":"ImageObject","inLanguage":"es","@id":"http:\/\/good4book.com\/es\/#\/schema\/logo\/image\/","url":"http:\/\/good4book.com\/wp-content\/uploads\/2020\/06\/Good4Book-favicon.png","contentUrl":"http:\/\/good4book.com\/wp-content\/uploads\/2020\/06\/Good4Book-favicon.png","width":200,"height":199,"caption":"Good4Book"},"image":{"@id":"http:\/\/good4book.com\/es\/#\/schema\/logo\/image\/"},"sameAs":["https:\/\/www.facebook.com\/good4book\/","https:\/\/x.com\/GOOD4BOOK","https:\/\/instagram.com\/good4book","https:\/\/www.youtube.com\/channel\/UCI1ZPyXDwg8-0rtqEDCpTqQ"]}]}},"_links":{"self":[{"href":"https:\/\/good4book.com\/es\/wp-json\/wp\/v2\/pages\/1933","targetHints":{"allow":["GET"]}}],"collection":[{"href":"https:\/\/good4book.com\/es\/wp-json\/wp\/v2\/pages"}],"about":[{"href":"https:\/\/good4book.com\/es\/wp-json\/wp\/v2\/types\/page"}],"author":[{"embeddable":true,"href":"https:\/\/good4book.com\/es\/wp-json\/wp\/v2\/users\/1"}],"replies":[{"embeddable":true,"href":"https:\/\/good4book.com\/es\/wp-json\/wp\/v2\/comments?post=1933"}],"version-history":[{"count":0,"href":"https:\/\/good4book.com\/es\/wp-json\/wp\/v2\/pages\/1933\/revisions"}],"wp:attachment":[{"href":"https:\/\/good4book.com\/es\/wp-json\/wp\/v2\/media?parent=1933"}],"curies":[{"name":"wp","href":"https:\/\/api.w.org\/{rel}","templated":true}]}}